{"id":117,"date":"2024-02-19T23:07:24","date_gmt":"2024-02-19T22:07:24","guid":{"rendered":"https:\/\/basketcup.org\/?page_id=117"},"modified":"2024-02-22T09:21:29","modified_gmt":"2024-02-22T08:21:29","slug":"novosti","status":"publish","type":"page","link":"https:\/\/basketcup.org\/?page_id=117","title":{"rendered":"Novosti"},"content":{"rendered":"\t\t<div data-elementor-type=\"wp-page\" data-elementor-id=\"117\" class=\"elementor elementor-117\" data-elementor-post-type=\"page\">\n\t\t\t\t\t\t<section class=\"elementor-section elementor-top-section elementor-element elementor-element-1ecf524a elementor-section-boxed elementor-section-height-default elementor-section-height-default\" data-id=\"1ecf524a\" data-element_type=\"section\" data-settings=\"{&quot;background_background&quot;:&quot;gradient&quot;}\">\n\t\t\t\t\t\t\t<div class=\"elementor-background-overlay\"><\/div>\n\t\t\t\t\t\t\t<div class=\"elementor-container elementor-column-gap-default\">\n\t\t\t\t\t<div class=\"elementor-column elementor-col-100 elementor-top-column elementor-element elementor-element-36d4a81d\" data-id=\"36d4a81d\" data-element_type=\"column\">\n\t\t\t<div class=\"elementor-widget-wrap elementor-element-populated\">\n\t\t\t\t\t\t<section class=\"elementor-section elementor-inner-section elementor-element elementor-element-32ecca7f elementor-section-boxed elementor-section-height-default elementor-section-height-default\" data-id=\"32ecca7f\" data-element_type=\"section\">\n\t\t\t\t\t\t<div class=\"elementor-container elementor-column-gap-default\">\n\t\t\t\t\t<div class=\"elementor-column elementor-col-100 elementor-inner-column elementor-element elementor-element-4864f511\" data-id=\"4864f511\" data-element_type=\"column\">\n\t\t\t<div class=\"elementor-widget-wrap elementor-element-populated\">\n\t\t\t\t\t\t<div class=\"elementor-element elementor-element-4e0f079d elementor-invisible elementor-widget elementor-widget-heading\" data-id=\"4e0f079d\" data-element_type=\"widget\" data-settings=\"{&quot;_animation&quot;:&quot;fadeInUp&quot;}\" data-widget_type=\"heading.default\">\n\t\t\t\t<div class=\"elementor-widget-container\">\n\t\t\t<style>\/*! elementor - v3.19.0 - 07-02-2024 *\/\n.elementor-heading-title{padding:0;margin:0;line-height:1}.elementor-widget-heading .elementor-heading-title[class*=elementor-size-]>a{color:inherit;font-size:inherit;line-height:inherit}.elementor-widget-heading .elementor-heading-title.elementor-size-small{font-size:15px}.elementor-widget-heading .elementor-heading-title.elementor-size-medium{font-size:19px}.elementor-widget-heading .elementor-heading-title.elementor-size-large{font-size:29px}.elementor-widget-heading .elementor-heading-title.elementor-size-xl{font-size:39px}.elementor-widget-heading .elementor-heading-title.elementor-size-xxl{font-size:59px}<\/style><h1 class=\"elementor-heading-title elementor-size-default\">Novosti<\/h1>\t\t<\/div>\n\t\t\t\t<\/div>\n\t\t\t\t\t<\/div>\n\t\t<\/div>\n\t\t\t\t\t<\/div>\n\t\t<\/section>\n\t\t\t\t\t<\/div>\n\t\t<\/div>\n\t\t\t\t\t<\/div>\n\t\t<\/section>\n\t\t<div class=\"elementor-element elementor-element-e421e84 e-flex e-con-boxed e-con e-parent\" data-id=\"e421e84\" data-element_type=\"container\" data-settings=\"{&quot;content_width&quot;:&quot;boxed&quot;}\" data-core-v316-plus=\"true\">\n\t\t\t\t\t<div class=\"e-con-inner\">\n\t\t\t\t<div class=\"elementor-element elementor-element-e3fe18a elementor-grid-3 elementor-grid-tablet-2 elementor-grid-mobile-1 elementor-posts--thumbnail-top elementor-posts--show-avatar elementor-card-shadow-yes elementor-posts__hover-gradient elementor-widget elementor-widget-posts\" data-id=\"e3fe18a\" data-element_type=\"widget\" data-settings=\"{&quot;cards_columns&quot;:&quot;3&quot;,&quot;cards_columns_tablet&quot;:&quot;2&quot;,&quot;cards_columns_mobile&quot;:&quot;1&quot;,&quot;cards_row_gap&quot;:{&quot;unit&quot;:&quot;px&quot;,&quot;size&quot;:35,&quot;sizes&quot;:[]},&quot;cards_row_gap_tablet&quot;:{&quot;unit&quot;:&quot;px&quot;,&quot;size&quot;:&quot;&quot;,&quot;sizes&quot;:[]},&quot;cards_row_gap_mobile&quot;:{&quot;unit&quot;:&quot;px&quot;,&quot;size&quot;:&quot;&quot;,&quot;sizes&quot;:[]}}\" data-widget_type=\"posts.cards\">\n\t\t\t\t<div class=\"elementor-widget-container\">\n\t\t\t<link rel=\"stylesheet\" href=\"https:\/\/basketcup.org\/wp-content\/plugins\/elementor-pro\/assets\/css\/widget-posts.min.css\">\t\t<div class=\"elementor-posts-container elementor-posts elementor-posts--skin-cards elementor-grid\">\n\t\t\t\t<article class=\"elementor-post elementor-grid-item post-2875 post type-post status-publish format-standard has-post-thumbnail hentry category-ucesnici\">\n\t\t\t<div class=\"elementor-post__card\">\n\t\t\t\t<a class=\"elementor-post__thumbnail__link\" href=\"https:\/\/basketcup.org\/?p=2875\" tabindex=\"-1\" ><div class=\"elementor-post__thumbnail\"><img fetchpriority=\"high\" decoding=\"async\" width=\"300\" height=\"200\" src=\"https:\/\/basketcup.org\/wp-content\/uploads\/2024\/02\/basket_kup2022-300x200.png\" class=\"attachment-medium size-medium wp-image-216\" alt=\"\" srcset=\"https:\/\/basketcup.org\/wp-content\/uploads\/2024\/02\/basket_kup2022-300x200.png 300w, https:\/\/basketcup.org\/wp-content\/uploads\/2024\/02\/basket_kup2022-1024x683.png 1024w, https:\/\/basketcup.org\/wp-content\/uploads\/2024\/02\/basket_kup2022-768x512.png 768w, https:\/\/basketcup.org\/wp-content\/uploads\/2024\/02\/basket_kup2022.png 1280w\" sizes=\"(max-width: 300px) 100vw, 300px\" \/><\/div><\/a>\n\t\t\t\t<div class=\"elementor-post__badge\">U\u010cESNICI<\/div>\n\t\t\t\t<div class=\"elementor-post__avatar\">\n\t\t\t<img alt='dise' src='https:\/\/secure.gravatar.com\/avatar\/976bbb94ae8d6bf09ea5425316bd9f7d5f4681c725c6cbba8c913f7f1d743a4e?s=128&#038;d=mm&#038;r=g' srcset='https:\/\/secure.gravatar.com\/avatar\/976bbb94ae8d6bf09ea5425316bd9f7d5f4681c725c6cbba8c913f7f1d743a4e?s=256&#038;d=mm&#038;r=g 2x' class='avatar avatar-128 photo' height='128' width='128' \/>\t\t<\/div>\n\t\t\t\t<div class=\"elementor-post__text\">\n\t\t\t\t<h3 class=\"elementor-post__title\">\n\t\t\t<a href=\"https:\/\/basketcup.org\/?p=2875\" >\n\t\t\t\tPo\u010dele prijave za 13. Basket Cup u Sarajevu!\t\t\t<\/a>\n\t\t<\/h3>\n\t\t\t\t<div class=\"elementor-post__excerpt\">\n\t\t\t<p>Ljubitelji ko\u0161arke, pripremite se! Prijave za 13. izdanje Basket Cupa, jednog od najpresti\u017enijih regionalnih turnira, slu\u017ebeno su otvorene. Ove godine turnir \u0107e se odr\u017eati u<\/p>\n\t\t<\/div>\n\t\t\n\t\t<a class=\"elementor-post__read-more\" href=\"https:\/\/basketcup.org\/?p=2875\" aria-label=\"Read more about Po\u010dele prijave za 13. Basket Cup u Sarajevu!\" tabindex=\"-1\" >\n\t\t\tRead More \u00bb\t\t<\/a>\n\n\t\t\t\t<\/div>\n\t\t\t\t<div class=\"elementor-post__meta-data\">\n\t\t\t\t\t<span class=\"elementor-post-date\">\n\t\t\tJanuary 6, 2025\t\t<\/span>\n\t\t\t\t<span class=\"elementor-post-avatar\">\n\t\t\tNo Comments\t\t<\/span>\n\t\t\t\t<\/div>\n\t\t\t\t\t<\/div>\n\t\t<\/article>\n\t\t\t\t<article class=\"elementor-post elementor-grid-item post-313 post type-post status-publish format-standard has-post-thumbnail hentry category-ucesnici\">\n\t\t\t<div class=\"elementor-post__card\">\n\t\t\t\t<a class=\"elementor-post__thumbnail__link\" href=\"https:\/\/basketcup.org\/?p=313\" tabindex=\"-1\" ><div class=\"elementor-post__thumbnail\"><img fetchpriority=\"high\" decoding=\"async\" width=\"300\" height=\"200\" src=\"https:\/\/basketcup.org\/wp-content\/uploads\/2024\/02\/basket_kup2022-300x200.png\" class=\"attachment-medium size-medium wp-image-216\" alt=\"\" srcset=\"https:\/\/basketcup.org\/wp-content\/uploads\/2024\/02\/basket_kup2022-300x200.png 300w, https:\/\/basketcup.org\/wp-content\/uploads\/2024\/02\/basket_kup2022-1024x683.png 1024w, https:\/\/basketcup.org\/wp-content\/uploads\/2024\/02\/basket_kup2022-768x512.png 768w, https:\/\/basketcup.org\/wp-content\/uploads\/2024\/02\/basket_kup2022.png 1280w\" sizes=\"(max-width: 300px) 100vw, 300px\" \/><\/div><\/a>\n\t\t\t\t<div class=\"elementor-post__badge\">U\u010cESNICI<\/div>\n\t\t\t\t<div class=\"elementor-post__avatar\">\n\t\t\t<img alt='dise' src='https:\/\/secure.gravatar.com\/avatar\/976bbb94ae8d6bf09ea5425316bd9f7d5f4681c725c6cbba8c913f7f1d743a4e?s=128&#038;d=mm&#038;r=g' srcset='https:\/\/secure.gravatar.com\/avatar\/976bbb94ae8d6bf09ea5425316bd9f7d5f4681c725c6cbba8c913f7f1d743a4e?s=256&#038;d=mm&#038;r=g 2x' class='avatar avatar-128 photo' height='128' width='128' \/>\t\t<\/div>\n\t\t\t\t<div class=\"elementor-post__text\">\n\t\t\t\t<h3 class=\"elementor-post__title\">\n\t\t\t<a href=\"https:\/\/basketcup.org\/?p=313\" >\n\t\t\t\tOstalo Jo\u0161 Malo Vremena: Prijavite Se za 12. Basket Cup U Sarajevu!\t\t\t<\/a>\n\t\t<\/h3>\n\t\t\t\t<div class=\"elementor-post__excerpt\">\n\t\t\t<p>Pozivamo sve mlade ko\u0161arka\u0161e i njihove ekipe da se prijave za sudjelovanje na 12. Me\u0111unarodnom Basket Cupu za mla\u0111e kategorije koji \u0107e se odr\u017eati u<\/p>\n\t\t<\/div>\n\t\t\n\t\t<a class=\"elementor-post__read-more\" href=\"https:\/\/basketcup.org\/?p=313\" aria-label=\"Read more about Ostalo Jo\u0161 Malo Vremena: Prijavite Se za 12. Basket Cup U Sarajevu!\" tabindex=\"-1\" >\n\t\t\tRead More \u00bb\t\t<\/a>\n\n\t\t\t\t<\/div>\n\t\t\t\t<div class=\"elementor-post__meta-data\">\n\t\t\t\t\t<span class=\"elementor-post-date\">\n\t\t\tFebruary 20, 2024\t\t<\/span>\n\t\t\t\t<span class=\"elementor-post-avatar\">\n\t\t\tNo Comments\t\t<\/span>\n\t\t\t\t<\/div>\n\t\t\t\t\t<\/div>\n\t\t<\/article>\n\t\t\t\t<article class=\"elementor-post elementor-grid-item post-171 post type-post status-publish format-standard has-post-thumbnail hentry category-ucesnici\">\n\t\t\t<div class=\"elementor-post__card\">\n\t\t\t\t<a class=\"elementor-post__thumbnail__link\" href=\"https:\/\/basketcup.org\/?p=171\" tabindex=\"-1\" ><div class=\"elementor-post__thumbnail\"><img decoding=\"async\" width=\"300\" height=\"300\" src=\"https:\/\/basketcup.org\/wp-content\/uploads\/2024\/02\/logo-footer-300x300.png\" class=\"attachment-medium size-medium wp-image-172\" alt=\"\" srcset=\"https:\/\/basketcup.org\/wp-content\/uploads\/2024\/02\/logo-footer-300x300.png 300w, https:\/\/basketcup.org\/wp-content\/uploads\/2024\/02\/logo-footer-150x150.png 150w, https:\/\/basketcup.org\/wp-content\/uploads\/2024\/02\/logo-footer-768x768.png 768w, https:\/\/basketcup.org\/wp-content\/uploads\/2024\/02\/logo-footer.png 950w\" sizes=\"(max-width: 300px) 100vw, 300px\" \/><\/div><\/a>\n\t\t\t\t<div class=\"elementor-post__badge\">U\u010cESNICI<\/div>\n\t\t\t\t<div class=\"elementor-post__avatar\">\n\t\t\t<img alt='dise' src='https:\/\/secure.gravatar.com\/avatar\/976bbb94ae8d6bf09ea5425316bd9f7d5f4681c725c6cbba8c913f7f1d743a4e?s=128&#038;d=mm&#038;r=g' srcset='https:\/\/secure.gravatar.com\/avatar\/976bbb94ae8d6bf09ea5425316bd9f7d5f4681c725c6cbba8c913f7f1d743a4e?s=256&#038;d=mm&#038;r=g 2x' class='avatar avatar-128 photo' height='128' width='128' \/>\t\t<\/div>\n\t\t\t\t<div class=\"elementor-post__text\">\n\t\t\t\t<h3 class=\"elementor-post__title\">\n\t\t\t<a href=\"https:\/\/basketcup.org\/?p=171\" >\n\t\t\t\tKO\u0160ARKARSKI KLUB BISTRICA KETY EMMI na Basket Cupu 2024\t\t\t<\/a>\n\t\t<\/h3>\n\t\t\t\t<div class=\"elementor-post__excerpt\">\n\t\t\t<p>! Ponosno objavljujemo da \u0107e Ko\u0161arkarski klub Bistrica Kety Emmi biti me\u0111u u\u010desnicima ovogodi\u0161njeg Basket Cupa! Talentirani igra\u010di KK Bistrice spremni su da se suo\u010de<\/p>\n\t\t<\/div>\n\t\t\n\t\t<a class=\"elementor-post__read-more\" href=\"https:\/\/basketcup.org\/?p=171\" aria-label=\"Read more about KO\u0160ARKARSKI KLUB BISTRICA KETY EMMI na Basket Cupu 2024\" tabindex=\"-1\" >\n\t\t\tRead More \u00bb\t\t<\/a>\n\n\t\t\t\t<\/div>\n\t\t\t\t<div class=\"elementor-post__meta-data\">\n\t\t\t\t\t<span class=\"elementor-post-date\">\n\t\t\tFebruary 19, 2024\t\t<\/span>\n\t\t\t\t<span class=\"elementor-post-avatar\">\n\t\t\tNo Comments\t\t<\/span>\n\t\t\t\t<\/div>\n\t\t\t\t\t<\/div>\n\t\t<\/article>\n\t\t\t\t<article class=\"elementor-post elementor-grid-item post-164 post type-post status-publish format-standard has-post-thumbnail hentry category-uncategorized\">\n\t\t\t<div class=\"elementor-post__card\">\n\t\t\t\t<a class=\"elementor-post__thumbnail__link\" href=\"https:\/\/basketcup.org\/?p=164\" tabindex=\"-1\" ><div class=\"elementor-post__thumbnail\"><img decoding=\"async\" width=\"300\" height=\"200\" src=\"https:\/\/basketcup.org\/wp-content\/uploads\/2024\/02\/427878453_905941381537125_7070214963512281219_n-300x200.jpg\" class=\"attachment-medium size-medium wp-image-165\" alt=\"\" srcset=\"https:\/\/basketcup.org\/wp-content\/uploads\/2024\/02\/427878453_905941381537125_7070214963512281219_n-300x200.jpg 300w, https:\/\/basketcup.org\/wp-content\/uploads\/2024\/02\/427878453_905941381537125_7070214963512281219_n.jpg 592w\" sizes=\"(max-width: 300px) 100vw, 300px\" \/><\/div><\/a>\n\t\t\t\t<div class=\"elementor-post__badge\">Uncategorized<\/div>\n\t\t\t\t<div class=\"elementor-post__avatar\">\n\t\t\t<img alt='dise' src='https:\/\/secure.gravatar.com\/avatar\/976bbb94ae8d6bf09ea5425316bd9f7d5f4681c725c6cbba8c913f7f1d743a4e?s=128&#038;d=mm&#038;r=g' srcset='https:\/\/secure.gravatar.com\/avatar\/976bbb94ae8d6bf09ea5425316bd9f7d5f4681c725c6cbba8c913f7f1d743a4e?s=256&#038;d=mm&#038;r=g 2x' class='avatar avatar-128 photo' height='128' width='128' \/>\t\t<\/div>\n\t\t\t\t<div class=\"elementor-post__text\">\n\t\t\t\t<h3 class=\"elementor-post__title\">\n\t\t\t<a href=\"https:\/\/basketcup.org\/?p=164\" >\n\t\t\t\tBine Prepeli\u010d: Put od Basket Cup-a do profesionalne ko\u0161arka\u0161ke karijere!\t\t\t<\/a>\n\t\t<\/h3>\n\t\t\t\t<div class=\"elementor-post__excerpt\">\n\t\t\t<p>Bine Prepeli\u010d &#8211; ime koje je zauvijek ostavilo trag na terenu! Sje\u0107amo se njegovih nevjerojatnih nastupa na turniru Basket Cup u Sarajevu, gdje je pokazao<\/p>\n\t\t<\/div>\n\t\t\n\t\t<a class=\"elementor-post__read-more\" href=\"https:\/\/basketcup.org\/?p=164\" aria-label=\"Read more about Bine Prepeli\u010d: Put od Basket Cup-a do profesionalne ko\u0161arka\u0161ke karijere!\" tabindex=\"-1\" >\n\t\t\tRead More \u00bb\t\t<\/a>\n\n\t\t\t\t<\/div>\n\t\t\t\t<div class=\"elementor-post__meta-data\">\n\t\t\t\t\t<span class=\"elementor-post-date\">\n\t\t\tFebruary 19, 2024\t\t<\/span>\n\t\t\t\t<span class=\"elementor-post-avatar\">\n\t\t\tNo Comments\t\t<\/span>\n\t\t\t\t<\/div>\n\t\t\t\t\t<\/div>\n\t\t<\/article>\n\t\t\t\t<article class=\"elementor-post elementor-grid-item post-385 post type-post status-publish format-standard has-post-thumbnail hentry category-ucesnici\">\n\t\t\t<div class=\"elementor-post__card\">\n\t\t\t\t<a class=\"elementor-post__thumbnail__link\" href=\"https:\/\/basketcup.org\/?p=385\" tabindex=\"-1\" ><div class=\"elementor-post__thumbnail\"><img loading=\"lazy\" decoding=\"async\" width=\"300\" height=\"300\" src=\"https:\/\/basketcup.org\/wp-content\/uploads\/2024\/02\/162521705_195491759047424_2196591679113140107_n-300x300.jpg\" class=\"attachment-medium size-medium wp-image-386\" alt=\"\" srcset=\"https:\/\/basketcup.org\/wp-content\/uploads\/2024\/02\/162521705_195491759047424_2196591679113140107_n-300x300.jpg 300w, https:\/\/basketcup.org\/wp-content\/uploads\/2024\/02\/162521705_195491759047424_2196591679113140107_n-150x150.jpg 150w, https:\/\/basketcup.org\/wp-content\/uploads\/2024\/02\/162521705_195491759047424_2196591679113140107_n-310x309.jpg 310w, https:\/\/basketcup.org\/wp-content\/uploads\/2024\/02\/162521705_195491759047424_2196591679113140107_n-128x128.jpg 128w, https:\/\/basketcup.org\/wp-content\/uploads\/2024\/02\/162521705_195491759047424_2196591679113140107_n-32x32.jpg 32w, https:\/\/basketcup.org\/wp-content\/uploads\/2024\/02\/162521705_195491759047424_2196591679113140107_n.jpg 475w\" sizes=\"(max-width: 300px) 100vw, 300px\" \/><\/div><\/a>\n\t\t\t\t<div class=\"elementor-post__badge\">U\u010cESNICI<\/div>\n\t\t\t\t<div class=\"elementor-post__avatar\">\n\t\t\t<img alt='dise' src='https:\/\/secure.gravatar.com\/avatar\/976bbb94ae8d6bf09ea5425316bd9f7d5f4681c725c6cbba8c913f7f1d743a4e?s=128&#038;d=mm&#038;r=g' srcset='https:\/\/secure.gravatar.com\/avatar\/976bbb94ae8d6bf09ea5425316bd9f7d5f4681c725c6cbba8c913f7f1d743a4e?s=256&#038;d=mm&#038;r=g 2x' class='avatar avatar-128 photo' height='128' width='128' \/>\t\t<\/div>\n\t\t\t\t<div class=\"elementor-post__text\">\n\t\t\t\t<h3 class=\"elementor-post__title\">\n\t\t\t<a href=\"https:\/\/basketcup.org\/?p=385\" >\n\t\t\t\tU\u010desnici 12. me\u0111unarodnog Basket Cup-a su ovdje!\t\t\t<\/a>\n\t\t<\/h3>\n\t\t\t\t<div class=\"elementor-post__excerpt\">\n\t\t\t<p>\ud83c\udfc0\ud83c\udf1f \ud83c\udf1f\ud83c\udfc0Dragi ljubitelji ko\u0161arke,S velikim uzbu\u0111enjem objavljujemo da \u0107e ekipa KK Flumen Sancti Viti iz Rijeke biti me\u0111u sudionicima ovogodi\u0161njeg 12. me\u0111unarodnog basket cup-a za<\/p>\n\t\t<\/div>\n\t\t\n\t\t<a class=\"elementor-post__read-more\" href=\"https:\/\/basketcup.org\/?p=385\" aria-label=\"Read more about U\u010desnici 12. me\u0111unarodnog Basket Cup-a su ovdje!\" tabindex=\"-1\" >\n\t\t\tRead More \u00bb\t\t<\/a>\n\n\t\t\t\t<\/div>\n\t\t\t\t<div class=\"elementor-post__meta-data\">\n\t\t\t\t\t<span class=\"elementor-post-date\">\n\t\t\tFebruary 18, 2024\t\t<\/span>\n\t\t\t\t<span class=\"elementor-post-avatar\">\n\t\t\tNo Comments\t\t<\/span>\n\t\t\t\t<\/div>\n\t\t\t\t\t<\/div>\n\t\t<\/article>\n\t\t\t\t<\/div>\n\t\t\n\t\t\t\t<\/div>\n\t\t\t\t<\/div>\n\t\t\t\t\t<\/div>\n\t\t\t\t<\/div>\n\t\t<div class=\"elementor-element elementor-element-fcf6880 e-flex e-con-boxed e-con e-parent\" data-id=\"fcf6880\" data-element_type=\"container\" data-settings=\"{&quot;content_width&quot;:&quot;boxed&quot;}\" data-core-v316-plus=\"true\">\n\t\t\t\t\t<div class=\"e-con-inner\">\n\t\t\t\t\t<\/div>\n\t\t\t\t<\/div>\n\t\t<div class=\"elementor-element elementor-element-fd9f572 e-flex e-con-boxed e-con e-parent\" data-id=\"fd9f572\" data-element_type=\"container\" data-settings=\"{&quot;content_width&quot;:&quot;boxed&quot;}\" data-core-v316-plus=\"true\">\n\t\t\t\t\t<div class=\"e-con-inner\">\n\t\t\t\t\t<\/div>\n\t\t\t\t<\/div>\n\t\t\t\t<\/div>\n\t\t","protected":false},"excerpt":{"rendered":"<p>Novosti<\/p>\n","protected":false},"author":1,"featured_media":0,"parent":0,"menu_order":0,"comment_status":"closed","ping_status":"closed","template":"","meta":{"footnotes":""},"class_list":["post-117","page","type-page","status-publish","hentry"],"_links":{"self":[{"href":"https:\/\/basketcup.org\/index.php?rest_route=\/wp\/v2\/pages\/117","targetHints":{"allow":["GET"]}}],"collection":[{"href":"https:\/\/basketcup.org\/index.php?rest_route=\/wp\/v2\/pages"}],"about":[{"href":"https:\/\/basketcup.org\/index.php?rest_route=\/wp\/v2\/types\/page"}],"author":[{"embeddable":true,"href":"https:\/\/basketcup.org\/index.php?rest_route=\/wp\/v2\/users\/1"}],"replies":[{"embeddable":true,"href":"https:\/\/basketcup.org\/index.php?rest_route=%2Fwp%2Fv2%2Fcomments&post=117"}],"version-history":[{"count":0,"href":"https:\/\/basketcup.org\/index.php?rest_route=\/wp\/v2\/pages\/117\/revisions"}],"wp:attachment":[{"href":"https:\/\/basketcup.org\/index.php?rest_route=%2Fwp%2Fv2%2Fmedia&parent=117"}],"curies":[{"name":"wp","href":"https:\/\/api.w.org\/{rel}","templated":true}]}}