{"id":2881,"date":"2025-01-19T23:13:50","date_gmt":"2025-01-19T22:13:50","guid":{"rendered":"https:\/\/basketcup.org\/?page_id=2881"},"modified":"2025-01-23T22:48:57","modified_gmt":"2025-01-23T21:48:57","slug":"historija-basket-cup-a","status":"publish","type":"page","link":"https:\/\/basketcup.org\/?page_id=2881","title":{"rendered":"Historija Basket Cup-a"},"content":{"rendered":"\t\t<div data-elementor-type=\"wp-page\" data-elementor-id=\"2881\" class=\"elementor elementor-2881\" data-elementor-post-type=\"page\">\n\t\t\t\t<div class=\"elementor-element elementor-element-cb4b777 e-flex e-con-boxed e-con e-parent\" data-id=\"cb4b777\" data-element_type=\"container\" data-settings=\"{&quot;content_width&quot;:&quot;boxed&quot;}\" data-core-v316-plus=\"true\">\n\t\t\t\t\t<div class=\"e-con-inner\">\n\t\t\t\t<div class=\"elementor-element elementor-element-0d13854 elementor-widget-divider--view-line elementor-widget elementor-widget-divider\" data-id=\"0d13854\" data-element_type=\"widget\" data-widget_type=\"divider.default\">\n\t\t\t\t<div class=\"elementor-widget-container\">\n\t\t\t<style>\/*! elementor - v3.19.0 - 07-02-2024 *\/\n.elementor-widget-divider{--divider-border-style:none;--divider-border-width:1px;--divider-color:#0c0d0e;--divider-icon-size:20px;--divider-element-spacing:10px;--divider-pattern-height:24px;--divider-pattern-size:20px;--divider-pattern-url:none;--divider-pattern-repeat:repeat-x}.elementor-widget-divider .elementor-divider{display:flex}.elementor-widget-divider .elementor-divider__text{font-size:15px;line-height:1;max-width:95%}.elementor-widget-divider .elementor-divider__element{margin:0 var(--divider-element-spacing);flex-shrink:0}.elementor-widget-divider .elementor-icon{font-size:var(--divider-icon-size)}.elementor-widget-divider .elementor-divider-separator{display:flex;margin:0;direction:ltr}.elementor-widget-divider--view-line_icon .elementor-divider-separator,.elementor-widget-divider--view-line_text .elementor-divider-separator{align-items:center}.elementor-widget-divider--view-line_icon .elementor-divider-separator:after,.elementor-widget-divider--view-line_icon .elementor-divider-separator:before,.elementor-widget-divider--view-line_text .elementor-divider-separator:after,.elementor-widget-divider--view-line_text .elementor-divider-separator:before{display:block;content:\"\";border-block-end:0;flex-grow:1;border-block-start:var(--divider-border-width) var(--divider-border-style) var(--divider-color)}.elementor-widget-divider--element-align-left .elementor-divider .elementor-divider-separator>.elementor-divider__svg:first-of-type{flex-grow:0;flex-shrink:100}.elementor-widget-divider--element-align-left .elementor-divider-separator:before{content:none}.elementor-widget-divider--element-align-left .elementor-divider__element{margin-left:0}.elementor-widget-divider--element-align-right .elementor-divider .elementor-divider-separator>.elementor-divider__svg:last-of-type{flex-grow:0;flex-shrink:100}.elementor-widget-divider--element-align-right .elementor-divider-separator:after{content:none}.elementor-widget-divider--element-align-right .elementor-divider__element{margin-right:0}.elementor-widget-divider--element-align-start .elementor-divider .elementor-divider-separator>.elementor-divider__svg:first-of-type{flex-grow:0;flex-shrink:100}.elementor-widget-divider--element-align-start .elementor-divider-separator:before{content:none}.elementor-widget-divider--element-align-start .elementor-divider__element{margin-inline-start:0}.elementor-widget-divider--element-align-end .elementor-divider .elementor-divider-separator>.elementor-divider__svg:last-of-type{flex-grow:0;flex-shrink:100}.elementor-widget-divider--element-align-end .elementor-divider-separator:after{content:none}.elementor-widget-divider--element-align-end .elementor-divider__element{margin-inline-end:0}.elementor-widget-divider:not(.elementor-widget-divider--view-line_text):not(.elementor-widget-divider--view-line_icon) .elementor-divider-separator{border-block-start:var(--divider-border-width) var(--divider-border-style) var(--divider-color)}.elementor-widget-divider--separator-type-pattern{--divider-border-style:none}.elementor-widget-divider--separator-type-pattern.elementor-widget-divider--view-line .elementor-divider-separator,.elementor-widget-divider--separator-type-pattern:not(.elementor-widget-divider--view-line) .elementor-divider-separator:after,.elementor-widget-divider--separator-type-pattern:not(.elementor-widget-divider--view-line) .elementor-divider-separator:before,.elementor-widget-divider--separator-type-pattern:not([class*=elementor-widget-divider--view]) .elementor-divider-separator{width:100%;min-height:var(--divider-pattern-height);-webkit-mask-size:var(--divider-pattern-size) 100%;mask-size:var(--divider-pattern-size) 100%;-webkit-mask-repeat:var(--divider-pattern-repeat);mask-repeat:var(--divider-pattern-repeat);background-color:var(--divider-color);-webkit-mask-image:var(--divider-pattern-url);mask-image:var(--divider-pattern-url)}.elementor-widget-divider--no-spacing{--divider-pattern-size:auto}.elementor-widget-divider--bg-round{--divider-pattern-repeat:round}.rtl .elementor-widget-divider .elementor-divider__text{direction:rtl}.e-con-inner>.elementor-widget-divider,.e-con>.elementor-widget-divider{width:var(--container-widget-width,100%);--flex-grow:var(--container-widget-flex-grow)}<\/style>\t\t<div class=\"elementor-divider\">\n\t\t\t<span class=\"elementor-divider-separator\">\n\t\t\t\t\t\t<\/span>\n\t\t<\/div>\n\t\t\t\t<\/div>\n\t\t\t\t<\/div>\n\t\t\t\t\t<\/div>\n\t\t\t\t<\/div>\n\t\t<div class=\"elementor-element elementor-element-b2f199b e-flex e-con-boxed e-con e-parent\" data-id=\"b2f199b\" data-element_type=\"container\" data-settings=\"{&quot;content_width&quot;:&quot;boxed&quot;}\" data-core-v316-plus=\"true\">\n\t\t\t\t\t<div class=\"e-con-inner\">\n\t\t<div class=\"elementor-element elementor-element-6014ea6 e-con-full e-flex e-con e-child\" data-id=\"6014ea6\" data-element_type=\"container\" data-settings=\"{&quot;content_width&quot;:&quot;full&quot;}\">\n\t\t\t\t<div class=\"elementor-element elementor-element-e4e803b elementor-widget elementor-widget-text-editor\" data-id=\"e4e803b\" data-element_type=\"widget\" data-widget_type=\"text-editor.default\">\n\t\t\t\t<div class=\"elementor-widget-container\">\n\t\t\t<style>\/*! elementor - v3.19.0 - 07-02-2024 *\/\n.elementor-widget-text-editor.elementor-drop-cap-view-stacked .elementor-drop-cap{background-color:#69727d;color:#fff}.elementor-widget-text-editor.elementor-drop-cap-view-framed .elementor-drop-cap{color:#69727d;border:3px solid;background-color:transparent}.elementor-widget-text-editor:not(.elementor-drop-cap-view-default) .elementor-drop-cap{margin-top:8px}.elementor-widget-text-editor:not(.elementor-drop-cap-view-default) .elementor-drop-cap-letter{width:1em;height:1em}.elementor-widget-text-editor .elementor-drop-cap{float:left;text-align:center;line-height:1;font-size:50px}.elementor-widget-text-editor .elementor-drop-cap-letter{display:inline-block}<\/style>\t\t\t\t<p><!-- \/wp:paragraph --><!-- wp:paragraph --><\/p>\n<p><strong>Prvi Basket Cup (2013)<\/strong> Basket Cup je prvi put organiziran 2013. godine u Sarajevu. Na inauguralnom turniru sudjelovalo je 56 ekipa, a ovaj doga\u0111aj postao je poznat po vrhunskom organizacijskom nivou i sportskoj atmosferi. Ve\u0107 tada, turnir je privukao timove iz raznih regija, \u0161to je postavilo temelje za njegov budu\u0107i rast.<\/p>\n<p>\u00a0<\/p>\n<p><!-- \/wp:paragraph --><!-- wp:paragraph --><\/p>\n<p><strong>Rast i Razvoj<\/strong> Od 2013. godine, Basket Cup se razvijao iz godine u godinu, postajuci sve ve\u0107i i masovniji. Turnir je stekao reputaciju jednog od najzna\u010dajnijih ko\u0161arka\u0161kih doga\u0111aja u regiji, okupljaju\u0107i stotine ekipa iz razli\u010ditih zemalja. Kroz godine, turnir je \u0161irio svoje kapacitete i uvodio nove kategorije kako bi omogu\u0107io sudjelovanje \u0161irokom spektru uzrasta i nivoa takmi\u010denja.<\/p>\t\t\t\t\t\t<\/div>\n\t\t\t\t<\/div>\n\t\t\t\t<\/div>\n\t\t<div class=\"elementor-element elementor-element-1122502 e-con-full e-flex e-con e-child\" data-id=\"1122502\" data-element_type=\"container\" data-settings=\"{&quot;content_width&quot;:&quot;full&quot;}\">\n\t\t\t\t<div class=\"elementor-element elementor-element-21a89f6 elementor-widget elementor-widget-image\" data-id=\"21a89f6\" data-element_type=\"widget\" data-widget_type=\"image.default\">\n\t\t\t\t<div class=\"elementor-widget-container\">\n\t\t\t<style>\/*! elementor - v3.19.0 - 07-02-2024 *\/\n.elementor-widget-image{text-align:center}.elementor-widget-image a{display:inline-block}.elementor-widget-image a img[src$=\".svg\"]{width:48px}.elementor-widget-image img{vertical-align:middle;display:inline-block}<\/style>\t\t\t\t\t\t\t\t\t\t<img fetchpriority=\"high\" decoding=\"async\" width=\"800\" height=\"533\" src=\"https:\/\/basketcup.org\/wp-content\/uploads\/2025\/01\/2015-basket-cup.jpg\" class=\"attachment-large size-large wp-image-2993\" alt=\"\" srcset=\"https:\/\/basketcup.org\/wp-content\/uploads\/2025\/01\/2015-basket-cup.jpg 960w, https:\/\/basketcup.org\/wp-content\/uploads\/2025\/01\/2015-basket-cup-300x200.jpg 300w, https:\/\/basketcup.org\/wp-content\/uploads\/2025\/01\/2015-basket-cup-768x512.jpg 768w, https:\/\/basketcup.org\/wp-content\/uploads\/2025\/01\/2015-basket-cup-310x207.jpg 310w\" sizes=\"(max-width: 800px) 100vw, 800px\" \/>\t\t\t\t\t\t\t\t\t\t\t\t\t<\/div>\n\t\t\t\t<\/div>\n\t\t\t\t<\/div>\n\t\t\t\t\t<\/div>\n\t\t\t\t<\/div>\n\t\t<div class=\"elementor-element elementor-element-7ea1c95 e-flex e-con-boxed e-con e-parent\" data-id=\"7ea1c95\" data-element_type=\"container\" data-settings=\"{&quot;content_width&quot;:&quot;boxed&quot;}\" data-core-v316-plus=\"true\">\n\t\t\t\t\t<div class=\"e-con-inner\">\n\t\t<div class=\"elementor-element elementor-element-fc96448 e-con-full e-flex e-con e-child\" data-id=\"fc96448\" data-element_type=\"container\" data-settings=\"{&quot;content_width&quot;:&quot;full&quot;}\">\n\t\t\t\t<div class=\"elementor-element elementor-element-e2ba541 elementor-widget elementor-widget-image\" data-id=\"e2ba541\" data-element_type=\"widget\" data-widget_type=\"image.default\">\n\t\t\t\t<div class=\"elementor-widget-container\">\n\t\t\t\t\t\t\t\t\t\t\t\t\t<img decoding=\"async\" width=\"800\" height=\"450\" src=\"https:\/\/basketcup.org\/wp-content\/uploads\/2025\/01\/2016-godina.jpg\" class=\"attachment-large size-large wp-image-2904\" alt=\"\" srcset=\"https:\/\/basketcup.org\/wp-content\/uploads\/2025\/01\/2016-godina.jpg 960w, https:\/\/basketcup.org\/wp-content\/uploads\/2025\/01\/2016-godina-300x169.jpg 300w, https:\/\/basketcup.org\/wp-content\/uploads\/2025\/01\/2016-godina-768x432.jpg 768w, https:\/\/basketcup.org\/wp-content\/uploads\/2025\/01\/2016-godina-310x174.jpg 310w\" sizes=\"(max-width: 800px) 100vw, 800px\" \/>\t\t\t\t\t\t\t\t\t\t\t\t\t<\/div>\n\t\t\t\t<\/div>\n\t\t\t\t<\/div>\n\t\t<div class=\"elementor-element elementor-element-e6c9d7f e-con-full e-flex e-con e-child\" data-id=\"e6c9d7f\" data-element_type=\"container\" data-settings=\"{&quot;content_width&quot;:&quot;full&quot;}\">\n\t\t\t\t<div class=\"elementor-element elementor-element-10253eb elementor-widget elementor-widget-image\" data-id=\"10253eb\" data-element_type=\"widget\" data-widget_type=\"image.default\">\n\t\t\t\t<div class=\"elementor-widget-container\">\n\t\t\t\t\t\t\t\t\t\t\t\t\t<img decoding=\"async\" width=\"800\" height=\"533\" src=\"https:\/\/basketcup.org\/wp-content\/uploads\/2025\/01\/2018-godinas-2.jpg\" class=\"attachment-large size-large wp-image-2905\" alt=\"\" srcset=\"https:\/\/basketcup.org\/wp-content\/uploads\/2025\/01\/2018-godinas-2.jpg 960w, https:\/\/basketcup.org\/wp-content\/uploads\/2025\/01\/2018-godinas-2-300x200.jpg 300w, https:\/\/basketcup.org\/wp-content\/uploads\/2025\/01\/2018-godinas-2-768x512.jpg 768w, https:\/\/basketcup.org\/wp-content\/uploads\/2025\/01\/2018-godinas-2-310x207.jpg 310w\" sizes=\"(max-width: 800px) 100vw, 800px\" \/>\t\t\t\t\t\t\t\t\t\t\t\t\t<\/div>\n\t\t\t\t<\/div>\n\t\t\t\t<\/div>\n\t\t<div class=\"elementor-element elementor-element-a787ba9 e-con-full e-flex e-con e-child\" data-id=\"a787ba9\" data-element_type=\"container\" data-settings=\"{&quot;content_width&quot;:&quot;full&quot;}\">\n\t\t\t\t<div class=\"elementor-element elementor-element-768e608 elementor-widget elementor-widget-image\" data-id=\"768e608\" data-element_type=\"widget\" data-widget_type=\"image.default\">\n\t\t\t\t<div class=\"elementor-widget-container\">\n\t\t\t\t\t\t\t\t\t\t\t\t\t<img loading=\"lazy\" decoding=\"async\" width=\"800\" height=\"534\" src=\"https:\/\/basketcup.org\/wp-content\/uploads\/2025\/01\/2017-svi-1024x683.jpg\" class=\"attachment-large size-large wp-image-2906\" alt=\"\" srcset=\"https:\/\/basketcup.org\/wp-content\/uploads\/2025\/01\/2017-svi-1024x683.jpg 1024w, https:\/\/basketcup.org\/wp-content\/uploads\/2025\/01\/2017-svi-300x200.jpg 300w, https:\/\/basketcup.org\/wp-content\/uploads\/2025\/01\/2017-svi-768x512.jpg 768w, https:\/\/basketcup.org\/wp-content\/uploads\/2025\/01\/2017-svi-1536x1024.jpg 1536w, https:\/\/basketcup.org\/wp-content\/uploads\/2025\/01\/2017-svi-310x207.jpg 310w, https:\/\/basketcup.org\/wp-content\/uploads\/2025\/01\/2017-svi.jpg 2048w\" sizes=\"(max-width: 800px) 100vw, 800px\" \/>\t\t\t\t\t\t\t\t\t\t\t\t\t<\/div>\n\t\t\t\t<\/div>\n\t\t\t\t<\/div>\n\t\t<div class=\"elementor-element elementor-element-b877e6a e-con-full e-flex e-con e-child\" data-id=\"b877e6a\" data-element_type=\"container\" data-settings=\"{&quot;content_width&quot;:&quot;full&quot;}\">\n\t\t\t\t<div class=\"elementor-element elementor-element-3e13bd4 elementor-widget elementor-widget-image\" data-id=\"3e13bd4\" data-element_type=\"widget\" data-widget_type=\"image.default\">\n\t\t\t\t<div class=\"elementor-widget-container\">\n\t\t\t\t\t\t\t\t\t\t\t\t\t<img loading=\"lazy\" decoding=\"async\" width=\"800\" height=\"600\" src=\"https:\/\/basketcup.org\/wp-content\/uploads\/2025\/01\/2017-godina.jpg\" class=\"attachment-large size-large wp-image-2907\" alt=\"\" srcset=\"https:\/\/basketcup.org\/wp-content\/uploads\/2025\/01\/2017-godina.jpg 960w, https:\/\/basketcup.org\/wp-content\/uploads\/2025\/01\/2017-godina-300x225.jpg 300w, https:\/\/basketcup.org\/wp-content\/uploads\/2025\/01\/2017-godina-768x576.jpg 768w, https:\/\/basketcup.org\/wp-content\/uploads\/2025\/01\/2017-godina-310x233.jpg 310w\" sizes=\"(max-width: 800px) 100vw, 800px\" \/>\t\t\t\t\t\t\t\t\t\t\t\t\t<\/div>\n\t\t\t\t<\/div>\n\t\t\t\t<\/div>\n\t\t\t\t\t<\/div>\n\t\t\t\t<\/div>\n\t\t<div class=\"elementor-element elementor-element-4d168f46 e-flex e-con-boxed e-con e-parent\" data-id=\"4d168f46\" data-element_type=\"container\" data-settings=\"{&quot;content_width&quot;:&quot;boxed&quot;}\" data-core-v316-plus=\"true\">\n\t\t\t\t\t<div class=\"e-con-inner\">\n\t\t\t\t<div class=\"elementor-element elementor-element-5b20257 elementor-widget elementor-widget-text-editor\" data-id=\"5b20257\" data-element_type=\"widget\" data-widget_type=\"text-editor.default\">\n\t\t\t\t<div class=\"elementor-widget-container\">\n\t\t\t\t\t\t\t<!-- wp:paragraph --><!-- \/wp:paragraph --><!-- wp:paragraph -->\n<p><strong>13. Basket Cup (2025)<\/strong> Danas, Basket Cup slavi svoj 13. ro\u0111endan. Turnir \u0107e se odr\u017eati od 17. do 20. aprila 2025. godine u Sarajevu, nastavljaju\u0107i tradiciju okupljanja mladih ko\u0161arka\u0161kih talenata i timova iz cijelog svijeta. Kroz proteklih 12 godina, Basket Cup je prerastao u jedan od najve\u0107ih i najmasovnijih turnira u regiji, \u010dime se ponosi cijela organizacija.<\/p>\n<!-- \/wp:paragraph --><!-- wp:paragraph -->\n<p><strong>Vizija i Misija<\/strong> Cilj Basket Cup-a oduvijek je bio promocija sporta, prijateljstva i fair-playa. Turnir ne samo da omogu\u0107ava mladim sporta\u0161ima da poka\u017eu svoje vje\u0161tine, ve\u0107 im pru\u017ea i priliku da steknu nova prijateljstva, kulturna iskustva i nezaboravne uspomene.<\/p>\n<!-- \/wp:paragraph --><!-- wp:paragraph --><!-- \/wp:paragraph -->\t\t\t\t\t\t<\/div>\n\t\t\t\t<\/div>\n\t\t\t\t<div class=\"elementor-element elementor-element-821f64b elementor-widget elementor-widget-text-editor\" data-id=\"821f64b\" data-element_type=\"widget\" data-widget_type=\"text-editor.default\">\n\t\t\t\t<div class=\"elementor-widget-container\">\n\t\t\t\t\t\t\t<!-- wp:paragraph --><!-- \/wp:paragraph --><!-- wp:paragraph -->\n<p><strong>Statistika i Dostignu\u0107a<\/strong><\/p>\n<!-- \/wp:paragraph --><!-- wp:list -->\n<ul class=\"wp-block-list\"><!-- wp:list-item -->\n<li><strong>Prva godina:<\/strong> 56 ekipa<\/li>\n<!-- \/wp:list-item --><!-- wp:list-item -->\n<li><strong>Najmasovnija godina:<\/strong> Vi\u0161e od 150 ekipa iz preko 10 zemalja<\/li>\n<!-- \/wp:list-item --><!-- wp:list-item -->\n<li><strong>Lokacija:<\/strong> Sarajevo, Bosna i Hercegovina<\/li>\n<!-- \/wp:list-item --><!-- wp:list-item -->\n<li><strong>Prepoznatljivost:<\/strong> Jedan od najmasovnijih i najorganiziranijih turnira u regiji<\/li>\n<!-- \/wp:list-item --><\/ul>\n<!-- \/wp:list --><!-- wp:paragraph -->\n<p><strong>Zahvalnost<\/strong> Organizatori Basket Cup-a zahvaljuju se svim timovima, trenerima, roditeljima, volonterima i sponzorima koji su tokom svih ovih godina doprinosili uspjehu turnira. Bez njihove podr\u0161ke i entuzijazma, ovaj turnir ne bi mogao postati ono \u0161to je danas.<\/p>\n<!-- \/wp:paragraph -->\t\t\t\t\t\t<\/div>\n\t\t\t\t<\/div>\n\t\t\t\t\t<\/div>\n\t\t\t\t<\/div>\n\t\t\t\t<section class=\"elementor-section elementor-top-section elementor-element elementor-element-5f3781d1 elementor-section-boxed elementor-section-height-default elementor-section-height-default\" data-id=\"5f3781d1\" data-element_type=\"section\">\n\t\t\t\t\t\t<div class=\"elementor-container elementor-column-gap-default\">\n\t\t\t\t\t<div class=\"elementor-column elementor-col-100 elementor-top-column elementor-element elementor-element-3b360c73\" data-id=\"3b360c73\" data-element_type=\"column\">\n\t\t\t<div class=\"elementor-widget-wrap elementor-element-populated\">\n\t\t\t\t\t\t<div class=\"elementor-element elementor-element-57dfc7f4 elementor-widget elementor-widget-elementskit-heading\" data-id=\"57dfc7f4\" data-element_type=\"widget\" data-widget_type=\"elementskit-heading.default\">\n\t\t\t\t<div class=\"elementor-widget-container\">\n\t\t\t<div class=\"ekit-wid-con\" ><div class=\"ekit-heading elementskit-section-title-wraper center   ekit_heading_tablet-   ekit_heading_mobile-\"><h2 class=\"ekit-heading--title elementskit-section-title \">Basket Cup<\/h2><\/div><\/div>\t\t<\/div>\n\t\t\t\t<\/div>\n\t\t\t\t\t<\/div>\n\t\t<\/div>\n\t\t\t\t\t<\/div>\n\t\t<\/section>\n\t\t\t\t<section class=\"elementor-section elementor-top-section elementor-element elementor-element-49dcae78 elementor-section-boxed elementor-section-height-default elementor-section-height-default\" data-id=\"49dcae78\" data-element_type=\"section\" data-settings=\"{&quot;background_background&quot;:&quot;classic&quot;}\">\n\t\t\t\t\t\t<div class=\"elementor-container elementor-column-gap-default\">\n\t\t\t\t\t<div class=\"elementor-column elementor-col-25 elementor-top-column elementor-element elementor-element-109ebf0e\" data-id=\"109ebf0e\" data-element_type=\"column\">\n\t\t\t<div class=\"elementor-widget-wrap elementor-element-populated\">\n\t\t\t\t\t\t<div class=\"elementor-element elementor-element-1bb61253 elementor-widget elementor-widget-elementskit-funfact\" data-id=\"1bb61253\" data-element_type=\"widget\" data-widget_type=\"elementskit-funfact.default\">\n\t\t\t\t<div class=\"elementor-widget-container\">\n\t\t\t<div class=\"ekit-wid-con\" >\n\t\t<div class=\"elementskit-funfact text-center     \">\n\t\t\t\n\t\t\t<div class=\"elementskit-funfact-inner position_top\">\n\t\t\t\t\t\t\t\t\t<div class=\"funfact-icon\"> \t\t\t\t\t\t\t<i ><\/i>\n\n\t\t\t\t\t\t\t<i aria-hidden=\"true\" class=\"elementskit-funfact-icon fasicon icon-smile\"><\/i>\n\t\t\t\t\t<\/div>\n\t\t\t\t\t\t\t\t\n\t\t\t\t<div class=\"funfact-content\">\n\t\t\t\t\t<div class=\"number-percentage-wraper\">\n\t\t\t\t\t\t\t\t\t\t\t\t<span class=\"number-percentage\"\n\t\t\t\t\t\t      data-value=\"56\"\n\t\t\t\t\t\t      data-animation-duration=\"3500\"\n\t\t\t\t\t\t\t  data-style=\"static\">0<\/span>\n\t\t\t\t\t\tekipa\t\t\t\t\t\t\t\t\t\t\t<\/div>\n\n\t\t\t\t\t<h3 class=\"funfact-title\">2013 godine <\/h3>\t\t\t\t\t\t\t\t<\/div>\n\t\t<\/div>\n\t\t<\/div>\n\n\n\t\t<\/div>\t\t<\/div>\n\t\t\t\t<\/div>\n\t\t\t\t\t<\/div>\n\t\t<\/div>\n\t\t\t\t<div class=\"elementor-column elementor-col-25 elementor-top-column elementor-element elementor-element-8a78a96\" data-id=\"8a78a96\" data-element_type=\"column\">\n\t\t\t<div class=\"elementor-widget-wrap elementor-element-populated\">\n\t\t\t\t\t\t<div class=\"elementor-element elementor-element-b8e7ee4 elementor-widget elementor-widget-elementskit-funfact\" data-id=\"b8e7ee4\" data-element_type=\"widget\" data-widget_type=\"elementskit-funfact.default\">\n\t\t\t\t<div class=\"elementor-widget-container\">\n\t\t\t<div class=\"ekit-wid-con\" >\n\t\t<div class=\"elementskit-funfact text-center    divider_funfact position_center\">\n\t\t\t\t\t\t\t<div class=\"vertical-bar border_right_side\"><\/div>\n\t\t\t\n\t\t\t<div class=\"elementskit-funfact-inner position_top\">\n\t\t\t\t\t\t\t\t\t<div class=\"funfact-icon\"> \t\t\t\t\t\t\t<i ><\/i>\n\n\t\t\t\t\t\t\t<i aria-hidden=\"true\" class=\"elementskit-funfact-icon fasicon icon-smile\"><\/i>\n\t\t\t\t\t<\/div>\n\t\t\t\t\t\t\t\t\n\t\t\t\t<div class=\"funfact-content\">\n\t\t\t\t\t<div class=\"number-percentage-wraper\">\n\t\t\t\t\t\t\t\t\t\t\t\t<span class=\"number-percentage\"\n\t\t\t\t\t\t      data-value=\"85\"\n\t\t\t\t\t\t      data-animation-duration=\"3500\"\n\t\t\t\t\t\t\t  data-style=\"static\">0<\/span>\n\t\t\t\t\t\tekipa\t\t\t\t\t\t\t\t\t\t\t<\/div>\n\n\t\t\t\t\t<h3 class=\"funfact-title\">2017 godina<\/h3>\t\t\t\t\t\t\t\t<\/div>\n\t\t<\/div>\n\t\t<\/div>\n\n\n\t\t<\/div>\t\t<\/div>\n\t\t\t\t<\/div>\n\t\t\t\t\t<\/div>\n\t\t<\/div>\n\t\t\t\t<div class=\"elementor-column elementor-col-25 elementor-top-column elementor-element elementor-element-76cd3efc\" data-id=\"76cd3efc\" data-element_type=\"column\">\n\t\t\t<div class=\"elementor-widget-wrap elementor-element-populated\">\n\t\t\t\t\t\t<div class=\"elementor-element elementor-element-63755ceb elementor-widget elementor-widget-elementskit-funfact\" data-id=\"63755ceb\" data-element_type=\"widget\" data-widget_type=\"elementskit-funfact.default\">\n\t\t\t\t<div class=\"elementor-widget-container\">\n\t\t\t<div class=\"ekit-wid-con\" >\n\t\t<div class=\"elementskit-funfact text-center    divider_funfact position_center\">\n\t\t\t\t\t\t\t<div class=\"vertical-bar border_right_side\"><\/div>\n\t\t\t\n\t\t\t<div class=\"elementskit-funfact-inner position_top\">\n\t\t\t\t\t\t\t\t\t<div class=\"funfact-icon\"> \t\t\t\t\t\t\t<i ><\/i>\n\n\t\t\t\t\t\t\t<i aria-hidden=\"true\" class=\"elementskit-funfact-icon fasicon icon-smile\"><\/i>\n\t\t\t\t\t<\/div>\n\t\t\t\t\t\t\t\t\n\t\t\t\t<div class=\"funfact-content\">\n\t\t\t\t\t<div class=\"number-percentage-wraper\">\n\t\t\t\t\t\t\t\t\t\t\t\t<span class=\"number-percentage\"\n\t\t\t\t\t\t      data-value=\"100\"\n\t\t\t\t\t\t      data-animation-duration=\"3500\"\n\t\t\t\t\t\t\t  data-style=\"static\">0<\/span>\n\t\t\t\t\t\tekipa\t\t\t\t\t\t\t\t\t\t\t<\/div>\n\n\t\t\t\t\t<h3 class=\"funfact-title\">2020 godine<\/h3>\t\t\t\t\t\t\t\t<\/div>\n\t\t<\/div>\n\t\t<\/div>\n\n\n\t\t<\/div>\t\t<\/div>\n\t\t\t\t<\/div>\n\t\t\t\t\t<\/div>\n\t\t<\/div>\n\t\t\t\t<div class=\"elementor-column elementor-col-25 elementor-top-column elementor-element elementor-element-44c1cb47\" data-id=\"44c1cb47\" data-element_type=\"column\">\n\t\t\t<div class=\"elementor-widget-wrap elementor-element-populated\">\n\t\t\t\t\t\t<div class=\"elementor-element elementor-element-4ca79a47 elementor-widget elementor-widget-elementskit-funfact\" data-id=\"4ca79a47\" data-element_type=\"widget\" data-widget_type=\"elementskit-funfact.default\">\n\t\t\t\t<div class=\"elementor-widget-container\">\n\t\t\t<div class=\"ekit-wid-con\" >\n\t\t<div class=\"elementskit-funfact text-center    divider_funfact position_center\">\n\t\t\t\t\t\t\t<div class=\"vertical-bar border_right_side\"><\/div>\n\t\t\t\n\t\t\t<div class=\"elementskit-funfact-inner position_top\">\n\t\t\t\t\t\t\t\t\t<div class=\"funfact-icon\"> \t\t\t\t\t\t\t<i ><\/i>\n\n\t\t\t\t\t\t\t<i aria-hidden=\"true\" class=\"elementskit-funfact-icon fasicon icon-smile\"><\/i>\n\t\t\t\t\t<\/div>\n\t\t\t\t\t\t\t\t\n\t\t\t\t<div class=\"funfact-content\">\n\t\t\t\t\t<div class=\"number-percentage-wraper\">\n\t\t\t\t\t\t\t\t\t\t\t\t<span class=\"number-percentage\"\n\t\t\t\t\t\t      data-value=\"150\"\n\t\t\t\t\t\t      data-animation-duration=\"3500\"\n\t\t\t\t\t\t\t  data-style=\"static\">0<\/span>\n\t\t\t\t\t\tekipa\t\t\t\t\t\t\t\t\t\t\t<\/div>\n\n\t\t\t\t\t<h3 class=\"funfact-title\">2024 godina<\/h3>\t\t\t\t\t\t\t\t<\/div>\n\t\t<\/div>\n\t\t<\/div>\n\n\n\t\t<\/div>\t\t<\/div>\n\t\t\t\t<\/div>\n\t\t\t\t\t<\/div>\n\t\t<\/div>\n\t\t\t\t\t<\/div>\n\t\t<\/section>\n\t\t\t\t<section class=\"elementor-section elementor-top-section elementor-element elementor-element-753d8f85 elementor-section-boxed elementor-section-height-default elementor-section-height-default\" data-id=\"753d8f85\" data-element_type=\"section\" id=\"xs_political_blog\">\n\t\t\t\t\t\t<div class=\"elementor-container elementor-column-gap-no\">\n\t\t\t\t\t<div class=\"elementor-column elementor-col-100 elementor-top-column elementor-element elementor-element-24bd6075\" data-id=\"24bd6075\" data-element_type=\"column\">\n\t\t\t<div class=\"elementor-widget-wrap\">\n\t\t\t\t\t\t\t<\/div>\n\t\t<\/div>\n\t\t\t\t\t<\/div>\n\t\t<\/section>\n\t\t\t\t<\/div>\n\t\t","protected":false},"excerpt":{"rendered":"<p>Prvi Basket Cup (2013) Basket Cup je prvi put organiziran 2013. godine u Sarajevu. Na inauguralnom turniru sudjelovalo je 56 ekipa, a ovaj doga\u0111aj postao je poznat po vrhunskom organizacijskom nivou i sportskoj atmosferi. Ve\u0107 tada, turnir je privukao timove iz raznih regija, \u0161to je postavilo temelje za njegov budu\u0107i rast. \u00a0 Rast i Razvoj [&hellip;]<\/p>\n","protected":false},"author":1,"featured_media":0,"parent":0,"menu_order":0,"comment_status":"closed","ping_status":"closed","template":"elementor_theme","meta":{"footnotes":""},"class_list":["post-2881","page","type-page","status-publish","hentry"],"_links":{"self":[{"href":"https:\/\/basketcup.org\/index.php?rest_route=\/wp\/v2\/pages\/2881","targetHints":{"allow":["GET"]}}],"collection":[{"href":"https:\/\/basketcup.org\/index.php?rest_route=\/wp\/v2\/pages"}],"about":[{"href":"https:\/\/basketcup.org\/index.php?rest_route=\/wp\/v2\/types\/page"}],"author":[{"embeddable":true,"href":"https:\/\/basketcup.org\/index.php?rest_route=\/wp\/v2\/users\/1"}],"replies":[{"embeddable":true,"href":"https:\/\/basketcup.org\/index.php?rest_route=%2Fwp%2Fv2%2Fcomments&post=2881"}],"version-history":[{"count":0,"href":"https:\/\/basketcup.org\/index.php?rest_route=\/wp\/v2\/pages\/2881\/revisions"}],"wp:attachment":[{"href":"https:\/\/basketcup.org\/index.php?rest_route=%2Fwp%2Fv2%2Fmedia&parent=2881"}],"curies":[{"name":"wp","href":"https:\/\/api.w.org\/{rel}","templated":true}]}}