{"id":4168,"date":"2025-04-16T22:56:17","date_gmt":"2025-04-16T20:56:17","guid":{"rendered":"https:\/\/basketcup.org\/?page_id=4168"},"modified":"2026-04-04T16:34:33","modified_gmt":"2026-04-04T14:34:33","slug":"rezultati-u18","status":"publish","type":"page","link":"https:\/\/basketcup.org\/?page_id=4168","title":{"rendered":"Rezultati U18"},"content":{"rendered":"\t\t<div data-elementor-type=\"wp-page\" data-elementor-id=\"4168\" class=\"elementor elementor-4168\" data-elementor-post-type=\"page\">\n\t\t\t\t<div class=\"elementor-element elementor-element-1cf61a2 e-flex e-con-boxed e-con e-parent\" data-id=\"1cf61a2\" data-element_type=\"container\" data-settings=\"{&quot;content_width&quot;:&quot;boxed&quot;}\" data-core-v316-plus=\"true\">\n\t\t\t\t\t<div class=\"e-con-inner\">\n\t\t\t\t<div class=\"elementor-element elementor-element-80b83c3 elementor-widget elementor-widget-html\" data-id=\"80b83c3\" data-element_type=\"widget\" data-widget_type=\"html.default\">\n\t\t\t\t<div class=\"elementor-widget-container\">\n\t\t\t<div class=\"bc-playoff-page\">\n  <style>\n    .bc-playoff-page{\n      font-family: Arial, sans-serif;\n      max-width: 1200px;\n      margin: 0 auto;\n      color: #111827;\n    }\n\n    .bc-playoff-hero{\n      background: linear-gradient(135deg, #0b1733 0%, #1d4ed8 52%, #f97316 100%);\n      color:#fff;\n      border-radius:26px;\n      padding:40px 28px;\n      margin-bottom:22px;\n      box-shadow:0 18px 40px rgba(15,23,42,.18);\n      text-align:center;\n    }\n\n    .bc-playoff-kicker{\n      display:inline-block;\n      padding:8px 14px;\n      border-radius:999px;\n      background:rgba(255,255,255,.14);\n      border:1px solid rgba(255,255,255,.16);\n      font-size:12px;\n      font-weight:700;\n      letter-spacing:.08em;\n      text-transform:uppercase;\n      margin-bottom:14px;\n    }\n\n    .bc-playoff-hero h1{\n      margin:0 0 10px;\n      font-size:clamp(28px,4vw,44px);\n      line-height:1.08;\n      font-weight:800;\n    }\n\n    .bc-playoff-hero p{\n      margin:0 auto;\n      max-width:780px;\n      color:rgba(255,255,255,.92);\n      font-size:16px;\n      line-height:1.65;\n    }\n\n    .bc-section{\n      margin-bottom:22px;\n    }\n\n    .bc-section-title{\n      font-size:24px;\n      font-weight:800;\n      margin:0 0 14px;\n      color:#0f172a;\n    }\n\n    .bc-grid{\n      display:grid;\n      grid-template-columns:repeat(2,minmax(0,1fr));\n      gap:16px;\n    }\n\n    .bc-card{\n      background:#fff;\n      border:1px solid #e5e7eb;\n      border-radius:20px;\n      overflow:hidden;\n      box-shadow:0 10px 26px rgba(15,23,42,.08);\n    }\n\n    .bc-card-top{\n      background:linear-gradient(135deg,#eff6ff 0%, #fff7ed 100%);\n      padding:16px 18px 12px;\n      border-bottom:1px solid #e5e7eb;\n    }\n\n    .bc-badge{\n      display:inline-block;\n      background:#111827;\n      color:#fff;\n      font-size:11px;\n      font-weight:800;\n      padding:6px 10px;\n      border-radius:999px;\n      letter-spacing:.08em;\n      text-transform:uppercase;\n      margin-bottom:10px;\n    }\n\n    .bc-card-top h3{\n      margin:0;\n      font-size:22px;\n      line-height:1.15;\n      font-weight:800;\n      color:#0f172a;\n    }\n\n    .bc-card-body{\n      padding:16px 18px 18px;\n    }\n\n    .bc-row{\n      display:flex;\n      justify-content:space-between;\n      gap:14px;\n      padding:12px 0;\n      border-bottom:1px solid #eef2f7;\n      align-items:flex-start;\n    }\n\n    .bc-row:last-child{\n      border-bottom:none;\n      padding-bottom:0;\n    }\n\n    .bc-time{\n      min-width:170px;\n      font-size:14px;\n      font-weight:800;\n      color:#1d4ed8;\n      line-height:1.45;\n    }\n\n    .bc-match{\n      flex:1;\n      font-size:15px;\n      line-height:1.55;\n      color:#111827;\n      font-weight:700;\n    }\n\n    .bc-note{\n      margin-top:18px;\n      background:#fff;\n      border:1px solid #e5e7eb;\n      border-radius:18px;\n      padding:18px;\n      font-size:14px;\n      color:#64748b;\n      line-height:1.65;\n      box-shadow:0 8px 22px rgba(15,23,42,.05);\n    }\n\n    .bc-btn-wrap{\n      text-align:center;\n      margin-top:20px;\n    }\n\n    .bc-btn{\n      display:inline-block;\n      text-decoration:none;\n      background:linear-gradient(135deg,#f97316,#ea580c);\n      color:#fff;\n      padding:14px 22px;\n      border-radius:12px;\n      font-weight:800;\n      font-size:15px;\n      box-shadow:0 10px 20px rgba(249,115,22,.22);\n    }\n\n    @media (max-width: 900px){\n      .bc-grid{\n        grid-template-columns:1fr;\n      }\n      .bc-row{\n        flex-direction:column;\n      }\n      .bc-time{\n        min-width:auto;\n      }\n    }\n  <\/style>\n\n  <div class=\"bc-playoff-hero\">\n    <div class=\"bc-playoff-kicker\">Basket Cup Sarajevo 2026<\/div>\n    <h1>Plasman i raspored ekipa<\/h1>\n    <p>\n      Pregled zavr\u0161nice, borbe za plasman i klju\u010dnih termina turnira.\n      U nastavku su izdvojeni me\u010devi koji su trenutno vidljivi u objavljenom sheetu.\n    <\/p>\n  <\/div>\n\n  <div class=\"bc-section\">\n    <h2 class=\"bc-section-title\">U18 \u2013 zavr\u0161nica<\/h2>\n    <div class=\"bc-grid\">\n      <div class=\"bc-card\">\n        <div class=\"bc-card-top\">\n          <div class=\"bc-badge\">\u010cetvrtfinale<\/div>\n          <h3>U18 Playoff<\/h3>\n        <\/div>\n        <div class=\"bc-card-body\">\n          <div class=\"bc-row\">\n            <div class=\"bc-time\">04.04. \u2013 19:40<br>(BURCH)<\/div>\n            <div class=\"bc-match\">MURSKA SOBOTA U18 \u2013 TBD<\/div>\n          <\/div>\n          <div class=\"bc-row\">\n            <div class=\"bc-time\">04.04. \u2013 19:40<br>(HILS 3)<\/div>\n            <div class=\"bc-match\">IGMAN BURCH U18 \u2013 TBD<\/div>\n          <\/div>\n          <div class=\"bc-row\">\n            <div class=\"bc-time\">04.04. \u2013 20:50<br>(BURCH)<\/div>\n            <div class=\"bc-match\">KD JE\u017dICA LJUBLJANA U18 \u2013 TBD<\/div>\n          <\/div>\n          <div class=\"bc-row\">\n            <div class=\"bc-time\">04.04. \u2013 20:50<br>(HILS 3)<\/div>\n            <div class=\"bc-match\">A1 \u2013 TBD<\/div>\n          <\/div>\n        <\/div>\n      <\/div>\n\n      <div class=\"bc-card\">\n        <div class=\"bc-card-top\">\n          <div class=\"bc-badge\">Polufinale i finale<\/div>\n          <h3>U18 zavr\u0161ni dio<\/h3>\n        <\/div>\n        <div class=\"bc-card-body\">\n          <div class=\"bc-row\">\n            <div class=\"bc-time\">05.04. \u2013 08:00<br>(KSC ILID\u017dA)<\/div>\n            <div class=\"bc-match\">1\/2 finale<\/div>\n          <\/div>\n          <div class=\"bc-row\">\n            <div class=\"bc-time\">05.04. \u2013 08:00<br>(HILS 3)<\/div>\n            <div class=\"bc-match\">1\/2 finale<\/div>\n          <\/div>\n          <div class=\"bc-row\">\n            <div class=\"bc-time\">05.04. \u2013 11:30<br>(HILS 3)<\/div>\n            <div class=\"bc-match\">Third Place<\/div>\n          <\/div>\n          <div class=\"bc-row\">\n            <div class=\"bc-time\">05.04. \u2013 14:00<br>(HILS 3)<\/div>\n            <div class=\"bc-match\">Finale<\/div>\n          <\/div>\n        <\/div>\n      <\/div>\n    <\/div>\n  <\/div>\n\n  <div class=\"bc-section\">\n    <h2 class=\"bc-section-title\">U18 \u2013 utakmice za plasman<\/h2>\n    <div class=\"bc-grid\">\n      <div class=\"bc-card\">\n        <div class=\"bc-card-top\">\n          <div class=\"bc-badge\">2nd group place<\/div>\n          <h3>Borba za vi\u0161i plasman<\/h3>\n        <\/div>\n        <div class=\"bc-card-body\">\n          <div class=\"bc-row\">\n            <div class=\"bc-time\">05.04. \u2013 10:20<br>(HILS 2)<\/div>\n            <div class=\"bc-match\">DRUGOPLASIRANI \u2013 DRUGOPLASIRANI<\/div>\n          <\/div>\n          <div class=\"bc-row\">\n            <div class=\"bc-time\">05.04. \u2013 11:30<br>(HILS 2)<\/div>\n            <div class=\"bc-match\">DRUGOPLASIRANI \u2013 DRUGOPLASIRANI<\/div>\n          <\/div>\n        <\/div>\n      <\/div>\n\n      <div class=\"bc-card\">\n        <div class=\"bc-card-top\">\n          <div class=\"bc-badge\">3rd group place<\/div>\n          <h3>Me\u010devi za 3. grupni plasman<\/h3>\n        <\/div>\n        <div class=\"bc-card-body\">\n          <div class=\"bc-row\">\n            <div class=\"bc-time\">05.04. \u2013 12:40<br>(HILS 2)<\/div>\n            <div class=\"bc-match\">A3 \u2013 B3<\/div>\n          <\/div>\n          <div class=\"bc-row\">\n            <div class=\"bc-time\">05.04. \u2013 09:10<br>(HILS 3)<\/div>\n            <div class=\"bc-match\">GORICA U18 \u2013 D3<\/div>\n          <\/div>\n          <div class=\"bc-row\">\n            <div class=\"bc-time\">05.04. \u2013 09:10<br>(HILS 4)<\/div>\n            <div class=\"bc-match\">E3 \u2013 F3<\/div>\n          <\/div>\n        <\/div>\n      <\/div>\n\n      <div class=\"bc-card\">\n        <div class=\"bc-card-top\">\n          <div class=\"bc-badge\">4th group place<\/div>\n          <h3>Me\u010devi za 4. grupni plasman<\/h3>\n        <\/div>\n        <div class=\"bc-card-body\">\n          <div class=\"bc-row\">\n            <div class=\"bc-time\">05.04. \u2013 11:30<br>(HILS 4)<\/div>\n            <div class=\"bc-match\">A4 \u2013 B4<\/div>\n          <\/div>\n          <div class=\"bc-row\">\n            <div class=\"bc-time\">05.04. \u2013 11:30<br>(HILS 4)<\/div>\n            <div class=\"bc-match\">ALBA CORMONS U18 \u2013 D4<\/div>\n          <\/div>\n          <div class=\"bc-row\">\n            <div class=\"bc-time\">05.04. \u2013 12:40<br>(HILS 4)<\/div>\n            <div class=\"bc-match\">E4 \u2013 F4<\/div>\n          <\/div>\n        <\/div>\n      <\/div>\n    <\/div>\n  <\/div>\n\n  <div class=\"bc-note\">\n    Ako \u017eeli\u0161, mogu ti odmah napraviti i drugu verziju ovog bloka sa tabovima po kategorijama\n    (U18, U16, U14, U13, U12, W18, W16, W14), ali za to bi mi trebalo da sheet bude objavljen kao\n    \u010dist CSV ili da mi po\u0161alje\u0161 eksport podataka. Ovaj prikaz je sastavljen iz redova koji su trenutno\n    javno vidljivi u web prikazu Google Sheeta. :contentReference[oaicite:1]{index=1}\n  <\/div>\n\n  <div class=\"bc-btn-wrap\">\n    <a class=\"bc-btn\" href=\"https:\/\/docs.google.com\/spreadsheets\/d\/1mi-QcSD5ga_QmH5pxo7Xf7kB8fbHHlV9S9Nw-y4WyOA\/edit?gid=0#gid=0\" target=\"_blank\" rel=\"noopener noreferrer\">\n      Otvori kompletan sheet\n    <\/a>\n  <\/div>\n<\/div>\t\t<\/div>\n\t\t\t\t<\/div>\n\t\t\t\t\t<\/div>\n\t\t\t\t<\/div>\n\t\t\t\t<\/div>\n\t\t","protected":false},"excerpt":{"rendered":"<p>Basket Cup Sarajevo 2026 Plasman i raspored ekipa Pregled zavr\u0161nice, borbe za plasman i klju\u010dnih termina turnira. U nastavku su izdvojeni me\u010devi koji su trenutno vidljivi u objavljenom sheetu. U18 \u2013 zavr\u0161nica \u010cetvrtfinale U18 Playoff 04.04. \u2013 19:40(BURCH) MURSKA SOBOTA U18 \u2013 TBD 04.04. \u2013 19:40(HILS 3) IGMAN BURCH U18 \u2013 TBD 04.04. \u2013 20:50(BURCH) [&hellip;]<\/p>\n","protected":false},"author":1,"featured_media":0,"parent":0,"menu_order":0,"comment_status":"closed","ping_status":"closed","template":"","meta":{"footnotes":""},"class_list":["post-4168","page","type-page","status-publish","hentry"],"_links":{"self":[{"href":"https:\/\/basketcup.org\/index.php?rest_route=\/wp\/v2\/pages\/4168","targetHints":{"allow":["GET"]}}],"collection":[{"href":"https:\/\/basketcup.org\/index.php?rest_route=\/wp\/v2\/pages"}],"about":[{"href":"https:\/\/basketcup.org\/index.php?rest_route=\/wp\/v2\/types\/page"}],"author":[{"embeddable":true,"href":"https:\/\/basketcup.org\/index.php?rest_route=\/wp\/v2\/users\/1"}],"replies":[{"embeddable":true,"href":"https:\/\/basketcup.org\/index.php?rest_route=%2Fwp%2Fv2%2Fcomments&post=4168"}],"version-history":[{"count":0,"href":"https:\/\/basketcup.org\/index.php?rest_route=\/wp\/v2\/pages\/4168\/revisions"}],"wp:attachment":[{"href":"https:\/\/basketcup.org\/index.php?rest_route=%2Fwp%2Fv2%2Fmedia&parent=4168"}],"curies":[{"name":"wp","href":"https:\/\/api.w.org\/{rel}","templated":true}]}}