{"id":4176,"date":"2025-04-16T23:10:51","date_gmt":"2025-04-16T21:10:51","guid":{"rendered":"https:\/\/basketcup.org\/?page_id=4176"},"modified":"2025-04-20T09:14:12","modified_gmt":"2025-04-20T07:14:12","slug":"rezultati-u14","status":"publish","type":"page","link":"https:\/\/basketcup.org\/?page_id=4176","title":{"rendered":"Rezultati U14"},"content":{"rendered":"\t\t<div data-elementor-type=\"wp-page\" data-elementor-id=\"4176\" class=\"elementor elementor-4176\" data-elementor-post-type=\"page\">\n\t\t\t\t<div class=\"elementor-element elementor-element-ca0e9fb e-flex e-con-boxed e-con e-parent\" data-id=\"ca0e9fb\" data-element_type=\"container\" data-settings=\"{&quot;content_width&quot;:&quot;boxed&quot;}\" data-core-v316-plus=\"true\">\n\t\t\t\t\t<div class=\"e-con-inner\">\n\t\t\t\t<div class=\"elementor-element elementor-element-e6bfaef elementor-widget elementor-widget-html\" data-id=\"e6bfaef\" data-element_type=\"widget\" data-widget_type=\"html.default\">\n\t\t\t\t<div class=\"elementor-widget-container\">\n\t\t\t<table style=\"width:100%; border-collapse: collapse; text-align: left;\">\n  <thead>\n    <tr style=\"background-color:#f2f2f2;\">\n      <th style=\"padding: 8px; border: 1px solid #ddd;\">Match Time<\/th>\n      <th style=\"padding: 8px; border: 1px solid #ddd;\">Match Number<\/th>\n      <th style=\"padding: 8px; border: 1px solid #ddd;\">Team 1<\/th>\n      <th style=\"padding: 8px; border: 1px solid #ddd;\">Team 2<\/th>\n      <th style=\"padding: 8px; border: 1px solid #ddd;\">Match URL<\/th>\n    <\/tr>\n  <\/thead>\n  <tbody>\n    <tr><td style=\"padding: 8px; border: 1px solid #ddd;\">20.4.2025 08:00<\/td><td>330<\/td><td>RADOVLJICA U18<\/td><td>KRVAVEC U18<\/td><td><a href=\"https:\/\/livestats.dcd.shared.geniussports.com\/webcast\/BIH\/2652376\/\" target=\"_blank\">Link<\/a><\/td><\/tr>\n    <tr><td>20.4.2025 09:10<\/td><td>331<\/td><td>\u017dITKO BASKET U18<\/td><td>AS TREN\u010cIN U18<\/td><td><a href=\"https:\/\/livestats.dcd.shared.geniussports.com\/webcast\/BIH\/2652377\/\" target=\"_blank\">Link<\/a><\/td><\/tr>\n    <tr><td>20.4.2025 08:00<\/td><td>332<\/td><td>\u0160BK GALAXY U16<\/td><td>KO\u010cEVJE U16<\/td><td><a href=\"https:\/\/livestats.dcd.shared.geniussports.com\/webcast\/BIH\/2652378\/\" target=\"_blank\">Link<\/a><\/td><\/tr>\n    <tr><td>20.4.2025 08:00<\/td><td>333<\/td><td>OKK \u010cELIK U16<\/td><td>AKK BRANIK U16<\/td><td><a href=\"https:\/\/livestats.dcd.shared.geniussports.com\/webcast\/BIH\/2652379\/\" target=\"_blank\">Link<\/a><\/td><\/tr>\n    <tr><td>20.4.2025 09:10<\/td><td>335<\/td><td>KD SLOVAN U16 BLACK<\/td><td>\u0160ENTJUR TAJFUN U16 A<\/td><td><a href=\"https:\/\/livestats.dcd.shared.geniussports.com\/webcast\/BIH\/2652380\/\" target=\"_blank\">Link<\/a><\/td><\/tr>\n    <tr><td>20.4.2025 09:10<\/td><td>336<\/td><td>POBEDNIK 011 U16<\/td><td>BBC MARIBOR U16<\/td><td><a href=\"https:\/\/livestats.dcd.shared.geniussports.com\/webcast\/BIH\/2652381\/\" target=\"_blank\">Link<\/a><\/td><\/tr>\n    <tr><td>20.4.2025 08:00<\/td><td>337<\/td><td>BUZ STARS U14<\/td><td>HIDRIA U14<\/td><td><a href=\"https:\/\/livestats.dcd.shared.geniussports.com\/webcast\/BIH\/2652382\/\" target=\"_blank\">Link<\/a><\/td><\/tr>\n    <tr><td>20.4.2025 10:00<\/td><td>339<\/td><td>MVP U14<\/td><td>DOM GORIZIA U14<\/td><td><a href=\"https:\/\/livestats.dcd.shared.geniussports.com\/webcast\/BIH\/2652383\/\" target=\"_blank\">Link<\/a><\/td><\/tr>\n    <tr><td>20.4.2025 11:00<\/td><td>340<\/td><td>VITEZ U14<\/td><td>\u0160ENTJUR TAJFUN U14<\/td><td><a href=\"https:\/\/livestats.dcd.shared.geniussports.com\/webcast\/BIH\/2652384\/\" target=\"_blank\">Link<\/a><\/td><\/tr>\n    <tr><td>20.4.2025 12:00<\/td><td>342<\/td><td>\u0160BK GALAXY U14<\/td><td>DINAMO GORIZIA U14<\/td><td><a href=\"https:\/\/livestats.dcd.shared.geniussports.com\/webcast\/BIH\/2652385\/\" target=\"_blank\">Link<\/a><\/td><\/tr>\n    <tr><td>20.4.2025 10:20<\/td><td>350<\/td><td>SPARS U14<\/td><td>POBEDNIK 011 U14<\/td><td><a href=\"https:\/\/livestats.dcd.shared.geniussports.com\/webcast\/BIH\/2652386\/\" target=\"_blank\">Link<\/a><\/td><\/tr>\n    <tr><td>20.4.2025 08:00<\/td><td>352<\/td><td>KA MARIBOR U13<\/td><td>BUZ STARS U13<\/td><td><a href=\"https:\/\/livestats.dcd.shared.geniussports.com\/webcast\/BIH\/2652387\/\" target=\"_blank\">Link<\/a><\/td><\/tr>\n    <tr><td>20.4.2025 09:00<\/td><td>354<\/td><td>KD SLOVAN U13<\/td><td>BBC MARIBOR U13<\/td><td><a href=\"https:\/\/livestats.dcd.shared.geniussports.com\/webcast\/BIH\/2652388\/\" target=\"_blank\">Link<\/a><\/td><\/tr>\n    <tr><td>20.4.2025 09:00<\/td><td>360<\/td><td>KONJIC U13<\/td><td>BO\u0160NJAK U13<\/td><td><a href=\"https:\/\/livestats.dcd.shared.geniussports.com\/webcast\/BIH\/2652389\/\" target=\"_blank\">Link<\/a><\/td><\/tr>\n    <tr><td>20.4.2025 11:00<\/td><td>367<\/td><td>MVP U13<\/td><td>POBEDNIK 011 U13<\/td><td><a href=\"https:\/\/livestats.dcd.shared.geniussports.com\/webcast\/BIH\/2652390\/\" target=\"_blank\">Link<\/a><\/td><\/tr>\n    <tr><td>20.4.2025 12:00<\/td><td>364<\/td><td>LIONS U13<\/td><td>\u0160ENTJUR TAJFUN U13<\/td><td><a href=\"https:\/\/livestats.dcd.shared.geniussports.com\/webcast\/BIH\/2652391\/\" target=\"_blank\">Link<\/a><\/td><\/tr>\n    <tr><td>20.4.2025 10:00<\/td><td>366<\/td><td>TRIGLAV KRANJ U12<\/td><td>ORLI POSTOJNA U12 B<\/td><td><a href=\"https:\/\/livestats.dcd.shared.geniussports.com\/webcast\/BIH\/2652401\/\" target=\"_blank\">Link<\/a><\/td><\/tr>\n    <tr><td>20.4.2025 11:00<\/td><td>369<\/td><td>ORLI POSTOJNA U12 A<\/td><td>NYIKSE U12<\/td><td><a href=\"https:\/\/livestats.dcd.shared.geniussports.com\/webcast\/BIH\/2652402\/\" target=\"_blank\">Link<\/a><\/td><\/tr>\n    <tr><td>20.4.2025 08:00<\/td><td>370<\/td><td>ZKK AS TREN\u010cIN U18<\/td><td>ZKK KONJIC U18<\/td><td><a href=\"https:\/\/livestats.dcd.shared.geniussports.com\/webcast\/BIH\/2652403\/\" target=\"_blank\">Link<\/a><\/td><\/tr>\n    <tr><td>20.4.2025 09:00<\/td><td>371<\/td><td>ZKK PLZEN U18<\/td><td>\u017dKK \u010cELIK BH TELECOM U18<\/td><td><a href=\"https:\/\/livestats.dcd.shared.geniussports.com\/webcast\/BIH\/2652404\/\" target=\"_blank\">Link<\/a><\/td><\/tr>\n    <tr><td>20.4.2025 11:00<\/td><td>372<\/td><td>ZKK KONJIC U18<\/td><td>\u017dKK \u010cELIK BH TELECOM U18<\/td><td><a href=\"https:\/\/livestats.dcd.shared.geniussports.com\/webcast\/BIH\/2652405\/\" target=\"_blank\">Link<\/a><\/td><\/tr>\n    <tr><td>20.4.2025 10:00<\/td><td>375<\/td><td>ZKK PLAY OFF U16<\/td><td>ZKK DINAMO GORIZIA U16<\/td><td><a href=\"https:\/\/livestats.dcd.shared.geniussports.com\/webcast\/BIH\/2652406\/\" target=\"_blank\">Link<\/a><\/td><\/tr>\n    <tr><td>20.4.2025 08:00<\/td><td>375<\/td><td>ZKK DINAMO GORIZIA U14<\/td><td>ROLLING U14<\/td><td><a href=\"https:\/\/livestats.dcd.shared.geniussports.com\/webcast\/BIH\/2652407\/\" target=\"_blank\">Link<\/a><\/td><\/tr>\n    <tr><td>20.4.2025 09:00<\/td><td>375<\/td><td>PLAY OFF U14<\/td><td>ZKK DINAMO GORIZIA WHITE U14<\/td><td><a href=\"https:\/\/livestats.dcd.shared.geniussports.com\/webcast\/BIH\/2652408\/\" target=\"_blank\">Link<\/a><\/td><\/tr>\n    <tr><td>20.4.2025 10:00<\/td><td>380<\/td><td>ZKK RADOST CAKOVEC U14<\/td><td>ZKK ILIRIJA U14<\/td><td><a href=\"https:\/\/livestats.dcd.shared.geniussports.com\/webcast\/BIH\/2652409\/\" target=\"_blank\">Link<\/a><\/td><\/tr>\n    <tr><td>20.4.2025 12:00<\/td><td>390<\/td><td>ZKK AS TREN\u010cIN U14<\/td><td>ZKK ORLI POSTOJNA U14<\/td><td><a href=\"https:\/\/livestats.dcd.shared.geniussports.com\/webcast\/BIH\/2652410\/\" target=\"_blank\">Link<\/a><\/td><\/tr>\n    <tr><td>20.4.2025 09:00<\/td><td>400<\/td><td>OKK \u010cELIK U14<\/td><td>\u0160ENTVID U14<\/td><td><a href=\"https:\/\/livestats.dcd.shared.geniussports.com\/webcast\/BIH\/2652424\/\" target=\"_blank\">Link<\/a><\/td><\/tr>\n  <\/tbody>\n<\/table>\n\t\t<\/div>\n\t\t\t\t<\/div>\n\t\t\t\t\t<\/div>\n\t\t\t\t<\/div>\n\t\t<div class=\"elementor-element elementor-element-9f9e634 e-flex e-con-boxed e-con e-parent\" data-id=\"9f9e634\" data-element_type=\"container\" data-settings=\"{&quot;content_width&quot;:&quot;boxed&quot;}\" data-core-v316-plus=\"true\">\n\t\t\t\t\t<div class=\"e-con-inner\">\n\t\t\t\t<div class=\"elementor-element elementor-element-3b77526 elementor-widget elementor-widget-html\" data-id=\"3b77526\" data-element_type=\"widget\" data-widget_type=\"html.default\">\n\t\t\t\t<div class=\"elementor-widget-container\">\n\t\t\t<table style=\"width: 100%; border-collapse: collapse;\" border=\"1\">\n  <thead>\n    <tr style=\"background-color: #f2f2f2;\">\n      <th>Datum<\/th>\n      <th>Vreme<\/th>\n      <th>Kategorija<\/th>\n      <th>Tim 1<\/th>\n      <th>Tim 2<\/th>\n      <th>Live Stats<\/th>\n    <\/tr>\n  <\/thead>\n  <tbody>\n    <tr>\n      <td>19.4.2025<\/td><td>08:00<\/td><td>U14<\/td><td>\u0160BK GALAXY U14<\/td><td>\u0160ENTVID U14<\/td><td><a href=\"https:\/\/livestats.dcd.shared.geniussports.com\/webcast\/BIH\/2651971\/\" target=\"_blank\">Link<\/a><\/td>\n    <\/tr>\n    <tr>\n      <td>19.4.2025<\/td><td>09:00<\/td><td>U14<\/td><td>AS TREN\u010cIN U14<\/td><td>KD SLOVAN U14<\/td><td><a href=\"https:\/\/livestats.dcd.shared.geniussports.com\/webcast\/BIH\/2651974\/\" target=\"_blank\">Link<\/a><\/td>\n    <\/tr>\n    <tr>\n      <td>19.4.2025<\/td><td>10:00<\/td><td>U14<\/td><td>POBEDNIK 011 U14<\/td><td>ME\u0110IMURJE \u010cAKOVEC U14<\/td><td><a href=\"https:\/\/livestats.dcd.shared.geniussports.com\/webcast\/BIH\/2651967\/\" target=\"_blank\">Link<\/a><\/td>\n    <\/tr>\n    <tr>\n      <td>19.4.2025<\/td><td>11:00<\/td><td>U14<\/td><td>BUZ STARS U14<\/td><td>\u0160ENTJUR TAJFUN U14<\/td><td><a href=\"https:\/\/livestats.dcd.shared.geniussports.com\/webcast\/BIH\/2651969\/\" target=\"_blank\">Link<\/a><\/td>\n    <\/tr>\n    <tr>\n      <td>19.4.2025<\/td><td>12:00<\/td><td>U14<\/td><td>SPARS U14<\/td><td>\u0160BK GALAXY U14<\/td><td><a href=\"https:\/\/livestats.dcd.shared.geniussports.com\/webcast\/BIH\/2651972\/\" target=\"_blank\">Link<\/a><\/td>\n    <\/tr>\n    <tr>\n      <td>19.4.2025<\/td><td>13:00<\/td><td>U14<\/td><td>DOM GORIZIA U14<\/td><td>OKK \u010cELIK U14<\/td><td><a href=\"https:\/\/livestats.dcd.shared.geniussports.com\/webcast\/BIH\/2651970\/\" target=\"_blank\">Link<\/a><\/td>\n    <\/tr>\n    <tr>\n      <td>19.4.2025<\/td><td>13:00<\/td><td>U14<\/td><td>MVP U14<\/td><td>AS TREN\u010cIN U14<\/td><td><a href=\"https:\/\/livestats.dcd.shared.geniussports.com\/webcast\/BIH\/2651975\/\" target=\"_blank\">Link<\/a><\/td>\n    <\/tr>\n    <tr>\n      <td>19.4.2025<\/td><td>14:00<\/td><td>U14<\/td><td>ORLI POSTOJNA U14<\/td><td>VITEZ U14<\/td><td><a href=\"https:\/\/livestats.dcd.shared.geniussports.com\/webcast\/BIH\/2651968\/\" target=\"_blank\">Link<\/a><\/td>\n    <\/tr>\n    <tr>\n      <td>19.4.2025<\/td><td>16:00<\/td><td>U14<\/td><td>HIDRIA U14<\/td><td>SPARS U14<\/td><td><a href=\"https:\/\/livestats.dcd.shared.geniussports.com\/webcast\/BIH\/2651973\/\" target=\"_blank\">Link<\/a><\/td>\n    <\/tr>\n  <\/tbody>\n<\/table>\n\t\t<\/div>\n\t\t\t\t<\/div>\n\t\t\t\t\t<\/div>\n\t\t\t\t<\/div>\n\t\t<div class=\"elementor-element elementor-element-17f48284 e-flex e-con-boxed e-con e-parent\" data-id=\"17f48284\" data-element_type=\"container\" data-settings=\"{&quot;content_width&quot;:&quot;boxed&quot;}\" data-core-v316-plus=\"true\">\n\t\t\t\t\t<div class=\"e-con-inner\">\n\t\t\t\t<div class=\"elementor-element elementor-element-3e6e268c elementor-widget elementor-widget-text-editor\" data-id=\"3e6e268c\" data-element_type=\"widget\" data-widget_type=\"text-editor.default\">\n\t\t\t\t<div class=\"elementor-widget-container\">\n\t\t\t<style>\/*! elementor - v3.19.0 - 07-02-2024 *\/\n.elementor-widget-text-editor.elementor-drop-cap-view-stacked .elementor-drop-cap{background-color:#69727d;color:#fff}.elementor-widget-text-editor.elementor-drop-cap-view-framed .elementor-drop-cap{color:#69727d;border:3px solid;background-color:transparent}.elementor-widget-text-editor:not(.elementor-drop-cap-view-default) .elementor-drop-cap{margin-top:8px}.elementor-widget-text-editor:not(.elementor-drop-cap-view-default) .elementor-drop-cap-letter{width:1em;height:1em}.elementor-widget-text-editor .elementor-drop-cap{float:left;text-align:center;line-height:1;font-size:50px}.elementor-widget-text-editor .elementor-drop-cap-letter{display:inline-block}<\/style>\t\t\t\t<!-- wp:html -->\n<h3 style=\"font-family: Arial, sans-serif; margin-top: 30px;\">U14 \u2013 Raspored i Statistika (18.4.2025)<\/h3>\n<table style=\"width:100%; border-collapse: collapse; font-family: Arial, sans-serif;\">\n  <thead>\n    <tr style=\"background-color: #f2f2f2;\">\n      <th style=\"padding: 8px; border: 1px solid #ddd;\">Datum &#038; Vrijeme<\/th>\n      <th style=\"padding: 8px; border: 1px solid #ddd;\">Utakmica<\/th>\n      <th style=\"padding: 8px; border: 1px solid #ddd;\">Link<\/th>\n    <\/tr>\n  <\/thead>\n  <tbody>\n    <tr><td style=\"padding: 8px; border: 1px solid #ddd;\">08:00<\/td><td style=\"padding: 8px; border: 1px solid #ddd;\">MEDJIMURJE \u010cAKOVEC U14 vs ORLI POSTOJNA U14<\/td><td style=\"padding: 8px; border: 1px solid #ddd;\"><a href=\"https:\/\/livestats.dcd.shared.geniussports.com\/webcast\/BIH\/2651327\/\" target=\"_blank\">Statistika<\/a><\/td><\/tr>\n    <tr><td style=\"padding: 8px; border: 1px solid #ddd;\">09:00<\/td><td style=\"padding: 8px; border: 1px solid #ddd;\">\u0160ENTJUR TAJFUN U14 vs DOM GORIZIA U14<\/td><td style=\"padding: 8px; border: 1px solid #ddd;\"><a href=\"https:\/\/livestats.dcd.shared.geniussports.com\/webcast\/BIH\/2651331\/\" target=\"_blank\">Statistika<\/a><\/td><\/tr>\n    <tr><td style=\"padding: 8px; border: 1px solid #ddd;\">10:00<\/td><td style=\"padding: 8px; border: 1px solid #ddd;\">\u0160ENTVID U14 vs HIDRIA U14<\/td><td style=\"padding: 8px; border: 1px solid #ddd;\"><a href=\"https:\/\/livestats.dcd.shared.geniussports.com\/webcast\/BIH\/2651343\/\" target=\"_blank\">Statistika<\/a><\/td><\/tr>\n    <tr><td style=\"padding: 8px; border: 1px solid #ddd;\">11:00<\/td><td style=\"padding: 8px; border: 1px solid #ddd;\">KD SLOVAN U14 vs DINAMO GORIZIA U14<\/td><td style=\"padding: 8px; border: 1px solid #ddd;\"><a href=\"https:\/\/livestats.dcd.shared.geniussports.com\/webcast\/BIH\/2651346\/\" target=\"_blank\">Statistika<\/a><\/td><\/tr>\n    <tr><td style=\"padding: 8px; border: 1px solid #ddd;\">12:00<\/td><td style=\"padding: 8px; border: 1px solid #ddd;\">ORLI POSTOJNA U14 vs POBEDNIK 011 U14<\/td><td style=\"padding: 8px; border: 1px solid #ddd;\"><a href=\"https:\/\/livestats.dcd.shared.geniussports.com\/webcast\/BIH\/2651328\/\" target=\"_blank\">Statistika<\/a><\/td><\/tr>\n    <tr><td style=\"padding: 8px; border: 1px solid #ddd;\">13:00<\/td><td style=\"padding: 8px; border: 1px solid #ddd;\">DOM GORIZIA U14 vs BUZ STARS U14<\/td><td style=\"padding: 8px; border: 1px solid #ddd;\"><a href=\"https:\/\/livestats.dcd.shared.geniussports.com\/webcast\/BIH\/2651332\/\" target=\"_blank\">Statistika<\/a><\/td><\/tr>\n    <tr><td style=\"padding: 8px; border: 1px solid #ddd;\">14:00<\/td><td style=\"padding: 8px; border: 1px solid #ddd;\">\u0160ENTVID U14 vs SPARS U14<\/td><td style=\"padding: 8px; border: 1px solid #ddd;\"><a href=\"https:\/\/livestats.dcd.shared.geniussports.com\/webcast\/BIH\/2651344\/\" target=\"_blank\">Statistika<\/a><\/td><\/tr>\n    <tr><td style=\"padding: 8px; border: 1px solid #ddd;\">15:00<\/td><td style=\"padding: 8px; border: 1px solid #ddd;\">DINAMO GORIZIA U14 vs AS TREN\u010cIN U14<\/td><td style=\"padding: 8px; border: 1px solid #ddd;\"><a href=\"https:\/\/livestats.dcd.shared.geniussports.com\/webcast\/BIH\/2651347\/\" target=\"_blank\">Statistika<\/a><\/td><\/tr>\n    <tr><td style=\"padding: 8px; border: 1px solid #ddd;\">16:00<\/td><td style=\"padding: 8px; border: 1px solid #ddd;\">MEDJIMURJE \u010cAKOVEC U14 vs VITEZ U14<\/td><td style=\"padding: 8px; border: 1px solid #ddd;\"><a href=\"https:\/\/livestats.dcd.shared.geniussports.com\/webcast\/BIH\/2651329\/\" target=\"_blank\">Statistika<\/a><\/td><\/tr>\n    <tr><td style=\"padding: 8px; border: 1px solid #ddd;\">17:00<\/td><td style=\"padding: 8px; border: 1px solid #ddd;\">\u0160ENTJUR TAJFUN U14 vs OKK \u010cELIK U14<\/td><td style=\"padding: 8px; border: 1px solid #ddd;\"><a href=\"https:\/\/livestats.dcd.shared.geniussports.com\/webcast\/BIH\/2651338\/\" target=\"_blank\">Statistika<\/a><\/td><\/tr>\n    <tr><td style=\"padding: 8px; border: 1px solid #ddd;\">18:00<\/td><td style=\"padding: 8px; border: 1px solid #ddd;\">HIDRIA U14 vs SBK GALAXY U14<\/td><td style=\"padding: 8px; border: 1px solid #ddd;\"><a href=\"https:\/\/livestats.dcd.shared.geniussports.com\/webcast\/BIH\/2651345\/\" target=\"_blank\">Statistika<\/a><\/td><\/tr>\n    <tr><td style=\"padding: 8px; border: 1px solid #ddd;\">19:00<\/td><td style=\"padding: 8px; border: 1px solid #ddd;\">KD SLOVAN U14 vs MVP U14<\/td><td style=\"padding: 8px; border: 1px solid #ddd;\"><a href=\"https:\/\/livestats.dcd.shared.geniussports.com\/webcast\/BIH\/2651348\/\" target=\"_blank\">Statistika<\/a><\/td><\/tr>\n    <tr><td style=\"padding: 8px; border: 1px solid #ddd;\">20:00<\/td><td style=\"padding: 8px; border: 1px solid #ddd;\">VITEZ U14 vs POBEDNIK 011 U14<\/td><td style=\"padding: 8px; border: 1px solid #ddd;\"><a href=\"https:\/\/livestats.dcd.shared.geniussports.com\/webcast\/BIH\/2651330\/\" target=\"_blank\">Statistika<\/a><\/td><\/tr>\n    <tr><td style=\"padding: 8px; border: 1px solid #ddd;\">21:00<\/td><td style=\"padding: 8px; border: 1px solid #ddd;\">OKK \u010cELIK U14 vs BUZ STARS U14<\/td><td style=\"padding: 8px; border: 1px solid #ddd;\"><a href=\"https:\/\/livestats.dcd.shared.geniussports.com\/webcast\/BIH\/2651339\/\" target=\"_blank\">Statistika<\/a><\/td><\/tr>\n  <\/tbody>\n<\/table>\n\n<!-- \/wp:html -->\t\t\t\t\t\t<\/div>\n\t\t\t\t<\/div>\n\t\t\t\t\t<\/div>\n\t\t\t\t<\/div>\n\t\t\t\t<\/div>\n\t\t","protected":false},"excerpt":{"rendered":"<p>Match Time Match Number Team 1 Team 2 Match URL 20.4.2025 08:00 330 RADOVLJICA U18 KRVAVEC U18 Link 20.4.2025 09:10 331 \u017dITKO BASKET U18 AS TREN\u010cIN U18 Link 20.4.2025 08:00 332 \u0160BK GALAXY U16 KO\u010cEVJE U16 Link 20.4.2025 08:00 333 OKK \u010cELIK U16 AKK BRANIK U16 Link 20.4.2025 09:10 335 KD SLOVAN U16 BLACK \u0160ENTJUR [&hellip;]<\/p>\n","protected":false},"author":1,"featured_media":0,"parent":0,"menu_order":0,"comment_status":"closed","ping_status":"closed","template":"","meta":{"footnotes":""},"class_list":["post-4176","page","type-page","status-publish","hentry"],"_links":{"self":[{"href":"https:\/\/basketcup.org\/index.php?rest_route=\/wp\/v2\/pages\/4176","targetHints":{"allow":["GET"]}}],"collection":[{"href":"https:\/\/basketcup.org\/index.php?rest_route=\/wp\/v2\/pages"}],"about":[{"href":"https:\/\/basketcup.org\/index.php?rest_route=\/wp\/v2\/types\/page"}],"author":[{"embeddable":true,"href":"https:\/\/basketcup.org\/index.php?rest_route=\/wp\/v2\/users\/1"}],"replies":[{"embeddable":true,"href":"https:\/\/basketcup.org\/index.php?rest_route=%2Fwp%2Fv2%2Fcomments&post=4176"}],"version-history":[{"count":0,"href":"https:\/\/basketcup.org\/index.php?rest_route=\/wp\/v2\/pages\/4176\/revisions"}],"wp:attachment":[{"href":"https:\/\/basketcup.org\/index.php?rest_route=%2Fwp%2Fv2%2Fmedia&parent=4176"}],"curies":[{"name":"wp","href":"https:\/\/api.w.org\/{rel}","templated":true}]}}