{"id":4184,"date":"2025-04-16T23:19:24","date_gmt":"2025-04-16T21:19:24","guid":{"rendered":"https:\/\/basketcup.org\/?page_id=4184"},"modified":"2025-04-20T09:13:11","modified_gmt":"2025-04-20T07:13:11","slug":"rezultati-u16","status":"publish","type":"page","link":"https:\/\/basketcup.org\/?page_id=4184","title":{"rendered":"Rezultati U16"},"content":{"rendered":"\t\t<div data-elementor-type=\"wp-page\" data-elementor-id=\"4184\" class=\"elementor elementor-4184\" data-elementor-post-type=\"page\">\n\t\t\t\t<div class=\"elementor-element elementor-element-96ec48f e-flex e-con-boxed e-con e-parent\" data-id=\"96ec48f\" data-element_type=\"container\" data-settings=\"{&quot;content_width&quot;:&quot;boxed&quot;}\" data-core-v316-plus=\"true\">\n\t\t\t\t\t<div class=\"e-con-inner\">\n\t\t\t\t<div class=\"elementor-element elementor-element-34da970 elementor-widget elementor-widget-html\" data-id=\"34da970\" data-element_type=\"widget\" data-widget_type=\"html.default\">\n\t\t\t\t<div class=\"elementor-widget-container\">\n\t\t\t<table style=\"width:100%; border-collapse: collapse; text-align: left;\">\n  <thead>\n    <tr style=\"background-color:#f2f2f2;\">\n      <th style=\"padding: 8px; border: 1px solid #ddd;\">Match Time<\/th>\n      <th style=\"padding: 8px; border: 1px solid #ddd;\">Match Number<\/th>\n      <th style=\"padding: 8px; border: 1px solid #ddd;\">Team 1<\/th>\n      <th style=\"padding: 8px; border: 1px solid #ddd;\">Team 2<\/th>\n      <th style=\"padding: 8px; border: 1px solid #ddd;\">Match URL<\/th>\n    <\/tr>\n  <\/thead>\n  <tbody>\n    <tr><td style=\"padding: 8px; border: 1px solid #ddd;\">20.4.2025 08:00<\/td><td>330<\/td><td>RADOVLJICA U18<\/td><td>KRVAVEC U18<\/td><td><a href=\"https:\/\/livestats.dcd.shared.geniussports.com\/webcast\/BIH\/2652376\/\" target=\"_blank\">Link<\/a><\/td><\/tr>\n    <tr><td>20.4.2025 09:10<\/td><td>331<\/td><td>\u017dITKO BASKET U18<\/td><td>AS TREN\u010cIN U18<\/td><td><a href=\"https:\/\/livestats.dcd.shared.geniussports.com\/webcast\/BIH\/2652377\/\" target=\"_blank\">Link<\/a><\/td><\/tr>\n    <tr><td>20.4.2025 08:00<\/td><td>332<\/td><td>\u0160BK GALAXY U16<\/td><td>KO\u010cEVJE U16<\/td><td><a href=\"https:\/\/livestats.dcd.shared.geniussports.com\/webcast\/BIH\/2652378\/\" target=\"_blank\">Link<\/a><\/td><\/tr>\n    <tr><td>20.4.2025 08:00<\/td><td>333<\/td><td>OKK \u010cELIK U16<\/td><td>AKK BRANIK U16<\/td><td><a href=\"https:\/\/livestats.dcd.shared.geniussports.com\/webcast\/BIH\/2652379\/\" target=\"_blank\">Link<\/a><\/td><\/tr>\n    <tr><td>20.4.2025 09:10<\/td><td>335<\/td><td>KD SLOVAN U16 BLACK<\/td><td>\u0160ENTJUR TAJFUN U16 A<\/td><td><a href=\"https:\/\/livestats.dcd.shared.geniussports.com\/webcast\/BIH\/2652380\/\" target=\"_blank\">Link<\/a><\/td><\/tr>\n    <tr><td>20.4.2025 09:10<\/td><td>336<\/td><td>POBEDNIK 011 U16<\/td><td>BBC MARIBOR U16<\/td><td><a href=\"https:\/\/livestats.dcd.shared.geniussports.com\/webcast\/BIH\/2652381\/\" target=\"_blank\">Link<\/a><\/td><\/tr>\n    <tr><td>20.4.2025 08:00<\/td><td>337<\/td><td>BUZ STARS U14<\/td><td>HIDRIA U14<\/td><td><a href=\"https:\/\/livestats.dcd.shared.geniussports.com\/webcast\/BIH\/2652382\/\" target=\"_blank\">Link<\/a><\/td><\/tr>\n    <tr><td>20.4.2025 10:00<\/td><td>339<\/td><td>MVP U14<\/td><td>DOM GORIZIA U14<\/td><td><a href=\"https:\/\/livestats.dcd.shared.geniussports.com\/webcast\/BIH\/2652383\/\" target=\"_blank\">Link<\/a><\/td><\/tr>\n    <tr><td>20.4.2025 11:00<\/td><td>340<\/td><td>VITEZ U14<\/td><td>\u0160ENTJUR TAJFUN U14<\/td><td><a href=\"https:\/\/livestats.dcd.shared.geniussports.com\/webcast\/BIH\/2652384\/\" target=\"_blank\">Link<\/a><\/td><\/tr>\n    <tr><td>20.4.2025 12:00<\/td><td>342<\/td><td>\u0160BK GALAXY U14<\/td><td>DINAMO GORIZIA U14<\/td><td><a href=\"https:\/\/livestats.dcd.shared.geniussports.com\/webcast\/BIH\/2652385\/\" target=\"_blank\">Link<\/a><\/td><\/tr>\n    <tr><td>20.4.2025 10:20<\/td><td>350<\/td><td>SPARS U14<\/td><td>POBEDNIK 011 U14<\/td><td><a href=\"https:\/\/livestats.dcd.shared.geniussports.com\/webcast\/BIH\/2652386\/\" target=\"_blank\">Link<\/a><\/td><\/tr>\n    <tr><td>20.4.2025 08:00<\/td><td>352<\/td><td>KA MARIBOR U13<\/td><td>BUZ STARS U13<\/td><td><a href=\"https:\/\/livestats.dcd.shared.geniussports.com\/webcast\/BIH\/2652387\/\" target=\"_blank\">Link<\/a><\/td><\/tr>\n    <tr><td>20.4.2025 09:00<\/td><td>354<\/td><td>KD SLOVAN U13<\/td><td>BBC MARIBOR U13<\/td><td><a href=\"https:\/\/livestats.dcd.shared.geniussports.com\/webcast\/BIH\/2652388\/\" target=\"_blank\">Link<\/a><\/td><\/tr>\n    <tr><td>20.4.2025 09:00<\/td><td>360<\/td><td>KONJIC U13<\/td><td>BO\u0160NJAK U13<\/td><td><a href=\"https:\/\/livestats.dcd.shared.geniussports.com\/webcast\/BIH\/2652389\/\" target=\"_blank\">Link<\/a><\/td><\/tr>\n    <tr><td>20.4.2025 11:00<\/td><td>367<\/td><td>MVP U13<\/td><td>POBEDNIK 011 U13<\/td><td><a href=\"https:\/\/livestats.dcd.shared.geniussports.com\/webcast\/BIH\/2652390\/\" target=\"_blank\">Link<\/a><\/td><\/tr>\n    <tr><td>20.4.2025 12:00<\/td><td>364<\/td><td>LIONS U13<\/td><td>\u0160ENTJUR TAJFUN U13<\/td><td><a href=\"https:\/\/livestats.dcd.shared.geniussports.com\/webcast\/BIH\/2652391\/\" target=\"_blank\">Link<\/a><\/td><\/tr>\n    <tr><td>20.4.2025 10:00<\/td><td>366<\/td><td>TRIGLAV KRANJ U12<\/td><td>ORLI POSTOJNA U12 B<\/td><td><a href=\"https:\/\/livestats.dcd.shared.geniussports.com\/webcast\/BIH\/2652401\/\" target=\"_blank\">Link<\/a><\/td><\/tr>\n    <tr><td>20.4.2025 11:00<\/td><td>369<\/td><td>ORLI POSTOJNA U12 A<\/td><td>NYIKSE U12<\/td><td><a href=\"https:\/\/livestats.dcd.shared.geniussports.com\/webcast\/BIH\/2652402\/\" target=\"_blank\">Link<\/a><\/td><\/tr>\n    <tr><td>20.4.2025 08:00<\/td><td>370<\/td><td>ZKK AS TREN\u010cIN U18<\/td><td>ZKK KONJIC U18<\/td><td><a href=\"https:\/\/livestats.dcd.shared.geniussports.com\/webcast\/BIH\/2652403\/\" target=\"_blank\">Link<\/a><\/td><\/tr>\n    <tr><td>20.4.2025 09:00<\/td><td>371<\/td><td>ZKK PLZEN U18<\/td><td>\u017dKK \u010cELIK BH TELECOM U18<\/td><td><a href=\"https:\/\/livestats.dcd.shared.geniussports.com\/webcast\/BIH\/2652404\/\" target=\"_blank\">Link<\/a><\/td><\/tr>\n    <tr><td>20.4.2025 11:00<\/td><td>372<\/td><td>ZKK KONJIC U18<\/td><td>\u017dKK \u010cELIK BH TELECOM U18<\/td><td><a href=\"https:\/\/livestats.dcd.shared.geniussports.com\/webcast\/BIH\/2652405\/\" target=\"_blank\">Link<\/a><\/td><\/tr>\n    <tr><td>20.4.2025 10:00<\/td><td>375<\/td><td>ZKK PLAY OFF U16<\/td><td>ZKK DINAMO GORIZIA U16<\/td><td><a href=\"https:\/\/livestats.dcd.shared.geniussports.com\/webcast\/BIH\/2652406\/\" target=\"_blank\">Link<\/a><\/td><\/tr>\n    <tr><td>20.4.2025 08:00<\/td><td>375<\/td><td>ZKK DINAMO GORIZIA U14<\/td><td>ROLLING U14<\/td><td><a href=\"https:\/\/livestats.dcd.shared.geniussports.com\/webcast\/BIH\/2652407\/\" target=\"_blank\">Link<\/a><\/td><\/tr>\n    <tr><td>20.4.2025 09:00<\/td><td>375<\/td><td>PLAY OFF U14<\/td><td>ZKK DINAMO GORIZIA WHITE U14<\/td><td><a href=\"https:\/\/livestats.dcd.shared.geniussports.com\/webcast\/BIH\/2652408\/\" target=\"_blank\">Link<\/a><\/td><\/tr>\n    <tr><td>20.4.2025 10:00<\/td><td>380<\/td><td>ZKK RADOST CAKOVEC U14<\/td><td>ZKK ILIRIJA U14<\/td><td><a href=\"https:\/\/livestats.dcd.shared.geniussports.com\/webcast\/BIH\/2652409\/\" target=\"_blank\">Link<\/a><\/td><\/tr>\n    <tr><td>20.4.2025 12:00<\/td><td>390<\/td><td>ZKK AS TREN\u010cIN U14<\/td><td>ZKK ORLI POSTOJNA U14<\/td><td><a href=\"https:\/\/livestats.dcd.shared.geniussports.com\/webcast\/BIH\/2652410\/\" target=\"_blank\">Link<\/a><\/td><\/tr>\n    <tr><td>20.4.2025 09:00<\/td><td>400<\/td><td>OKK \u010cELIK U14<\/td><td>\u0160ENTVID U14<\/td><td><a href=\"https:\/\/livestats.dcd.shared.geniussports.com\/webcast\/BIH\/2652424\/\" target=\"_blank\">Link<\/a><\/td><\/tr>\n  <\/tbody>\n<\/table>\n\t\t<\/div>\n\t\t\t\t<\/div>\n\t\t\t\t\t<\/div>\n\t\t\t\t<\/div>\n\t\t<div class=\"elementor-element elementor-element-9bde146 e-flex e-con-boxed e-con e-parent\" data-id=\"9bde146\" data-element_type=\"container\" data-settings=\"{&quot;content_width&quot;:&quot;boxed&quot;}\" data-core-v316-plus=\"true\">\n\t\t\t\t\t<div class=\"e-con-inner\">\n\t\t\t\t<div class=\"elementor-element elementor-element-c2f85b1 elementor-widget elementor-widget-html\" data-id=\"c2f85b1\" data-element_type=\"widget\" data-widget_type=\"html.default\">\n\t\t\t\t<div class=\"elementor-widget-container\">\n\t\t\t<style>\n  .basket-table {\n    width: 100%;\n    border-collapse: collapse;\n    font-family: Arial, sans-serif;\n    font-size: 14px;\n  }\n  .basket-table th, .basket-table td {\n    border: 1px solid #ddd;\n    padding: 8px;\n    text-align: left;\n  }\n  .basket-table th {\n    background-color: #f2f2f2;\n    font-weight: bold;\n  }\n  .basket-table tr:nth-child(even) {\n    background-color: #f9f9f9;\n  }\n  .basket-table a {\n    color: #0066cc;\n    text-decoration: none;\n  }\n  .basket-table a:hover {\n    text-decoration: underline;\n  }\n<\/style>\n\n<table class=\"basket-table\">\n  <thead>\n    <tr>\n      <th>Datum<\/th>\n      <th>Kategorija<\/th>\n      <th>Tim 1<\/th>\n      <th>Tim 2<\/th>\n      <th>Link<\/th>\n    <\/tr>\n  <\/thead>\n  <tbody>\n    <tr><td>19.4.2025 08:00<\/td><td>U16<\/td><td>MVP U16<\/td><td>\u0160ENTVID U16<\/td><td><a href=\"https:\/\/livestats.dcd.shared.geniussports.com\/webcast\/BIH\/2651942\/\" target=\"_blank\">Gledaj<\/a><\/td><\/tr>\n    <tr><td>19.4.2025 08:00<\/td><td>U16<\/td><td>CERAK 2 U16<\/td><td>AS TREN\u010cIN U16<\/td><td><a href=\"https:\/\/livestats.dcd.shared.geniussports.com\/webcast\/BIH\/2651943\/\" target=\"_blank\">Gledaj<\/a><\/td><\/tr>\n    <tr><td>19.4.2025 09:10<\/td><td>U16<\/td><td>ME\u0110IMURJE \u010cAKOVEC U16<\/td><td>KD SLOVAN U16 BLACK<\/td><td><a href=\"https:\/\/livestats.dcd.shared.geniussports.com\/webcast\/BIH\/2651944\/\" target=\"_blank\">Gledaj<\/a><\/td><\/tr>\n    <tr><td>19.4.2025 09:10<\/td><td>U16<\/td><td>KA MARIBOR U16<\/td><td>RADOVLJICA U16<\/td><td><a href=\"https:\/\/livestats.dcd.shared.geniussports.com\/webcast\/BIH\/2651945\/\" target=\"_blank\">Gledaj<\/a><\/td><\/tr>\n    <tr><td>19.4.2025 10:20<\/td><td>U16<\/td><td>CERAK U16<\/td><td>FALCONSTAR U16<\/td><td><a href=\"https:\/\/livestats.dcd.shared.geniussports.com\/webcast\/BIH\/2651946\/\" target=\"_blank\">Gledaj<\/a><\/td><\/tr>\n    <tr><td>19.4.2025 10:20<\/td><td>U16<\/td><td>CRIKVENICA U16<\/td><td>BBC MARIBOR U16<\/td><td><a href=\"https:\/\/livestats.dcd.shared.geniussports.com\/webcast\/BIH\/2651947\/\" target=\"_blank\">Gledaj<\/a><\/td><\/tr>\n    <tr><td>19.4.2025 11:30<\/td><td>U16<\/td><td>POBEDNIK 011 U16<\/td><td>\u0160BK GALAXY U16<\/td><td><a href=\"https:\/\/livestats.dcd.shared.geniussports.com\/webcast\/BIH\/2651948\/\" target=\"_blank\">Gledaj<\/a><\/td><\/tr>\n    <tr><td>19.4.2025 11:30<\/td><td>U16<\/td><td>DINAMO GORIZIA U16<\/td><td>3X3 KONJIC U16<\/td><td><a href=\"https:\/\/livestats.dcd.shared.geniussports.com\/webcast\/BIH\/2651949\/\" target=\"_blank\">Gledaj<\/a><\/td><\/tr>\n    <tr><td>19.4.2025 12:40<\/td><td>U16<\/td><td>ORLI POSTOJNA U16<\/td><td>\u0160ENTJUR TAJFUN U16 B<\/td><td><a href=\"https:\/\/livestats.dcd.shared.geniussports.com\/webcast\/BIH\/2651950\/\" target=\"_blank\">Gledaj<\/a><\/td><\/tr>\n    <tr><td>19.4.2025 12:40<\/td><td>U16<\/td><td>AKK BRANIK U16<\/td><td>MVP U16<\/td><td><a href=\"https:\/\/livestats.dcd.shared.geniussports.com\/webcast\/BIH\/2651951\/\" target=\"_blank\">Gledaj<\/a><\/td><\/tr>\n    <tr><td>19.4.2025 12:40<\/td><td>U16<\/td><td>KD SLOVAN U16 WHITE<\/td><td>OKK \u010cELIK U16<\/td><td><a href=\"https:\/\/livestats.dcd.shared.geniussports.com\/webcast\/BIH\/2651952\/\" target=\"_blank\">Gledaj<\/a><\/td><\/tr>\n    <tr><td>19.4.2025 13:50<\/td><td>U16<\/td><td>BUZ STARS U16<\/td><td>DONJI KRALJEVEC U16<\/td><td><a href=\"https:\/\/livestats.dcd.shared.geniussports.com\/webcast\/BIH\/2651953\/\" target=\"_blank\">Gledaj<\/a><\/td><\/tr>\n    <tr><td>19.4.2025 13:50<\/td><td>U16<\/td><td>AS TREN\u010cIN U16<\/td><td>KA MARIBOR U16<\/td><td><a href=\"https:\/\/livestats.dcd.shared.geniussports.com\/webcast\/BIH\/2651954\/\" target=\"_blank\">Gledaj<\/a><\/td><\/tr>\n    <tr><td>19.4.2025 15:00<\/td><td>U16<\/td><td>KD SLOVAN U16 BLACK<\/td><td>KO\u010cEVJE U16<\/td><td><a href=\"https:\/\/livestats.dcd.shared.geniussports.com\/webcast\/BIH\/2651955\/\" target=\"_blank\">Gledaj<\/a><\/td><\/tr>\n    <tr><td>19.4.2025 15:00<\/td><td>U16<\/td><td>\u0160ENTJUR TAJFUN U16 A<\/td><td>SPARS U16<\/td><td><a href=\"https:\/\/livestats.dcd.shared.geniussports.com\/webcast\/BIH\/2651956\/\" target=\"_blank\">Gledaj<\/a><\/td><\/tr>\n    <tr><td>19.4.2025 15:00<\/td><td>U16<\/td><td>RADOVLJICA U16<\/td><td>CERAK 2 U16<\/td><td><a href=\"https:\/\/livestats.dcd.shared.geniussports.com\/webcast\/BIH\/2651957\/\" target=\"_blank\">Gledaj<\/a><\/td><\/tr>\n    <tr><td>19.4.2025 16:10<\/td><td>U16<\/td><td>FALCONSTAR U16<\/td><td>ME\u0110IMURJE \u010cAKOVEC U16<\/td><td><a href=\"https:\/\/livestats.dcd.shared.geniussports.com\/webcast\/BIH\/2651958\/\" target=\"_blank\">Gledaj<\/a><\/td><\/tr>\n    <tr><td>19.4.2025 16:10<\/td><td>U16<\/td><td>REALWAY B U16<\/td><td>ORLI POSTOJNA U16<\/td><td><a href=\"https:\/\/livestats.dcd.shared.geniussports.com\/webcast\/BIH\/2651959\/\" target=\"_blank\">Gledaj<\/a><\/td><\/tr>\n    <tr><td>19.4.2025 16:10<\/td><td>U16<\/td><td>\u0160ENTVID U16<\/td><td>AKK BRANIK U16<\/td><td><a href=\"https:\/\/livestats.dcd.shared.geniussports.com\/webcast\/BIH\/2651960\/\" target=\"_blank\">Gledaj<\/a><\/td><\/tr>\n    <tr><td>19.4.2025 17:20<\/td><td>U16<\/td><td>MVP U16<\/td><td>DINAMO GORIZIA U16<\/td><td><a href=\"https:\/\/livestats.dcd.shared.geniussports.com\/webcast\/BIH\/2651961\/\" target=\"_blank\">Gledaj<\/a><\/td><\/tr>\n    <tr><td>19.4.2025 17:20<\/td><td>U16<\/td><td>OKK \u010cELIK U16<\/td><td>POBEDNIK 011 U16<\/td><td><a href=\"https:\/\/livestats.dcd.shared.geniussports.com\/webcast\/BIH\/2651962\/\" target=\"_blank\">Gledaj<\/a><\/td><\/tr>\n    <tr><td>19.4.2025 17:20<\/td><td>U16<\/td><td>DONJI KRALJEVEC U16<\/td><td>\u0160ENTJUR TAJFUN U16 B<\/td><td><a href=\"https:\/\/livestats.dcd.shared.geniussports.com\/webcast\/BIH\/2651963\/\" target=\"_blank\">Gledaj<\/a><\/td><\/tr>\n    <tr><td>19.4.2025 18:30<\/td><td>U16<\/td><td>CERAK U16<\/td><td>KO\u010cEVJE U16<\/td><td><a href=\"https:\/\/livestats.dcd.shared.geniussports.com\/webcast\/BIH\/2651964\/\" target=\"_blank\">Gledaj<\/a><\/td><\/tr>\n    <tr><td>19.4.2025 18:30<\/td><td>U16<\/td><td>REALWAY B U16<\/td><td>BUZ STARS U16<\/td><td><a href=\"https:\/\/livestats.dcd.shared.geniussports.com\/webcast\/BIH\/2651965\/\" target=\"_blank\">Gledaj<\/a><\/td><\/tr>\n    <tr><td>19.4.2025 18:30<\/td><td>U16<\/td><td>REALWAY U16<\/td><td>RADOVLJICA U16<\/td><td><a href=\"https:\/\/livestats.dcd.shared.geniussports.com\/webcast\/BIH\/2651966\/\" target=\"_blank\">Gledaj<\/a><\/td><\/tr>\n  <\/tbody>\n<\/table>\n\t\t<\/div>\n\t\t\t\t<\/div>\n\t\t\t\t\t<\/div>\n\t\t\t\t<\/div>\n\t\t<div class=\"elementor-element elementor-element-392f3708 e-flex e-con-boxed e-con e-parent\" data-id=\"392f3708\" data-element_type=\"container\" data-settings=\"{&quot;content_width&quot;:&quot;boxed&quot;}\" data-core-v316-plus=\"true\">\n\t\t\t\t\t<div class=\"e-con-inner\">\n\t\t\t\t<div class=\"elementor-element elementor-element-469cb835 elementor-widget elementor-widget-text-editor\" data-id=\"469cb835\" data-element_type=\"widget\" data-widget_type=\"text-editor.default\">\n\t\t\t\t<div class=\"elementor-widget-container\">\n\t\t\t<style>\/*! elementor - v3.19.0 - 07-02-2024 *\/\n.elementor-widget-text-editor.elementor-drop-cap-view-stacked .elementor-drop-cap{background-color:#69727d;color:#fff}.elementor-widget-text-editor.elementor-drop-cap-view-framed .elementor-drop-cap{color:#69727d;border:3px solid;background-color:transparent}.elementor-widget-text-editor:not(.elementor-drop-cap-view-default) .elementor-drop-cap{margin-top:8px}.elementor-widget-text-editor:not(.elementor-drop-cap-view-default) .elementor-drop-cap-letter{width:1em;height:1em}.elementor-widget-text-editor .elementor-drop-cap{float:left;text-align:center;line-height:1;font-size:50px}.elementor-widget-text-editor .elementor-drop-cap-letter{display:inline-block}<\/style>\t\t\t\t<!-- wp:html -->\n<table border=\"1\" cellpadding=\"8\" cellspacing=\"0\">\n<thead>\n<tr><th>Datum i Vrijeme<\/th><th>Utakmica<\/th><th>Kategorija<\/th><th>Link<\/th><\/tr>\n<\/thead>\n<tbody>\n<tr><td>18.4.2025 08:00<\/td><td>KO\u010cEVJE U16 \u2013 FALCONSTAR U16<\/td><td>U16<\/td><td><a href='https:\/\/livestats.dcd.shared.geniussports.com\/webcast\/BIH\/2651349\/' target='_blank'>Gledaj<\/a><\/td><\/tr>\n<tr><td>18.4.2025 08:00<\/td><td>\u0160BK GALAXY U16 \u2013 KD SLOVAN U16 WHITE<\/td><td>U16<\/td><td><a href='https:\/\/livestats.dcd.shared.geniussports.com\/webcast\/BIH\/2651350\/' target='_blank'>Gledaj<\/a><\/td><\/tr>\n<tr><td>18.4.2025 09:10<\/td><td>ME\u0110IMURJE \u010cAKOVEC U16 \u2013 CERAK U16<\/td><td>U16<\/td><td><a href='https:\/\/livestats.dcd.shared.geniussports.com\/webcast\/BIH\/2651500\/' target='_blank'>Gledaj<\/a><\/td><\/tr>\n<tr><td>18.4.2025 09:10<\/td><td>BBC MARIBOR U16 \u2013 \u0160ENTJUR TAJFUN U16 A<\/td><td>U16<\/td><td><a href='https:\/\/livestats.dcd.shared.geniussports.com\/webcast\/BIH\/2651501\/' target='_blank'>Gledaj<\/a><\/td><\/tr>\n<tr><td>18.4.2025 10:20<\/td><td>KA MARIBOR U16 \u2013 REALWAY U16<\/td><td>U16<\/td><td><a href='https:\/\/livestats.dcd.shared.geniussports.com\/webcast\/BIH\/2651502\/' target='_blank'>Gledaj<\/a><\/td><\/tr>\n<tr><td>18.4.2025 10:20<\/td><td>ORLI POSTOJNA U16 \u2013 DONJI KRALJEVEC U16<\/td><td>U16<\/td><td><a href='https:\/\/livestats.dcd.shared.geniussports.com\/webcast\/BIH\/2651503\/' target='_blank'>Gledaj<\/a><\/td><\/tr>\n<tr><td>18.4.2025 11:30<\/td><td>\u0160ENTVID U16 \u2013 3X3 KONJIC U16<\/td><td>U16<\/td><td><a href='https:\/\/livestats.dcd.shared.geniussports.com\/webcast\/BIH\/2651504\/' target='_blank'>Gledaj<\/a><\/td><\/tr>\n<tr><td>18.4.2025 11:30<\/td><td>\u0160ENTJUR TAJFUN U16 B \u2013 BUZ STARS U16<\/td><td>U16<\/td><td><a href='https:\/\/livestats.dcd.shared.geniussports.com\/webcast\/BIH\/2651517\/' target='_blank'>Gledaj<\/a><\/td><\/tr>\n<tr><td>18.4.2025 12:40<\/td><td>AKK BRANIK U16 \u2013 DINAMO GORIZIA U16<\/td><td>U16<\/td><td><a href='https:\/\/livestats.dcd.shared.geniussports.com\/webcast\/BIH\/2651518\/' target='_blank'>Gledaj<\/a><\/td><\/tr>\n<tr><td>18.4.2025 12:40<\/td><td>RADOVLJICA U16 \u2013 AS TREN\u010cIN U16<\/td><td>U16<\/td><td><a href='https:\/\/livestats.dcd.shared.geniussports.com\/webcast\/BIH\/2651524\/' target='_blank'>Gledaj<\/a><\/td><\/tr>\n<tr><td>18.4.2025 12:40<\/td><td>FALCONSTAR U16 \u2013 KD SLOVAN U16 BLACK<\/td><td>U16<\/td><td><a href='https:\/\/livestats.dcd.shared.geniussports.com\/webcast\/BIH\/2651525\/' target='_blank'>Gledaj<\/a><\/td><\/tr>\n<tr><td>18.4.2025 13:50<\/td><td>\u0160ENTJUR TAJFUN U16 A \u2013 CRIKVENICA U16<\/td><td>U16<\/td><td><a href='https:\/\/livestats.dcd.shared.geniussports.com\/webcast\/BIH\/2651526\/' target='_blank'>Gledaj<\/a><\/td><\/tr>\n<tr><td>18.4.2025 15:00<\/td><td>BBC MARIBOR U16 \u2013 SPARS U16<\/td><td>U16<\/td><td><a href='https:\/\/livestats.dcd.shared.geniussports.com\/webcast\/BIH\/2651528\/' target='_blank'>Gledaj<\/a><\/td><\/tr>\n<tr><td>18.4.2025 15:00<\/td><td>BUZ STARS U16 \u2013 ORLI POSTOJNA U16<\/td><td>U16<\/td><td><a href='https:\/\/livestats.dcd.shared.geniussports.com\/webcast\/BIH\/2651529\/' target='_blank'>Gledaj<\/a><\/td><\/tr>\n<tr><td>18.4.2025 15:00<\/td><td>3X3 KONJIC U16 \u2013 MVP U16<\/td><td>U16<\/td><td><a href='https:\/\/livestats.dcd.shared.geniussports.com\/webcast\/BIH\/2651530\/' target='_blank'>Gledaj<\/a><\/td><\/tr>\n<tr><td>18.4.2025 16:10<\/td><td>KD SLOVAN U16 WHITE \u2013 CERAK U16<\/td><td>U16<\/td><td><a href='https:\/\/livestats.dcd.shared.geniussports.com\/webcast\/BIH\/2651531\/' target='_blank'>Gledaj<\/a><\/td><\/tr>\n<tr><td>18.4.2025 17:20<\/td><td>KD SLOVAN U16 WHITE \u2013 POBEDNIK 011 U16<\/td><td>U16<\/td><td><a href='https:\/\/livestats.dcd.shared.geniussports.com\/webcast\/BIH\/2651532\/' target='_blank'>Gledaj<\/a><\/td><\/tr>\n<tr><td>18.4.2025 17:20<\/td><td>DONJI KRALJEVEC U16 \u2013 REALWAY U16<\/td><td>U16<\/td><td><a href='https:\/\/livestats.dcd.shared.geniussports.com\/webcast\/BIH\/2651533\/' target='_blank'>Gledaj<\/a><\/td><\/tr>\n<tr><td>18.4.2025 17:20<\/td><td>DINAMO GORIZIA U16 \u2013 \u0160ENTVID U16<\/td><td>U16<\/td><td><a href='https:\/\/livestats.dcd.shared.geniussports.com\/webcast\/BIH\/2651534\/' target='_blank'>Gledaj<\/a><\/td><\/tr>\n<tr><td>18.4.2025 18:30<\/td><td>KO\u010cEVJE U16 \u2013 ME\u0110IMURJE \u010cAKOVEC U16<\/td><td>U16<\/td><td><a href='https:\/\/livestats.dcd.shared.geniussports.com\/webcast\/BIH\/2651535\/' target='_blank'>Gledaj<\/a><\/td><\/tr>\n<tr><td>18.4.2025 13:50<\/td><td>CERAK 2 U16 \u2013 KA MARIBOR U16<\/td><td>U16<\/td><td><a href='https:\/\/livestats.dcd.shared.geniussports.com\/webcast\/BIH\/2651536\/' target='_blank'>Gledaj<\/a><\/td><\/tr>\n<tr><td>18.4.2025 16:10<\/td><td>REALWAY U16 \u2013 CERAK 2 U16<\/td><td>U16<\/td><td><a href='https:\/\/livestats.dcd.shared.geniussports.com\/webcast\/BIH\/2651537\/' target='_blank'>Gledaj<\/a><\/td><\/tr>\n<tr><td>18.4.2025 19:40<\/td><td>\u0160ENTJUR TAJFUN U16 B \u2013 REALWAY B U16<\/td><td>U16<\/td><td><a href='https:\/\/livestats.dcd.shared.geniussports.com\/webcast\/BIH\/2651538\/' target='_blank'>Gledaj<\/a><\/td><\/tr>\n<tr><td>18.4.2025 19:40<\/td><td>SPARS U16 \u2013 CRIKVENICA U16<\/td><td>U16<\/td><td><a href='https:\/\/livestats.dcd.shared.geniussports.com\/webcast\/BIH\/2651539\/' target='_blank'>Gledaj<\/a><\/td><\/tr>\n<tr><td>18.4.2025 20:50<\/td><td>AS TREN\u010cIN U16 \u2013 REALWAY U16<\/td><td>U16<\/td><td><a href='https:\/\/livestats.dcd.shared.geniussports.com\/webcast\/BIH\/2651540\/' target='_blank'>Gledaj<\/a><\/td><\/tr>\n<tr><td>18.4.2025 20:50<\/td><td>3X3 KONJIC U16 \u2013 AKK BRANIK U16<\/td><td>U16<\/td><td><a href='https:\/\/livestats.dcd.shared.geniussports.com\/webcast\/BIH\/2651541\/' target='_blank'>Gledaj<\/a><\/td><\/tr>\n<tr><td>18.4.2025 18:30<\/td><td>\u0160BK GALAXY U16 \u2013 OKK \u010cELIK U16<\/td><td>U16<\/td><td><a href='https:\/\/livestats.dcd.shared.geniussports.com\/webcast\/BIH\/2651542\/' target='_blank'>Gledaj<\/a><\/td><\/tr>\n<\/tbody>\n<\/table>\n<!-- \/wp:html -->\t\t\t\t\t\t<\/div>\n\t\t\t\t<\/div>\n\t\t\t\t\t<\/div>\n\t\t\t\t<\/div>\n\t\t\t\t<\/div>\n\t\t","protected":false},"excerpt":{"rendered":"<p>Match Time Match Number Team 1 Team 2 Match URL 20.4.2025 08:00 330 RADOVLJICA U18 KRVAVEC U18 Link 20.4.2025 09:10 331 \u017dITKO BASKET U18 AS TREN\u010cIN U18 Link 20.4.2025 08:00 332 \u0160BK GALAXY U16 KO\u010cEVJE U16 Link 20.4.2025 08:00 333 OKK \u010cELIK U16 AKK BRANIK U16 Link 20.4.2025 09:10 335 KD SLOVAN U16 BLACK \u0160ENTJUR [&hellip;]<\/p>\n","protected":false},"author":1,"featured_media":0,"parent":0,"menu_order":0,"comment_status":"closed","ping_status":"closed","template":"","meta":{"footnotes":""},"class_list":["post-4184","page","type-page","status-publish","hentry"],"_links":{"self":[{"href":"https:\/\/basketcup.org\/index.php?rest_route=\/wp\/v2\/pages\/4184","targetHints":{"allow":["GET"]}}],"collection":[{"href":"https:\/\/basketcup.org\/index.php?rest_route=\/wp\/v2\/pages"}],"about":[{"href":"https:\/\/basketcup.org\/index.php?rest_route=\/wp\/v2\/types\/page"}],"author":[{"embeddable":true,"href":"https:\/\/basketcup.org\/index.php?rest_route=\/wp\/v2\/users\/1"}],"replies":[{"embeddable":true,"href":"https:\/\/basketcup.org\/index.php?rest_route=%2Fwp%2Fv2%2Fcomments&post=4184"}],"version-history":[{"count":0,"href":"https:\/\/basketcup.org\/index.php?rest_route=\/wp\/v2\/pages\/4184\/revisions"}],"wp:attachment":[{"href":"https:\/\/basketcup.org\/index.php?rest_route=%2Fwp%2Fv2%2Fmedia&parent=4184"}],"curies":[{"name":"wp","href":"https:\/\/api.w.org\/{rel}","templated":true}]}}