{"id":4190,"date":"2025-04-16T23:33:14","date_gmt":"2025-04-16T21:33:14","guid":{"rendered":"https:\/\/basketcup.org\/?page_id=4190"},"modified":"2025-04-20T09:14:45","modified_gmt":"2025-04-20T07:14:45","slug":"rezultati-u13","status":"publish","type":"page","link":"https:\/\/basketcup.org\/?page_id=4190","title":{"rendered":"Rezultati U13"},"content":{"rendered":"\t\t<div data-elementor-type=\"wp-page\" data-elementor-id=\"4190\" class=\"elementor elementor-4190\" data-elementor-post-type=\"page\">\n\t\t\t\t<div class=\"elementor-element elementor-element-9fe1eba e-flex e-con-boxed e-con e-parent\" data-id=\"9fe1eba\" data-element_type=\"container\" data-settings=\"{&quot;content_width&quot;:&quot;boxed&quot;}\" data-core-v316-plus=\"true\">\n\t\t\t\t\t<div class=\"e-con-inner\">\n\t\t\t\t<div class=\"elementor-element elementor-element-ff424a3 elementor-widget elementor-widget-html\" data-id=\"ff424a3\" data-element_type=\"widget\" data-widget_type=\"html.default\">\n\t\t\t\t<div class=\"elementor-widget-container\">\n\t\t\t<table style=\"width:100%; border-collapse: collapse; text-align: left;\">\n  <thead>\n    <tr style=\"background-color:#f2f2f2;\">\n      <th style=\"padding: 8px; border: 1px solid #ddd;\">Match Time<\/th>\n      <th style=\"padding: 8px; border: 1px solid #ddd;\">Match Number<\/th>\n      <th style=\"padding: 8px; border: 1px solid #ddd;\">Team 1<\/th>\n      <th style=\"padding: 8px; border: 1px solid #ddd;\">Team 2<\/th>\n      <th style=\"padding: 8px; border: 1px solid #ddd;\">Match URL<\/th>\n    <\/tr>\n  <\/thead>\n  <tbody>\n    <tr><td style=\"padding: 8px; border: 1px solid #ddd;\">20.4.2025 08:00<\/td><td>330<\/td><td>RADOVLJICA U18<\/td><td>KRVAVEC U18<\/td><td><a href=\"https:\/\/livestats.dcd.shared.geniussports.com\/webcast\/BIH\/2652376\/\" target=\"_blank\">Link<\/a><\/td><\/tr>\n    <tr><td>20.4.2025 09:10<\/td><td>331<\/td><td>\u017dITKO BASKET U18<\/td><td>AS TREN\u010cIN U18<\/td><td><a href=\"https:\/\/livestats.dcd.shared.geniussports.com\/webcast\/BIH\/2652377\/\" target=\"_blank\">Link<\/a><\/td><\/tr>\n    <tr><td>20.4.2025 08:00<\/td><td>332<\/td><td>\u0160BK GALAXY U16<\/td><td>KO\u010cEVJE U16<\/td><td><a href=\"https:\/\/livestats.dcd.shared.geniussports.com\/webcast\/BIH\/2652378\/\" target=\"_blank\">Link<\/a><\/td><\/tr>\n    <tr><td>20.4.2025 08:00<\/td><td>333<\/td><td>OKK \u010cELIK U16<\/td><td>AKK BRANIK U16<\/td><td><a href=\"https:\/\/livestats.dcd.shared.geniussports.com\/webcast\/BIH\/2652379\/\" target=\"_blank\">Link<\/a><\/td><\/tr>\n    <tr><td>20.4.2025 09:10<\/td><td>335<\/td><td>KD SLOVAN U16 BLACK<\/td><td>\u0160ENTJUR TAJFUN U16 A<\/td><td><a href=\"https:\/\/livestats.dcd.shared.geniussports.com\/webcast\/BIH\/2652380\/\" target=\"_blank\">Link<\/a><\/td><\/tr>\n    <tr><td>20.4.2025 09:10<\/td><td>336<\/td><td>POBEDNIK 011 U16<\/td><td>BBC MARIBOR U16<\/td><td><a href=\"https:\/\/livestats.dcd.shared.geniussports.com\/webcast\/BIH\/2652381\/\" target=\"_blank\">Link<\/a><\/td><\/tr>\n    <tr><td>20.4.2025 08:00<\/td><td>337<\/td><td>BUZ STARS U14<\/td><td>HIDRIA U14<\/td><td><a href=\"https:\/\/livestats.dcd.shared.geniussports.com\/webcast\/BIH\/2652382\/\" target=\"_blank\">Link<\/a><\/td><\/tr>\n    <tr><td>20.4.2025 10:00<\/td><td>339<\/td><td>MVP U14<\/td><td>DOM GORIZIA U14<\/td><td><a href=\"https:\/\/livestats.dcd.shared.geniussports.com\/webcast\/BIH\/2652383\/\" target=\"_blank\">Link<\/a><\/td><\/tr>\n    <tr><td>20.4.2025 11:00<\/td><td>340<\/td><td>VITEZ U14<\/td><td>\u0160ENTJUR TAJFUN U14<\/td><td><a href=\"https:\/\/livestats.dcd.shared.geniussports.com\/webcast\/BIH\/2652384\/\" target=\"_blank\">Link<\/a><\/td><\/tr>\n    <tr><td>20.4.2025 12:00<\/td><td>342<\/td><td>\u0160BK GALAXY U14<\/td><td>DINAMO GORIZIA U14<\/td><td><a href=\"https:\/\/livestats.dcd.shared.geniussports.com\/webcast\/BIH\/2652385\/\" target=\"_blank\">Link<\/a><\/td><\/tr>\n    <tr><td>20.4.2025 10:20<\/td><td>350<\/td><td>SPARS U14<\/td><td>POBEDNIK 011 U14<\/td><td><a href=\"https:\/\/livestats.dcd.shared.geniussports.com\/webcast\/BIH\/2652386\/\" target=\"_blank\">Link<\/a><\/td><\/tr>\n    <tr><td>20.4.2025 08:00<\/td><td>352<\/td><td>KA MARIBOR U13<\/td><td>BUZ STARS U13<\/td><td><a href=\"https:\/\/livestats.dcd.shared.geniussports.com\/webcast\/BIH\/2652387\/\" target=\"_blank\">Link<\/a><\/td><\/tr>\n    <tr><td>20.4.2025 09:00<\/td><td>354<\/td><td>KD SLOVAN U13<\/td><td>BBC MARIBOR U13<\/td><td><a href=\"https:\/\/livestats.dcd.shared.geniussports.com\/webcast\/BIH\/2652388\/\" target=\"_blank\">Link<\/a><\/td><\/tr>\n    <tr><td>20.4.2025 09:00<\/td><td>360<\/td><td>KONJIC U13<\/td><td>BO\u0160NJAK U13<\/td><td><a href=\"https:\/\/livestats.dcd.shared.geniussports.com\/webcast\/BIH\/2652389\/\" target=\"_blank\">Link<\/a><\/td><\/tr>\n    <tr><td>20.4.2025 11:00<\/td><td>367<\/td><td>MVP U13<\/td><td>POBEDNIK 011 U13<\/td><td><a href=\"https:\/\/livestats.dcd.shared.geniussports.com\/webcast\/BIH\/2652390\/\" target=\"_blank\">Link<\/a><\/td><\/tr>\n    <tr><td>20.4.2025 12:00<\/td><td>364<\/td><td>LIONS U13<\/td><td>\u0160ENTJUR TAJFUN U13<\/td><td><a href=\"https:\/\/livestats.dcd.shared.geniussports.com\/webcast\/BIH\/2652391\/\" target=\"_blank\">Link<\/a><\/td><\/tr>\n    <tr><td>20.4.2025 10:00<\/td><td>366<\/td><td>TRIGLAV KRANJ U12<\/td><td>ORLI POSTOJNA U12 B<\/td><td><a href=\"https:\/\/livestats.dcd.shared.geniussports.com\/webcast\/BIH\/2652401\/\" target=\"_blank\">Link<\/a><\/td><\/tr>\n    <tr><td>20.4.2025 11:00<\/td><td>369<\/td><td>ORLI POSTOJNA U12 A<\/td><td>NYIKSE U12<\/td><td><a href=\"https:\/\/livestats.dcd.shared.geniussports.com\/webcast\/BIH\/2652402\/\" target=\"_blank\">Link<\/a><\/td><\/tr>\n    <tr><td>20.4.2025 08:00<\/td><td>370<\/td><td>ZKK AS TREN\u010cIN U18<\/td><td>ZKK KONJIC U18<\/td><td><a href=\"https:\/\/livestats.dcd.shared.geniussports.com\/webcast\/BIH\/2652403\/\" target=\"_blank\">Link<\/a><\/td><\/tr>\n    <tr><td>20.4.2025 09:00<\/td><td>371<\/td><td>ZKK PLZEN U18<\/td><td>\u017dKK \u010cELIK BH TELECOM U18<\/td><td><a href=\"https:\/\/livestats.dcd.shared.geniussports.com\/webcast\/BIH\/2652404\/\" target=\"_blank\">Link<\/a><\/td><\/tr>\n    <tr><td>20.4.2025 11:00<\/td><td>372<\/td><td>ZKK KONJIC U18<\/td><td>\u017dKK \u010cELIK BH TELECOM U18<\/td><td><a href=\"https:\/\/livestats.dcd.shared.geniussports.com\/webcast\/BIH\/2652405\/\" target=\"_blank\">Link<\/a><\/td><\/tr>\n    <tr><td>20.4.2025 10:00<\/td><td>375<\/td><td>ZKK PLAY OFF U16<\/td><td>ZKK DINAMO GORIZIA U16<\/td><td><a href=\"https:\/\/livestats.dcd.shared.geniussports.com\/webcast\/BIH\/2652406\/\" target=\"_blank\">Link<\/a><\/td><\/tr>\n    <tr><td>20.4.2025 08:00<\/td><td>375<\/td><td>ZKK DINAMO GORIZIA U14<\/td><td>ROLLING U14<\/td><td><a href=\"https:\/\/livestats.dcd.shared.geniussports.com\/webcast\/BIH\/2652407\/\" target=\"_blank\">Link<\/a><\/td><\/tr>\n    <tr><td>20.4.2025 09:00<\/td><td>375<\/td><td>PLAY OFF U14<\/td><td>ZKK DINAMO GORIZIA WHITE U14<\/td><td><a href=\"https:\/\/livestats.dcd.shared.geniussports.com\/webcast\/BIH\/2652408\/\" target=\"_blank\">Link<\/a><\/td><\/tr>\n    <tr><td>20.4.2025 10:00<\/td><td>380<\/td><td>ZKK RADOST CAKOVEC U14<\/td><td>ZKK ILIRIJA U14<\/td><td><a href=\"https:\/\/livestats.dcd.shared.geniussports.com\/webcast\/BIH\/2652409\/\" target=\"_blank\">Link<\/a><\/td><\/tr>\n    <tr><td>20.4.2025 12:00<\/td><td>390<\/td><td>ZKK AS TREN\u010cIN U14<\/td><td>ZKK ORLI POSTOJNA U14<\/td><td><a href=\"https:\/\/livestats.dcd.shared.geniussports.com\/webcast\/BIH\/2652410\/\" target=\"_blank\">Link<\/a><\/td><\/tr>\n    <tr><td>20.4.2025 09:00<\/td><td>400<\/td><td>OKK \u010cELIK U14<\/td><td>\u0160ENTVID U14<\/td><td><a href=\"https:\/\/livestats.dcd.shared.geniussports.com\/webcast\/BIH\/2652424\/\" target=\"_blank\">Link<\/a><\/td><\/tr>\n  <\/tbody>\n<\/table>\n\t\t<\/div>\n\t\t\t\t<\/div>\n\t\t\t\t\t<\/div>\n\t\t\t\t<\/div>\n\t\t<div class=\"elementor-element elementor-element-2d77ab0 e-flex e-con-boxed e-con e-parent\" data-id=\"2d77ab0\" data-element_type=\"container\" data-settings=\"{&quot;content_width&quot;:&quot;boxed&quot;}\" data-core-v316-plus=\"true\">\n\t\t\t\t\t<div class=\"e-con-inner\">\n\t\t\t\t<div class=\"elementor-element elementor-element-4a99430 elementor-widget elementor-widget-html\" data-id=\"4a99430\" data-element_type=\"widget\" data-widget_type=\"html.default\">\n\t\t\t\t<div class=\"elementor-widget-container\">\n\t\t\t<div class=\"basketcup-schedule\">\n  <h2>U13 - Raspored utakmica (19.4.2025)<\/h2>\n  <ul>\n    <li><strong>08:00<\/strong> | BUZ STARS U13 vs BB\u010c MARIBOR U13 - <a href=\"https:\/\/livestats.dcd.shared.geniussports.com\/webcast\/BIH\/2651988\/\" target=\"_blank\">Gledaj u\u017eivo<\/a><\/li>\n    <li><strong>09:00<\/strong> | KONJIC U13 vs KA MARIBOR U13 - <a href=\"https:\/\/livestats.dcd.shared.geniussports.com\/webcast\/BIH\/2651977\/\" target=\"_blank\">Gledaj u\u017eivo<\/a><\/li>\n    <li><strong>10:00<\/strong> | \u0160ENTVID U13 vs LIONS U13 - <a href=\"https:\/\/livestats.dcd.shared.geniussports.com\/webcast\/BIH\/2651979\/\" target=\"_blank\">Gledaj u\u017eivo<\/a><\/li>\n    <li><strong>11:00<\/strong> | POBEDNIK 011 U13 vs DINAMO GORIZIA U13 - <a href=\"https:\/\/livestats.dcd.shared.geniussports.com\/webcast\/BIH\/2651980\/\" target=\"_blank\">Gledaj u\u017eivo<\/a><\/li>\n    <li><strong>12:00<\/strong> | BO\u0160NJAK U13 vs BUZ STARS U13 - <a href=\"https:\/\/livestats.dcd.shared.geniussports.com\/webcast\/BIH\/2651986\/\" target=\"_blank\">Gledaj u\u017eivo<\/a><\/li>\n    <li><strong>13:00<\/strong> | POBEDNIK 011 U13 vs RADOVLJICA U13 - <a href=\"https:\/\/livestats.dcd.shared.geniussports.com\/webcast\/BIH\/2651981\/\" target=\"_blank\">Gledaj u\u017eivo<\/a><\/li>\n    <li><strong>14:00<\/strong> | DINAMO GORIZIA U13 vs \u0160ENTVID U13 - <a href=\"https:\/\/livestats.dcd.shared.geniussports.com\/webcast\/BIH\/2651984\/\" target=\"_blank\">Gledaj u\u017eivo<\/a><\/li>\n    <li><strong>16:00<\/strong> | LIONS U13 vs RADOVLJICA U13 - <a href=\"https:\/\/livestats.dcd.shared.geniussports.com\/webcast\/BIH\/2651987\/\" target=\"_blank\">Gledaj u\u017eivo<\/a><\/li>\n    <li><strong>17:00<\/strong> | KD SLOVAN U13 vs MVP U13 - <a href=\"https:\/\/livestats.dcd.shared.geniussports.com\/webcast\/BIH\/2651978\/\" target=\"_blank\">Gledaj u\u017eivo<\/a><\/li>\n    <li><strong>17:00<\/strong> | SENTUD vs BOSNJAK U13 - <a href=\"https:\/\/livestats.dcd.shared.geniussports.com\/webcast\/BIH\/2651990\/\" target=\"_blank\">Gledaj u\u017eivo<\/a><\/li>\n  <\/ul>\n<\/div>\n\t\t<\/div>\n\t\t\t\t<\/div>\n\t\t\t\t\t<\/div>\n\t\t\t\t<\/div>\n\t\t<div class=\"elementor-element elementor-element-5dbd6305 e-flex e-con-boxed e-con e-parent\" data-id=\"5dbd6305\" data-element_type=\"container\" data-settings=\"{&quot;content_width&quot;:&quot;boxed&quot;}\" data-core-v316-plus=\"true\">\n\t\t\t\t\t<div class=\"e-con-inner\">\n\t\t\t\t<div class=\"elementor-element elementor-element-36bdcb8 elementor-widget elementor-widget-text-editor\" data-id=\"36bdcb8\" data-element_type=\"widget\" data-widget_type=\"text-editor.default\">\n\t\t\t\t<div class=\"elementor-widget-container\">\n\t\t\t<style>\/*! elementor - v3.19.0 - 07-02-2024 *\/\n.elementor-widget-text-editor.elementor-drop-cap-view-stacked .elementor-drop-cap{background-color:#69727d;color:#fff}.elementor-widget-text-editor.elementor-drop-cap-view-framed .elementor-drop-cap{color:#69727d;border:3px solid;background-color:transparent}.elementor-widget-text-editor:not(.elementor-drop-cap-view-default) .elementor-drop-cap{margin-top:8px}.elementor-widget-text-editor:not(.elementor-drop-cap-view-default) .elementor-drop-cap-letter{width:1em;height:1em}.elementor-widget-text-editor .elementor-drop-cap{float:left;text-align:center;line-height:1;font-size:50px}.elementor-widget-text-editor .elementor-drop-cap-letter{display:inline-block}<\/style>\t\t\t\t<!-- wp:html -->\n\n<!DOCTYPE html>\n<html lang=\"en\">\n<head>\n    <meta charset=\"UTF-8\">\n    <meta name=\"viewport\" content=\"width=device-width, initial-scale=1.0\">\n    <title>U13 Matches &#8211; April 18, 2025<\/title>\n    <style>\n        body {\n            font-family: Arial, sans-serif;\n            background-color: #f4f4f9;\n            margin: 0;\n            padding: 0;\n        }\n        table {\n            width: 100%;\n            border-collapse: collapse;\n            margin: 20px 0;\n            background-color: #fff;\n            border: 1px solid #ddd;\n        }\n        th, td {\n            padding: 10px;\n            text-align: center;\n            border: 1px solid #ddd;\n        }\n        th {\n            background-color: #4CAF50;\n            color: white;\n        }\n        td a {\n            color: #007BFF;\n            text-decoration: none;\n        }\n        td a:hover {\n            text-decoration: underline;\n        }\n        h1 {\n            text-align: center;\n            margin-top: 20px;\n            color: #333;\n        }\n        .container {\n            width: 90%;\n            margin: 0 auto;\n        }\n    <\/style>\n<\/head>\n<body>\n    <div class=\"container\">\n        <h1>U13 Matches &#8211; April 18, 2025<\/h1>\n        <table>\n            <thead>\n                <tr>\n                    <th>Time<\/th>\n                    <th>Match ID<\/th>\n                    <th>Team 1<\/th>\n                    <th>Team 2<\/th>\n                    <th>Category<\/th>\n                    <th>Live Stats Link<\/th>\n                <\/tr>\n            <\/thead>\n            <tbody>\n                \n                <tr>\n                    <td>08:00<\/td>\n                    <td>60<\/td>\n                    <td>KA MARIBOR U13<\/td>\n                    <td>KD SLOVAN U13<\/td>\n                    <td>U13<\/td>\n                    <td><a href=\"https:\/\/livestats.dcd.shared.geniussports.com\/webcast\/BIH\/2651547\/\" target=\"_blank\">View Live Stats<\/a><\/td>\n                <\/tr>\n                \n                <tr>\n                    <td>10:00<\/td>\n                    <td>61<\/td>\n                    <td>MVP U13<\/td>\n                    <td>KONJIC U13<\/td>\n                    <td>U13<\/td>\n                    <td><a href=\"https:\/\/livestats.dcd.shared.geniussports.com\/webcast\/BIH\/2651548\/\" target=\"_blank\">View Live Stats<\/a><\/td>\n                <\/tr>\n                \n                <tr>\n                    <td>13:00<\/td>\n                    <td>62<\/td>\n                    <td>KD SLOVAN U13<\/td>\n                    <td>KONJIC U13<\/td>\n                    <td>U13<\/td>\n                    <td><a href=\"https:\/\/livestats.dcd.shared.geniussports.com\/webcast\/BIH\/2651549\/\" target=\"_blank\">View Live Stats<\/a><\/td>\n                <\/tr>\n                \n                <tr>\n                    <td>18:00<\/td>\n                    <td>63<\/td>\n                    <td>KA MARIBOR U13<\/td>\n                    <td>MVP U13<\/td>\n                    <td>U13<\/td>\n                    <td><a href=\"https:\/\/livestats.dcd.shared.geniussports.com\/webcast\/BIH\/2651550\/\" target=\"_blank\">View Live Stats<\/a><\/td>\n                <\/tr>\n                \n                <tr>\n                    <td>09:00<\/td>\n                    <td>65<\/td>\n                    <td>RADOVLJICA U13<\/td>\n                    <td>DINAMO GORIZIA U13<\/td>\n                    <td>U13<\/td>\n                    <td><a href=\"https:\/\/livestats.dcd.shared.geniussports.com\/webcast\/BIH\/2651551\/\" target=\"_blank\">View Live Stats<\/a><\/td>\n                <\/tr>\n                \n                <tr>\n                    <td>14:00<\/td>\n                    <td>66<\/td>\n                    <td>\u0160ENTVID U13<\/td>\n                    <td>POBEDNIK 011 U13<\/td>\n                    <td>U13<\/td>\n                    <td><a href=\"https:\/\/livestats.dcd.shared.geniussports.com\/webcast\/BIH\/2651552\/\" target=\"_blank\">View Live Stats<\/a><\/td>\n                <\/tr>\n                \n                <tr>\n                    <td>15:00<\/td>\n                    <td>67<\/td>\n                    <td>DINAMO GORIZIA U13<\/td>\n                    <td>LIONS U13<\/td>\n                    <td>U13<\/td>\n                    <td><a href=\"https:\/\/livestats.dcd.shared.geniussports.com\/webcast\/BIH\/2651553\/\" target=\"_blank\">View Live Stats<\/a><\/td>\n                <\/tr>\n                \n                <tr>\n                    <td>19:00<\/td>\n                    <td>68<\/td>\n                    <td>LIONS U13<\/td>\n                    <td>POBEDNIK 011 U13<\/td>\n                    <td>U13<\/td>\n                    <td><a href=\"https:\/\/livestats.dcd.shared.geniussports.com\/webcast\/BIH\/2651554\/\" target=\"_blank\">View Live Stats<\/a><\/td>\n                <\/tr>\n                \n                <tr>\n                    <td>20:00<\/td>\n                    <td>69<\/td>\n                    <td>RADOVLJICA U13<\/td>\n                    <td>\u0160ENTVID U13<\/td>\n                    <td>U13<\/td>\n                    <td><a href=\"https:\/\/livestats.dcd.shared.geniussports.com\/webcast\/BIH\/2651555\/\" target=\"_blank\">View Live Stats<\/a><\/td>\n                <\/tr>\n                \n                <tr>\n                    <td>16:00<\/td>\n                    <td>71<\/td>\n                    <td>\u0160ENTJUR TAJFUN U13<\/td>\n                    <td>BUZ STARS U13<\/td>\n                    <td>U13<\/td>\n                    <td><a href=\"https:\/\/livestats.dcd.shared.geniussports.com\/webcast\/BIH\/2651557\/\" target=\"_blank\">View Live Stats<\/a><\/td>\n                <\/tr>\n                \n                <tr>\n                    <td>21:00<\/td>\n                    <td>73<\/td>\n                    <td>BB\u0106 MARIBOR U13<\/td>\n                    <td>BO\u017dNJAK U13<\/td>\n                    <td>U13<\/td>\n                    <td><a href=\"https:\/\/livestats.dcd.shared.geniussports.com\/webcast\/BIH\/2651558\/\" target=\"_blank\">View Live Stats<\/a><\/td>\n                <\/tr>\n                \n                <tr>\n                    <td>11:00<\/td>\n                    <td>74<\/td>\n                    <td>BB\u0106 MARIBOR U13<\/td>\n                    <td>\u0160ENTJUR TAJFUN U13<\/td>\n                    <td>U13<\/td>\n                    <td><a href=\"https:\/\/livestats.dcd.shared.geniussports.com\/webcast\/BIH\/2651558\/\" target=\"_blank\">View Live Stats<\/a><\/td>\n                <\/tr>\n                \n            <\/tbody>\n        <\/table>\n    <\/div>\n<\/body>\n<\/html>\n<!-- \/wp:html -->\t\t\t\t\t\t<\/div>\n\t\t\t\t<\/div>\n\t\t\t\t\t<\/div>\n\t\t\t\t<\/div>\n\t\t\t\t<\/div>\n\t\t","protected":false},"excerpt":{"rendered":"<p>Match Time Match Number Team 1 Team 2 Match URL 20.4.2025 08:00 330 RADOVLJICA U18 KRVAVEC U18 Link 20.4.2025 09:10 331 \u017dITKO BASKET U18 AS TREN\u010cIN U18 Link 20.4.2025 08:00 332 \u0160BK GALAXY U16 KO\u010cEVJE U16 Link 20.4.2025 08:00 333 OKK \u010cELIK U16 AKK BRANIK U16 Link 20.4.2025 09:10 335 KD SLOVAN U16 BLACK \u0160ENTJUR [&hellip;]<\/p>\n","protected":false},"author":1,"featured_media":0,"parent":0,"menu_order":0,"comment_status":"closed","ping_status":"closed","template":"","meta":{"footnotes":""},"class_list":["post-4190","page","type-page","status-publish","hentry"],"_links":{"self":[{"href":"https:\/\/basketcup.org\/index.php?rest_route=\/wp\/v2\/pages\/4190","targetHints":{"allow":["GET"]}}],"collection":[{"href":"https:\/\/basketcup.org\/index.php?rest_route=\/wp\/v2\/pages"}],"about":[{"href":"https:\/\/basketcup.org\/index.php?rest_route=\/wp\/v2\/types\/page"}],"author":[{"embeddable":true,"href":"https:\/\/basketcup.org\/index.php?rest_route=\/wp\/v2\/users\/1"}],"replies":[{"embeddable":true,"href":"https:\/\/basketcup.org\/index.php?rest_route=%2Fwp%2Fv2%2Fcomments&post=4190"}],"version-history":[{"count":0,"href":"https:\/\/basketcup.org\/index.php?rest_route=\/wp\/v2\/pages\/4190\/revisions"}],"wp:attachment":[{"href":"https:\/\/basketcup.org\/index.php?rest_route=%2Fwp%2Fv2%2Fmedia&parent=4190"}],"curies":[{"name":"wp","href":"https:\/\/api.w.org\/{rel}","templated":true}]}}