{"id":4215,"date":"2025-04-17T14:16:49","date_gmt":"2025-04-17T12:16:49","guid":{"rendered":"https:\/\/basketcup.org\/?page_id=4215"},"modified":"2025-04-20T09:15:20","modified_gmt":"2025-04-20T07:15:20","slug":"rezultati-u12","status":"publish","type":"page","link":"https:\/\/basketcup.org\/?page_id=4215","title":{"rendered":"Rezultati U12"},"content":{"rendered":"\t\t<div data-elementor-type=\"wp-page\" data-elementor-id=\"4215\" class=\"elementor elementor-4215\" data-elementor-post-type=\"page\">\n\t\t\t\t<div class=\"elementor-element elementor-element-32c30b2 e-flex e-con-boxed e-con e-parent\" data-id=\"32c30b2\" data-element_type=\"container\" data-settings=\"{&quot;content_width&quot;:&quot;boxed&quot;}\" data-core-v316-plus=\"true\">\n\t\t\t\t\t<div class=\"e-con-inner\">\n\t\t\t\t<div class=\"elementor-element elementor-element-a4bebde elementor-widget elementor-widget-html\" data-id=\"a4bebde\" data-element_type=\"widget\" data-widget_type=\"html.default\">\n\t\t\t\t<div class=\"elementor-widget-container\">\n\t\t\t<table style=\"width:100%; border-collapse: collapse; text-align: left;\">\n  <thead>\n    <tr style=\"background-color:#f2f2f2;\">\n      <th style=\"padding: 8px; border: 1px solid #ddd;\">Match Time<\/th>\n      <th style=\"padding: 8px; border: 1px solid #ddd;\">Match Number<\/th>\n      <th style=\"padding: 8px; border: 1px solid #ddd;\">Team 1<\/th>\n      <th style=\"padding: 8px; border: 1px solid #ddd;\">Team 2<\/th>\n      <th style=\"padding: 8px; border: 1px solid #ddd;\">Match URL<\/th>\n    <\/tr>\n  <\/thead>\n  <tbody>\n    <tr><td style=\"padding: 8px; border: 1px solid #ddd;\">20.4.2025 08:00<\/td><td>330<\/td><td>RADOVLJICA U18<\/td><td>KRVAVEC U18<\/td><td><a href=\"https:\/\/livestats.dcd.shared.geniussports.com\/webcast\/BIH\/2652376\/\" target=\"_blank\">Link<\/a><\/td><\/tr>\n    <tr><td>20.4.2025 09:10<\/td><td>331<\/td><td>\u017dITKO BASKET U18<\/td><td>AS TREN\u010cIN U18<\/td><td><a href=\"https:\/\/livestats.dcd.shared.geniussports.com\/webcast\/BIH\/2652377\/\" target=\"_blank\">Link<\/a><\/td><\/tr>\n    <tr><td>20.4.2025 08:00<\/td><td>332<\/td><td>\u0160BK GALAXY U16<\/td><td>KO\u010cEVJE U16<\/td><td><a href=\"https:\/\/livestats.dcd.shared.geniussports.com\/webcast\/BIH\/2652378\/\" target=\"_blank\">Link<\/a><\/td><\/tr>\n    <tr><td>20.4.2025 08:00<\/td><td>333<\/td><td>OKK \u010cELIK U16<\/td><td>AKK BRANIK U16<\/td><td><a href=\"https:\/\/livestats.dcd.shared.geniussports.com\/webcast\/BIH\/2652379\/\" target=\"_blank\">Link<\/a><\/td><\/tr>\n    <tr><td>20.4.2025 09:10<\/td><td>335<\/td><td>KD SLOVAN U16 BLACK<\/td><td>\u0160ENTJUR TAJFUN U16 A<\/td><td><a href=\"https:\/\/livestats.dcd.shared.geniussports.com\/webcast\/BIH\/2652380\/\" target=\"_blank\">Link<\/a><\/td><\/tr>\n    <tr><td>20.4.2025 09:10<\/td><td>336<\/td><td>POBEDNIK 011 U16<\/td><td>BBC MARIBOR U16<\/td><td><a href=\"https:\/\/livestats.dcd.shared.geniussports.com\/webcast\/BIH\/2652381\/\" target=\"_blank\">Link<\/a><\/td><\/tr>\n    <tr><td>20.4.2025 08:00<\/td><td>337<\/td><td>BUZ STARS U14<\/td><td>HIDRIA U14<\/td><td><a href=\"https:\/\/livestats.dcd.shared.geniussports.com\/webcast\/BIH\/2652382\/\" target=\"_blank\">Link<\/a><\/td><\/tr>\n    <tr><td>20.4.2025 10:00<\/td><td>339<\/td><td>MVP U14<\/td><td>DOM GORIZIA U14<\/td><td><a href=\"https:\/\/livestats.dcd.shared.geniussports.com\/webcast\/BIH\/2652383\/\" target=\"_blank\">Link<\/a><\/td><\/tr>\n    <tr><td>20.4.2025 11:00<\/td><td>340<\/td><td>VITEZ U14<\/td><td>\u0160ENTJUR TAJFUN U14<\/td><td><a href=\"https:\/\/livestats.dcd.shared.geniussports.com\/webcast\/BIH\/2652384\/\" target=\"_blank\">Link<\/a><\/td><\/tr>\n    <tr><td>20.4.2025 12:00<\/td><td>342<\/td><td>\u0160BK GALAXY U14<\/td><td>DINAMO GORIZIA U14<\/td><td><a href=\"https:\/\/livestats.dcd.shared.geniussports.com\/webcast\/BIH\/2652385\/\" target=\"_blank\">Link<\/a><\/td><\/tr>\n    <tr><td>20.4.2025 10:20<\/td><td>350<\/td><td>SPARS U14<\/td><td>POBEDNIK 011 U14<\/td><td><a href=\"https:\/\/livestats.dcd.shared.geniussports.com\/webcast\/BIH\/2652386\/\" target=\"_blank\">Link<\/a><\/td><\/tr>\n    <tr><td>20.4.2025 08:00<\/td><td>352<\/td><td>KA MARIBOR U13<\/td><td>BUZ STARS U13<\/td><td><a href=\"https:\/\/livestats.dcd.shared.geniussports.com\/webcast\/BIH\/2652387\/\" target=\"_blank\">Link<\/a><\/td><\/tr>\n    <tr><td>20.4.2025 09:00<\/td><td>354<\/td><td>KD SLOVAN U13<\/td><td>BBC MARIBOR U13<\/td><td><a href=\"https:\/\/livestats.dcd.shared.geniussports.com\/webcast\/BIH\/2652388\/\" target=\"_blank\">Link<\/a><\/td><\/tr>\n    <tr><td>20.4.2025 09:00<\/td><td>360<\/td><td>KONJIC U13<\/td><td>BO\u0160NJAK U13<\/td><td><a href=\"https:\/\/livestats.dcd.shared.geniussports.com\/webcast\/BIH\/2652389\/\" target=\"_blank\">Link<\/a><\/td><\/tr>\n    <tr><td>20.4.2025 11:00<\/td><td>367<\/td><td>MVP U13<\/td><td>POBEDNIK 011 U13<\/td><td><a href=\"https:\/\/livestats.dcd.shared.geniussports.com\/webcast\/BIH\/2652390\/\" target=\"_blank\">Link<\/a><\/td><\/tr>\n    <tr><td>20.4.2025 12:00<\/td><td>364<\/td><td>LIONS U13<\/td><td>\u0160ENTJUR TAJFUN U13<\/td><td><a href=\"https:\/\/livestats.dcd.shared.geniussports.com\/webcast\/BIH\/2652391\/\" target=\"_blank\">Link<\/a><\/td><\/tr>\n    <tr><td>20.4.2025 10:00<\/td><td>366<\/td><td>TRIGLAV KRANJ U12<\/td><td>ORLI POSTOJNA U12 B<\/td><td><a href=\"https:\/\/livestats.dcd.shared.geniussports.com\/webcast\/BIH\/2652401\/\" target=\"_blank\">Link<\/a><\/td><\/tr>\n    <tr><td>20.4.2025 11:00<\/td><td>369<\/td><td>ORLI POSTOJNA U12 A<\/td><td>NYIKSE U12<\/td><td><a href=\"https:\/\/livestats.dcd.shared.geniussports.com\/webcast\/BIH\/2652402\/\" target=\"_blank\">Link<\/a><\/td><\/tr>\n    <tr><td>20.4.2025 08:00<\/td><td>370<\/td><td>ZKK AS TREN\u010cIN U18<\/td><td>ZKK KONJIC U18<\/td><td><a href=\"https:\/\/livestats.dcd.shared.geniussports.com\/webcast\/BIH\/2652403\/\" target=\"_blank\">Link<\/a><\/td><\/tr>\n    <tr><td>20.4.2025 09:00<\/td><td>371<\/td><td>ZKK PLZEN U18<\/td><td>\u017dKK \u010cELIK BH TELECOM U18<\/td><td><a href=\"https:\/\/livestats.dcd.shared.geniussports.com\/webcast\/BIH\/2652404\/\" target=\"_blank\">Link<\/a><\/td><\/tr>\n    <tr><td>20.4.2025 11:00<\/td><td>372<\/td><td>ZKK KONJIC U18<\/td><td>\u017dKK \u010cELIK BH TELECOM U18<\/td><td><a href=\"https:\/\/livestats.dcd.shared.geniussports.com\/webcast\/BIH\/2652405\/\" target=\"_blank\">Link<\/a><\/td><\/tr>\n    <tr><td>20.4.2025 10:00<\/td><td>375<\/td><td>ZKK PLAY OFF U16<\/td><td>ZKK DINAMO GORIZIA U16<\/td><td><a href=\"https:\/\/livestats.dcd.shared.geniussports.com\/webcast\/BIH\/2652406\/\" target=\"_blank\">Link<\/a><\/td><\/tr>\n    <tr><td>20.4.2025 08:00<\/td><td>375<\/td><td>ZKK DINAMO GORIZIA U14<\/td><td>ROLLING U14<\/td><td><a href=\"https:\/\/livestats.dcd.shared.geniussports.com\/webcast\/BIH\/2652407\/\" target=\"_blank\">Link<\/a><\/td><\/tr>\n    <tr><td>20.4.2025 09:00<\/td><td>375<\/td><td>PLAY OFF U14<\/td><td>ZKK DINAMO GORIZIA WHITE U14<\/td><td><a href=\"https:\/\/livestats.dcd.shared.geniussports.com\/webcast\/BIH\/2652408\/\" target=\"_blank\">Link<\/a><\/td><\/tr>\n    <tr><td>20.4.2025 10:00<\/td><td>380<\/td><td>ZKK RADOST CAKOVEC U14<\/td><td>ZKK ILIRIJA U14<\/td><td><a href=\"https:\/\/livestats.dcd.shared.geniussports.com\/webcast\/BIH\/2652409\/\" target=\"_blank\">Link<\/a><\/td><\/tr>\n    <tr><td>20.4.2025 12:00<\/td><td>390<\/td><td>ZKK AS TREN\u010cIN U14<\/td><td>ZKK ORLI POSTOJNA U14<\/td><td><a href=\"https:\/\/livestats.dcd.shared.geniussports.com\/webcast\/BIH\/2652410\/\" target=\"_blank\">Link<\/a><\/td><\/tr>\n    <tr><td>20.4.2025 09:00<\/td><td>400<\/td><td>OKK \u010cELIK U14<\/td><td>\u0160ENTVID U14<\/td><td><a href=\"https:\/\/livestats.dcd.shared.geniussports.com\/webcast\/BIH\/2652424\/\" target=\"_blank\">Link<\/a><\/td><\/tr>\n  <\/tbody>\n<\/table>\n\t\t<\/div>\n\t\t\t\t<\/div>\n\t\t\t\t\t<\/div>\n\t\t\t\t<\/div>\n\t\t<div class=\"elementor-element elementor-element-739f32c e-flex e-con-boxed e-con e-parent\" data-id=\"739f32c\" data-element_type=\"container\" data-settings=\"{&quot;content_width&quot;:&quot;boxed&quot;}\" data-core-v316-plus=\"true\">\n\t\t\t\t\t<div class=\"e-con-inner\">\n\t\t\t\t<div class=\"elementor-element elementor-element-76018b5 elementor-widget elementor-widget-html\" data-id=\"76018b5\" data-element_type=\"widget\" data-widget_type=\"html.default\">\n\t\t\t\t<div class=\"elementor-widget-container\">\n\t\t\t<style>\n  .schedule-table {\n    width: 100%;\n    border-collapse: collapse;\n    font-family: 'Segoe UI', sans-serif;\n    margin-top: 20px;\n    font-size: 15px;\n  }\n  .schedule-table th, .schedule-table td {\n    border: 1px solid #ccc;\n    padding: 10px;\n    text-align: center;\n  }\n  .schedule-table th {\n    background-color: #34495e;\n    color: white;\n  }\n  .schedule-table tr:nth-child(even) {\n    background-color: #f8f9fa;\n  }\n  .schedule-table tr:hover {\n    background-color: #ecf0f1;\n  }\n  .watch-link {\n    color: #1e90ff;\n    font-weight: bold;\n    text-decoration: none;\n  }\n  .watch-link:hover {\n    text-decoration: underline;\n  }\n<\/style>\n\n<table class=\"schedule-table\">\n  <thead>\n    <tr>\n      <th>Datum & Vrijeme<\/th>\n      <th>Kategorija<\/th>\n      <th>Tim A<\/th>\n      <th>Tim B<\/th>\n      <th>Livestream<\/th>\n    <\/tr>\n  <\/thead>\n  <tbody>\n    <tr><td>19.4.2025 08:00<\/td><td>U12<\/td><td>HUSKIES U12<\/td><td>DINAMO GORIZIA U12<\/td><td><a class=\"watch-link\" href=\"https:\/\/livestats.dcd.shared.geniussports.com\/webcast\/BIH\/2651580\/\" target=\"_blank\">Gledaj<\/a><\/td><\/tr>\n    <tr><td>19.4.2025 08:00<\/td><td>U12<\/td><td>GOR\u0160TAK KOLA\u0160IN U12<\/td><td>BB\u010c MARIBOR U12<\/td><td><a class=\"watch-link\" href=\"https:\/\/livestats.dcd.shared.geniussports.com\/webcast\/BIH\/2651991\/\" target=\"_blank\">Gledaj<\/a><\/td><\/tr>\n    <tr><td>19.4.2025 08:00<\/td><td>U12<\/td><td>HUSKIES U12<\/td><td>DINAMO GORIZIA U12<\/td><td><a class=\"watch-link\" href=\"https:\/\/livestats.dcd.shared.geniussports.com\/webcast\/BIH\/2651992\/\" target=\"_blank\">Gledaj<\/a><\/td><\/tr>\n    <tr><td>19.4.2025 09:00<\/td><td>U12<\/td><td>POBEDNIK 011 U12<\/td><td>ME\u0110IMURJE \u010cAKOVEC U12<\/td><td><a class=\"watch-link\" href=\"https:\/\/livestats.dcd.shared.geniussports.com\/webcast\/BIH\/2651993\/\" target=\"_blank\">Gledaj<\/a><\/td><\/tr>\n    <tr><td>19.4.2025 09:00<\/td><td>U12<\/td><td>KD SLOVAN U12<\/td><td>BUZ STARS U12<\/td><td><a class=\"watch-link\" href=\"https:\/\/livestats.dcd.shared.geniussports.com\/webcast\/BIH\/2651994\/\" target=\"_blank\">Gledaj<\/a><\/td><\/tr>\n    <tr><td>19.4.2025 10:00<\/td><td>U12<\/td><td>GORICA WHITE U12<\/td><td>TRIGLAV KRANJ U12<\/td><td><a class=\"watch-link\" href=\"https:\/\/livestats.dcd.shared.geniussports.com\/webcast\/BIH\/2651995\/\" target=\"_blank\">Gledaj<\/a><\/td><\/tr>\n    <tr><td>19.4.2025 10:00<\/td><td>U12<\/td><td>NYIKSE U12<\/td><td>SPARS U12<\/td><td><a class=\"watch-link\" href=\"https:\/\/livestats.dcd.shared.geniussports.com\/webcast\/BIH\/2651996\/\" target=\"_blank\">Gledaj<\/a><\/td><\/tr>\n    <tr><td>19.4.2025 11:00<\/td><td>U12<\/td><td>ORLI POSTOJNA U12 A<\/td><td>MVP U12<\/td><td><a class=\"watch-link\" href=\"https:\/\/livestats.dcd.shared.geniussports.com\/webcast\/BIH\/2651997\/\" target=\"_blank\">Gledaj<\/a><\/td><\/tr>\n    <tr><td>19.4.2025 11:00<\/td><td>U12<\/td><td>CRIKVENICA U12<\/td><td>ORLI POSTOJNA U12 B<\/td><td><a class=\"watch-link\" href=\"https:\/\/livestats.dcd.shared.geniussports.com\/webcast\/BIH\/2651998\/\" target=\"_blank\">Gledaj<\/a><\/td><\/tr>\n    <tr><td>19.4.2025 12:00<\/td><td>U12<\/td><td>HUSKIES U12<\/td><td>GORICA BLUE U12<\/td><td><a class=\"watch-link\" href=\"https:\/\/livestats.dcd.shared.geniussports.com\/webcast\/BIH\/2651999\/\" target=\"_blank\">Gledaj<\/a><\/td><\/tr>\n    <tr><td>19.4.2025 12:00<\/td><td>U12<\/td><td>GOR\u0160TAK KOLA\u0160IN U12<\/td><td>\u0160BK GALAXY U12<\/td><td><a class=\"watch-link\" href=\"https:\/\/livestats.dcd.shared.geniussports.com\/webcast\/BIH\/2652000\/\" target=\"_blank\">Gledaj<\/a><\/td><\/tr>\n    <tr><td>19.4.2025 13:00<\/td><td>U12<\/td><td>ME\u0110IMURJE \u010cAKOVEC U12<\/td><td>TRIGLAV KRANJ U12<\/td><td><a class=\"watch-link\" href=\"https:\/\/livestats.dcd.shared.geniussports.com\/webcast\/BIH\/2652001\/\" target=\"_blank\">Gledaj<\/a><\/td><\/tr>\n    <tr><td>19.4.2025 13:00<\/td><td>U12<\/td><td>SPARS U12<\/td><td>KD SLOVAN U12<\/td><td><a class=\"watch-link\" href=\"https:\/\/livestats.dcd.shared.geniussports.com\/webcast\/BIH\/2652002\/\" target=\"_blank\">Gledaj<\/a><\/td><\/tr>\n    <tr><td>19.4.2025 14:00<\/td><td>U12<\/td><td>VITEZ U12<\/td><td>GORICA WHITE U12<\/td><td><a class=\"watch-link\" href=\"https:\/\/livestats.dcd.shared.geniussports.com\/webcast\/BIH\/2652003\/\" target=\"_blank\">Gledaj<\/a><\/td><\/tr>\n    <tr><td>19.4.2025 14:00<\/td><td>U12<\/td><td>BUZ STARS U12<\/td><td>GORICA U12<\/td><td><a class=\"watch-link\" href=\"https:\/\/livestats.dcd.shared.geniussports.com\/webcast\/BIH\/2652004\/\" target=\"_blank\">Gledaj<\/a><\/td><\/tr>\n    <tr><td>19.4.2025 15:00<\/td><td>U12<\/td><td>GORICA BLUE U12<\/td><td>CRIKVENICA U12<\/td><td><a class=\"watch-link\" href=\"https:\/\/livestats.dcd.shared.geniussports.com\/webcast\/BIH\/2652005\/\" target=\"_blank\">Gledaj<\/a><\/td><\/tr>\n    <tr><td>19.4.2025 15:00<\/td><td>U12<\/td><td>\u0160BK GALAXY U12<\/td><td>ORLI POSTOJNA U12 A<\/td><td><a class=\"watch-link\" href=\"https:\/\/livestats.dcd.shared.geniussports.com\/webcast\/BIH\/2652006\/\" target=\"_blank\">Gledaj<\/a><\/td><\/tr>\n    <tr><td>19.4.2025 16:00<\/td><td>U12<\/td><td>MVP U12<\/td><td>BB\u010c MARIBOR U12<\/td><td><a class=\"watch-link\" href=\"https:\/\/livestats.dcd.shared.geniussports.com\/webcast\/BIH\/2652007\/\" target=\"_blank\">Gledaj<\/a><\/td><\/tr>\n    <tr><td>19.4.2025 16:00<\/td><td>U12<\/td><td>ORLI POSTOJNA U12 B<\/td><td>DINAMO GORIZIA U12<\/td><td><a class=\"watch-link\" href=\"https:\/\/livestats.dcd.shared.geniussports.com\/webcast\/BIH\/2652008\/\" target=\"_blank\">Gledaj<\/a><\/td><\/tr>\n    <tr><td>19.4.2025 00:00<\/td><td>U12<\/td><td>VITEZ U12<\/td><td>POBEDNIK 011 U12<\/td><td><a class=\"watch-link\" href=\"https:\/\/livestats.dcd.shared.geniussports.com\/webcast\/BIH\/2652009\/\" target=\"_blank\">Gledaj<\/a><\/td><\/tr>\n    <tr><td>19.4.2025 17:00<\/td><td>U12<\/td><td>NYIKSE U12<\/td><td>GORICA U12<\/td><td><a class=\"watch-link\" href=\"https:\/\/livestats.dcd.shared.geniussports.com\/webcast\/BIH\/2652010\/\" target=\"_blank\">Gledaj<\/a><\/td><\/tr>\n  <\/tbody>\n<\/table>\n\t\t<\/div>\n\t\t\t\t<\/div>\n\t\t\t\t\t<\/div>\n\t\t\t\t<\/div>\n\t\t<div class=\"elementor-element elementor-element-1fc1c273 e-flex e-con-boxed e-con e-parent\" data-id=\"1fc1c273\" data-element_type=\"container\" data-settings=\"{&quot;content_width&quot;:&quot;boxed&quot;}\" data-core-v316-plus=\"true\">\n\t\t\t\t\t<div class=\"e-con-inner\">\n\t\t\t\t<div class=\"elementor-element elementor-element-392cbb4d elementor-widget elementor-widget-text-editor\" data-id=\"392cbb4d\" data-element_type=\"widget\" data-widget_type=\"text-editor.default\">\n\t\t\t\t<div class=\"elementor-widget-container\">\n\t\t\t<style>\/*! elementor - v3.19.0 - 07-02-2024 *\/\n.elementor-widget-text-editor.elementor-drop-cap-view-stacked .elementor-drop-cap{background-color:#69727d;color:#fff}.elementor-widget-text-editor.elementor-drop-cap-view-framed .elementor-drop-cap{color:#69727d;border:3px solid;background-color:transparent}.elementor-widget-text-editor:not(.elementor-drop-cap-view-default) .elementor-drop-cap{margin-top:8px}.elementor-widget-text-editor:not(.elementor-drop-cap-view-default) .elementor-drop-cap-letter{width:1em;height:1em}.elementor-widget-text-editor .elementor-drop-cap{float:left;text-align:center;line-height:1;font-size:50px}.elementor-widget-text-editor .elementor-drop-cap-letter{display:inline-block}<\/style>\t\t\t\t<!-- wp:html -->\n<table style=\"width:100%; border-collapse:collapse;\" border=\"1\">\n  <thead>\n    <tr>\n      <th>Datum &#038; Vrijeme<\/th>\n      <th>Broj Utakmice<\/th>\n      <th>Ekipa 1<\/th>\n      <th>Ekipa 2<\/th>\n      <th>Kategorija<\/th>\n      <th>Live Statistika<\/th>\n    <\/tr>\n  <\/thead>\n  <tbody>\n    <tr><td>18.4.2025 08:00<\/td><td>75<\/td><td>GORICA WHITE U12<\/td><td>ME\u0110IMURJE \u010cAKOVEC U12<\/td><td>U12<\/td><td><a href=\"https:\/\/livestats.dcd.shared.geniussports.com\/webcast\/BIH\/2651559\/\" target=\"_blank\">Link<\/a><\/td><\/tr>\n    <tr><td>18.4.2025 08:00<\/td><td>76<\/td><td>CRIKVENICA U12<\/td><td>HUSKIES U12<\/td><td>U12<\/td><td><a href=\"https:\/\/livestats.dcd.shared.geniussports.com\/webcast\/BIH\/2651564\/\" target=\"_blank\">Link<\/a><\/td><\/tr>\n    <tr><td>18.4.2025 09:00<\/td><td>79<\/td><td>GORICA U12<\/td><td>SPARS U12<\/td><td>U12<\/td><td><a href=\"https:\/\/livestats.dcd.shared.geniussports.com\/webcast\/BIH\/2651569\/\" target=\"_blank\">Link<\/a><\/td><\/tr>\n    <tr><td>18.4.2025 10:00<\/td><td>80<\/td><td>KD SLOVAN U14<\/td><td>NYIKSE U12<\/td><td>U12<\/td><td><a href=\"https:\/\/livestats.dcd.shared.geniussports.com\/webcast\/BIH\/2651570\/\" target=\"_blank\">Link<\/a><\/td><\/tr>\n    <tr><td>18.4.2025 10:00<\/td><td>82<\/td><td>BB\u010c MARIBOR U12<\/td><td>\u0160BK GALAXY U12<\/td><td>U12<\/td><td><a href=\"https:\/\/livestats.dcd.shared.geniussports.com\/webcast\/BIH\/2651571\/\" target=\"_blank\">Link<\/a><\/td><\/tr>\n    <tr><td>18.4.2025 11:00<\/td><td>83<\/td><td>ORLI POSTOJNA U12 A<\/td><td>GOR\u0160TAK KOLA\u0160IN U12<\/td><td>U12<\/td><td><a href=\"https:\/\/livestats.dcd.shared.geniussports.com\/webcast\/BIH\/2651572\/\" target=\"_blank\">Link<\/a><\/td><\/tr>\n    <tr><td>18.4.2025 11:00<\/td><td>84<\/td><td>DINAMO GORIZIA U12<\/td><td>GORICA BLUE U12<\/td><td>U12<\/td><td><a href=\"https:\/\/livestats.dcd.shared.geniussports.com\/webcast\/BIH\/2651573\/\" target=\"_blank\">Link<\/a><\/td><\/tr>\n    <tr><td>18.4.2025 12:00<\/td><td>87<\/td><td>POBEDNIK 011 U12<\/td><td>GORICA WHITE U12<\/td><td>U12<\/td><td><a href=\"https:\/\/livestats.dcd.shared.geniussports.com\/webcast\/BIH\/2651574\/\" target=\"_blank\">Link<\/a><\/td><\/tr>\n    <tr><td>18.4.2025 12:00<\/td><td>88<\/td><td>ORLI POSTOJNA U12 B<\/td><td>HUSKIES U12<\/td><td>U12<\/td><td><a href=\"https:\/\/livestats.dcd.shared.geniussports.com\/webcast\/BIH\/2651575\/\" target=\"_blank\">Link<\/a><\/td><\/tr>\n    <tr><td>18.4.2025 13:00<\/td><td>89<\/td><td>ME\u0110IMURJE \u010cAKOVEC U12<\/td><td>VITEZ 12<\/td><td>U12<\/td><td><a href=\"https:\/\/livestats.dcd.shared.geniussports.com\/webcast\/BIH\/2651576\/\" target=\"_blank\">Link<\/a><\/td><\/tr>\n    <tr><td>18.4.2025 13:00<\/td><td>90<\/td><td>SPARS U12<\/td><td>BUZ STARS U12<\/td><td>U12<\/td><td><a href=\"https:\/\/livestats.dcd.shared.geniussports.com\/webcast\/BIH\/2651577\/\" target=\"_blank\">Link<\/a><\/td><\/tr>\n    <tr><td>18.4.2025 14:00<\/td><td>92<\/td><td>GORICA U12<\/td><td>KD SLOVAN U12<\/td><td>U12<\/td><td><a href=\"https:\/\/livestats.dcd.shared.geniussports.com\/webcast\/BIH\/2651578\/\" target=\"_blank\">Link<\/a><\/td><\/tr>\n    <tr><td>18.4.2025 15:00<\/td><td>93<\/td><td>BB\u010c MARIBOR U12<\/td><td>ORLI POSTOJNA U12 A<\/td><td>U12<\/td><td><a href=\"https:\/\/livestats.dcd.shared.geniussports.com\/webcast\/BIH\/2651579\/\" target=\"_blank\">Link<\/a><\/td><\/tr>\n    <tr><td>18.4.2025 14:00<\/td><td>95<\/td><td>\u0160BK GALAXY U12<\/td><td>MVP U12<\/td><td>U12<\/td><td><a href=\"https:\/\/livestats.dcd.shared.geniussports.com\/webcast\/BIH\/2651581\/\" target=\"_blank\">Link<\/a><\/td><\/tr>\n    <tr><td>18.4.2025 16:00<\/td><td>97<\/td><td>TRIGLAV KRANJ U12<\/td><td>VITEZ 12<\/td><td>U12<\/td><td><a href=\"https:\/\/livestats.dcd.shared.geniussports.com\/webcast\/BIH\/2651582\/\" target=\"_blank\">Link<\/a><\/td><\/tr>\n    <tr><td>18.4.2025 09:00<\/td><td>99<\/td><td>TRIGLAV KRANJ U12<\/td><td>POBEDNIK 011 U12<\/td><td>U12<\/td><td><a href=\"https:\/\/livestats.dcd.shared.geniussports.com\/webcast\/BIH\/2651583\/\" target=\"_blank\">Link<\/a><\/td><\/tr>\n    <tr><td>18.4.2025 00:00<\/td><td>100<\/td><td>GORICA BLUE U12<\/td><td>ORLI POSTOJNA U12 B<\/td><td>U12<\/td><td><a href=\"https:\/\/livestats.dcd.shared.geniussports.com\/webcast\/BIH\/2651586\/\" target=\"_blank\">Link<\/a><\/td><\/tr>\n    <tr><td>18.4.2025 17:00<\/td><td>102<\/td><td>MVP U12<\/td><td>GOR\u0160TAK KOLA\u0160IN U12<\/td><td>U12<\/td><td><a href=\"https:\/\/livestats.dcd.shared.geniussports.com\/webcast\/BIH\/2651588\/\" target=\"_blank\">Link<\/a><\/td><\/tr>\n    <tr><td>18.4.2025 17:00<\/td><td>103<\/td><td>BUZ STARS U12<\/td><td>NYIKSE U12<\/td><td>U12<\/td><td><a href=\"https:\/\/livestats.dcd.shared.geniussports.com\/webcast\/BIH\/2651589\/\" target=\"_blank\">Link<\/a><\/td><\/tr>\n  <\/tbody>\n<\/table>\n\n<!-- \/wp:html -->\t\t\t\t\t\t<\/div>\n\t\t\t\t<\/div>\n\t\t\t\t\t<\/div>\n\t\t\t\t<\/div>\n\t\t\t\t<\/div>\n\t\t","protected":false},"excerpt":{"rendered":"<p>Match Time Match Number Team 1 Team 2 Match URL 20.4.2025 08:00 330 RADOVLJICA U18 KRVAVEC U18 Link 20.4.2025 09:10 331 \u017dITKO BASKET U18 AS TREN\u010cIN U18 Link 20.4.2025 08:00 332 \u0160BK GALAXY U16 KO\u010cEVJE U16 Link 20.4.2025 08:00 333 OKK \u010cELIK U16 AKK BRANIK U16 Link 20.4.2025 09:10 335 KD SLOVAN U16 BLACK \u0160ENTJUR [&hellip;]<\/p>\n","protected":false},"author":1,"featured_media":0,"parent":0,"menu_order":0,"comment_status":"closed","ping_status":"closed","template":"","meta":{"footnotes":""},"class_list":["post-4215","page","type-page","status-publish","hentry"],"_links":{"self":[{"href":"https:\/\/basketcup.org\/index.php?rest_route=\/wp\/v2\/pages\/4215","targetHints":{"allow":["GET"]}}],"collection":[{"href":"https:\/\/basketcup.org\/index.php?rest_route=\/wp\/v2\/pages"}],"about":[{"href":"https:\/\/basketcup.org\/index.php?rest_route=\/wp\/v2\/types\/page"}],"author":[{"embeddable":true,"href":"https:\/\/basketcup.org\/index.php?rest_route=\/wp\/v2\/users\/1"}],"replies":[{"embeddable":true,"href":"https:\/\/basketcup.org\/index.php?rest_route=%2Fwp%2Fv2%2Fcomments&post=4215"}],"version-history":[{"count":0,"href":"https:\/\/basketcup.org\/index.php?rest_route=\/wp\/v2\/pages\/4215\/revisions"}],"wp:attachment":[{"href":"https:\/\/basketcup.org\/index.php?rest_route=%2Fwp%2Fv2%2Fmedia&parent=4215"}],"curies":[{"name":"wp","href":"https:\/\/api.w.org\/{rel}","templated":true}]}}