{"id":606,"date":"2024-02-22T15:14:25","date_gmt":"2024-02-22T14:14:25","guid":{"rendered":"https:\/\/basketcup.org\/?page_id=606"},"modified":"2026-04-03T23:58:15","modified_gmt":"2026-04-03T21:58:15","slug":"pravila","status":"publish","type":"page","link":"https:\/\/basketcup.org\/?page_id=606","title":{"rendered":"Pravila"},"content":{"rendered":"\t\t<div data-elementor-type=\"wp-page\" data-elementor-id=\"606\" class=\"elementor elementor-606\" data-elementor-post-type=\"page\">\n\t\t\t\t<div class=\"elementor-element elementor-element-2a36426 e-flex e-con-boxed e-con e-parent\" data-id=\"2a36426\" data-element_type=\"container\" data-settings=\"{&quot;content_width&quot;:&quot;boxed&quot;}\" data-core-v316-plus=\"true\">\n\t\t\t\t\t<div class=\"e-con-inner\">\n\t\t\t\t\t<\/div>\n\t\t\t\t<\/div>\n\t\t<div class=\"elementor-element elementor-element-65c4f7d e-flex e-con-boxed e-con e-parent\" data-id=\"65c4f7d\" data-element_type=\"container\" data-settings=\"{&quot;content_width&quot;:&quot;boxed&quot;}\" data-core-v316-plus=\"true\">\n\t\t\t\t\t<div class=\"e-con-inner\">\n\t\t\t\t\t<\/div>\n\t\t\t\t<\/div>\n\t\t\t\t<section class=\"elementor-section elementor-top-section elementor-element elementor-element-6e78c75e elementor-section-content-middle elementor-section-boxed elementor-section-height-default elementor-section-height-default\" data-id=\"6e78c75e\" data-element_type=\"section\" data-settings=\"{&quot;background_background&quot;:&quot;classic&quot;}\">\n\t\t\t\t\t\t<div class=\"elementor-container elementor-column-gap-default\">\n\t\t\t\t\t<div class=\"elementor-column elementor-col-100 elementor-top-column elementor-element elementor-element-4ebe0e18\" data-id=\"4ebe0e18\" data-element_type=\"column\">\n\t\t\t<div class=\"elementor-widget-wrap elementor-element-populated\">\n\t\t\t\t\t\t<div class=\"elementor-element elementor-element-234c00ec envato-kit-138-bracket elementor-widget elementor-widget-heading\" data-id=\"234c00ec\" data-element_type=\"widget\" data-widget_type=\"heading.default\">\n\t\t\t\t<div class=\"elementor-widget-container\">\n\t\t\t<style>\/*! elementor - v3.19.0 - 07-02-2024 *\/\n.elementor-heading-title{padding:0;margin:0;line-height:1}.elementor-widget-heading .elementor-heading-title[class*=elementor-size-]>a{color:inherit;font-size:inherit;line-height:inherit}.elementor-widget-heading .elementor-heading-title.elementor-size-small{font-size:15px}.elementor-widget-heading .elementor-heading-title.elementor-size-medium{font-size:19px}.elementor-widget-heading .elementor-heading-title.elementor-size-large{font-size:29px}.elementor-widget-heading .elementor-heading-title.elementor-size-xl{font-size:39px}.elementor-widget-heading .elementor-heading-title.elementor-size-xxl{font-size:59px}<\/style><h3 class=\"elementor-heading-title elementor-size-default\">14. BASKET CUP<\/h3>\t\t<\/div>\n\t\t\t\t<\/div>\n\t\t\t\t<div class=\"elementor-element elementor-element-591e9a00 elementor-widget elementor-widget-heading\" data-id=\"591e9a00\" data-element_type=\"widget\" data-widget_type=\"heading.default\">\n\t\t\t\t<div class=\"elementor-widget-container\">\n\t\t\t<h2 class=\"elementor-heading-title elementor-size-default\">ZVANI\u010cNA PRAVILA<\/h2>\t\t<\/div>\n\t\t\t\t<\/div>\n\t\t\t\t<div class=\"elementor-element elementor-element-3626c3bd elementor-widget-divider--view-line elementor-widget elementor-widget-divider\" data-id=\"3626c3bd\" data-element_type=\"widget\" data-widget_type=\"divider.default\">\n\t\t\t\t<div class=\"elementor-widget-container\">\n\t\t\t<style>\/*! elementor - v3.19.0 - 07-02-2024 *\/\n.elementor-widget-divider{--divider-border-style:none;--divider-border-width:1px;--divider-color:#0c0d0e;--divider-icon-size:20px;--divider-element-spacing:10px;--divider-pattern-height:24px;--divider-pattern-size:20px;--divider-pattern-url:none;--divider-pattern-repeat:repeat-x}.elementor-widget-divider .elementor-divider{display:flex}.elementor-widget-divider .elementor-divider__text{font-size:15px;line-height:1;max-width:95%}.elementor-widget-divider .elementor-divider__element{margin:0 var(--divider-element-spacing);flex-shrink:0}.elementor-widget-divider .elementor-icon{font-size:var(--divider-icon-size)}.elementor-widget-divider .elementor-divider-separator{display:flex;margin:0;direction:ltr}.elementor-widget-divider--view-line_icon .elementor-divider-separator,.elementor-widget-divider--view-line_text .elementor-divider-separator{align-items:center}.elementor-widget-divider--view-line_icon .elementor-divider-separator:after,.elementor-widget-divider--view-line_icon .elementor-divider-separator:before,.elementor-widget-divider--view-line_text .elementor-divider-separator:after,.elementor-widget-divider--view-line_text .elementor-divider-separator:before{display:block;content:\"\";border-block-end:0;flex-grow:1;border-block-start:var(--divider-border-width) var(--divider-border-style) var(--divider-color)}.elementor-widget-divider--element-align-left .elementor-divider .elementor-divider-separator>.elementor-divider__svg:first-of-type{flex-grow:0;flex-shrink:100}.elementor-widget-divider--element-align-left .elementor-divider-separator:before{content:none}.elementor-widget-divider--element-align-left .elementor-divider__element{margin-left:0}.elementor-widget-divider--element-align-right .elementor-divider .elementor-divider-separator>.elementor-divider__svg:last-of-type{flex-grow:0;flex-shrink:100}.elementor-widget-divider--element-align-right .elementor-divider-separator:after{content:none}.elementor-widget-divider--element-align-right .elementor-divider__element{margin-right:0}.elementor-widget-divider--element-align-start .elementor-divider .elementor-divider-separator>.elementor-divider__svg:first-of-type{flex-grow:0;flex-shrink:100}.elementor-widget-divider--element-align-start .elementor-divider-separator:before{content:none}.elementor-widget-divider--element-align-start .elementor-divider__element{margin-inline-start:0}.elementor-widget-divider--element-align-end .elementor-divider .elementor-divider-separator>.elementor-divider__svg:last-of-type{flex-grow:0;flex-shrink:100}.elementor-widget-divider--element-align-end .elementor-divider-separator:after{content:none}.elementor-widget-divider--element-align-end .elementor-divider__element{margin-inline-end:0}.elementor-widget-divider:not(.elementor-widget-divider--view-line_text):not(.elementor-widget-divider--view-line_icon) .elementor-divider-separator{border-block-start:var(--divider-border-width) var(--divider-border-style) var(--divider-color)}.elementor-widget-divider--separator-type-pattern{--divider-border-style:none}.elementor-widget-divider--separator-type-pattern.elementor-widget-divider--view-line .elementor-divider-separator,.elementor-widget-divider--separator-type-pattern:not(.elementor-widget-divider--view-line) .elementor-divider-separator:after,.elementor-widget-divider--separator-type-pattern:not(.elementor-widget-divider--view-line) .elementor-divider-separator:before,.elementor-widget-divider--separator-type-pattern:not([class*=elementor-widget-divider--view]) .elementor-divider-separator{width:100%;min-height:var(--divider-pattern-height);-webkit-mask-size:var(--divider-pattern-size) 100%;mask-size:var(--divider-pattern-size) 100%;-webkit-mask-repeat:var(--divider-pattern-repeat);mask-repeat:var(--divider-pattern-repeat);background-color:var(--divider-color);-webkit-mask-image:var(--divider-pattern-url);mask-image:var(--divider-pattern-url)}.elementor-widget-divider--no-spacing{--divider-pattern-size:auto}.elementor-widget-divider--bg-round{--divider-pattern-repeat:round}.rtl .elementor-widget-divider .elementor-divider__text{direction:rtl}.e-con-inner>.elementor-widget-divider,.e-con>.elementor-widget-divider{width:var(--container-widget-width,100%);--flex-grow:var(--container-widget-flex-grow)}<\/style>\t\t<div class=\"elementor-divider\">\n\t\t\t<span class=\"elementor-divider-separator\">\n\t\t\t\t\t\t<\/span>\n\t\t<\/div>\n\t\t\t\t<\/div>\n\t\t\t\t<\/div>\n\t\t\t\t<div class=\"elementor-element elementor-element-3e9adee2 elementor-widget elementor-widget-text-editor\" data-id=\"3e9adee2\" data-element_type=\"widget\" data-widget_type=\"text-editor.default\">\n\t\t\t\t<div class=\"elementor-widget-container\">\n\t\t\t<style>\/*! elementor - v3.19.0 - 07-02-2024 *\/\n.elementor-widget-text-editor.elementor-drop-cap-view-stacked .elementor-drop-cap{background-color:#69727d;color:#fff}.elementor-widget-text-editor.elementor-drop-cap-view-framed .elementor-drop-cap{color:#69727d;border:3px solid;background-color:transparent}.elementor-widget-text-editor:not(.elementor-drop-cap-view-default) .elementor-drop-cap{margin-top:8px}.elementor-widget-text-editor:not(.elementor-drop-cap-view-default) .elementor-drop-cap-letter{width:1em;height:1em}.elementor-widget-text-editor .elementor-drop-cap{float:left;text-align:center;line-height:1;font-size:50px}.elementor-widget-text-editor .elementor-drop-cap-letter{display:inline-block}<\/style>\t\t\t\t<p>\u00a0<\/p><p style=\"text-align: left;\"><strong>Turnir se igra po oficijelnim Fiba pravilima igre izuzev:<\/strong><br \/>Trajanja cetvrtina 4\u00d78 minuta za sve kategorije.<\/p><ul><li style=\"text-align: left;\">Lopte U12 I U13 velicina 6<\/li><li style=\"text-align: left;\">U14, U16 I U18 velicina 7.<\/li><\/ul><p style=\"text-align: left;\">Ukoliko postoji semafor koji ne mo\u017ee ta\u010dno da vrati sat na vrijeme za napad, u dogovoru sa sudijama i komesarom ili koordinatorom ekipa bit \u0107e saop\u0161teno na koji na\u010din se \u0107e mjeriti preostalo vrijeme za napad.<\/p><p><strong>U slu\u010daju produ\u017eetaka igra se 3 minute nadoknade.<\/strong><br \/>Ekipa ispunjava bonus kada napravi 3 faula, svaki sljede\u0107i faul sankcioni\u0161e se slobodnim bacanjem.<br \/>Izme\u0111u prve i druge \u2013 tre\u0107e i \u010detvrte \u010detvrtine pauza iznosi 1 minut.<br \/>Poluvrijeme traje 2 minute.<br \/>Utakmice se igraju sa<\/p><ul><li>loptama 7 U14, U16 I U18.<\/li><li>a za uzrast U13,U12 loptama velicine 6.<\/li><\/ul><p style=\"text-align: left;\"><strong>U svim kategorijama \u017eenskih ekipa koristi se lopta veli\u010dine 6.<\/strong><\/p><p style=\"text-align: left;\">\u2013 Ekipa ima pravo na jedan time out po poluvremenu, dakle DVA ukupno na utakmici<br \/>\u2013 Pravo nastupa na utakmici ima najvi\u0161e 15 igra\u010da\/igra\u010dica<br \/>\u2013 Nije dozvoljeno ekipama da budu mje\u0161tovite s obzirom da postoji posebno takmi\u010denje za djevoj\u010dice, a poseno za dje\u010dake<br \/>\u2013 Ekipa ne mo\u017ee da po\u010dne utakmicu sa manje od 10 igra\u010da &#8211; kategorija U12<br \/>\u2013 U toku utakmice na klupi mogu da budu maksimalno dva trenera (ili slu\u017ebeni predstavnik kluba i trener)<br \/>Samo glavni trener smije da vodi utakmicu.<br \/>\u2013 Igra\u010d koji napravi 4 li\u010dne gre\u0161ke mora da napusti teren,i nije mu dozvoljeno da nastavi sa igrom.<br \/>\u2013 Utakmice sude po dva suca po trenutno slu\u017eebenim pravilima.<\/p><p style=\"text-align: left;\">Kako bi se omogu\u0107ilo svakom igra\u010du da igra najmanje jednu \u010detvrtinu, da ima pravo na gre\u0161ku i slobodu u igri, turnir se igraju po sljede\u0107im pravilima. (pasarela)<br \/>PRAVILA:<br \/>MU12<br \/>PRVU \u010cETVRTINU IGRAJU IGRA\u010cI (1.2.3.4.5)<br \/>SA JEDOM ILI DVIJE IZMJENE NPR IGRA\u010cA 11.12<\/p><p style=\"text-align: left;\">DRUGU \u010cETVRTINU Igraju IGRACI (6.7.8.9.10),IZMJENE 13,14, ili 15.<br \/>U ZAVISNOSTI OD BROJA PRIJAVLJENIH IGRA\u010cA.<\/p><p style=\"text-align: left;\">STROGO JE ZABRANJENO<br \/>NA UTAKMICAMA MINI BASKETA, PREDPIONIRA\/ I PIONIRA<br \/>\u2022 IGRANJE PICK AND ROLL-A I PICK AND POP-A \u2013 BILO KOJE VRSTE<br \/>\u2022 IGRANJE URU\u010cENJA \u2013 KADA IGRA\u010c OSTANE U MESTU NAKON URU\u010cENJA I ZADR\u017dI ODBRAMBENOG IGRA\u010cA U BLOKU.<br \/>DOZVOLJENO JE IGRANJE URU\u010cENJA KADA IGRA\u010c (KOJI URU\u010cUJE LOPTU) NAKON URU\u010cENJA NASTAVI KRETANJE I NEMA KONTAKT SA ODBRAMBENIM IGRA\u010cEM.<br \/>\u2022 IGRANJE ZONSKE ODBRANE, ZONSKOG PRESINGA, KOMBINOVANE ODBRANE I SLI\u010cNIH ODBRAMBENIH OPCIJA<br \/>Pomijeranje u odbrani \u2013 najudaljeniji odbrambeni igra\u010d (od lopte) mo\u017ee biti udaljen maksimalno dva metra od svog igra\u010da u situaciji kada se vr\u0161i pomeranje ka lopti. Igra\u010di koji su bli\u017ee lopti moraju striktno da brane svog igra\u010da, odnosno da budu na liniji dodavanja.<br \/>Ponavljamo \u2013 bilo kakva vrsta zoniranja nije dozvoljena, jer je na\u0161 cilj da imamo i edukaciju djece, a ne samo rezultat na turniru.<br \/>VA\u017dNO: IGRA\u010c MO\u017dE SE PRIMI\u0160LJAVATI SAMO U SLU\u010cAJU DA SE POMIJERA I VRA\u0106A NA SVOG IGRA\u010cA I TO SAMO ISKLJU\u010cIVO U DRUGOM POLJU NAPADA (BLI\u017dE KO\u0160U KOJI ODBRANA BRANI). TO ZNA\u010cI DA NIJE DOZVOLJENO UDVAJANJE U PRVOM POLJU!!!<br \/>\u2022 Preuzimanje \u2013 dozvoljeno, sve dok se ne koristi kao kombinovana odbrana koja izgleda kao preuzimanje \u2013 to \u0107e se ka\u017enjavati TEHNI\u010cKOM GRE\u0160KOM.<br \/>\u2022 BILO KAKVO KONTINUIRANO UDVJANJE ILI VI\u0160E UZASTOPNIH UDVAJANJA NA IGRA\u010cA SA LOPTOM.<br \/>\u2022 DOZVOLJENO JE IGRANJE PRESINGA NA POLA TERENA U SLU\u010cAJU KADA ODBRAMBENI IGRA\u010c BRANI ISKLJU\u010cIVO SVOG IGRA\u010cA\u2026<br \/>BILO KAKAV POKU\u0160AJ UDVAJANJA IGRA\u010cA PO TERENU SMATRA SE ZONSKIM PRESINGOM \u2013 ZA KOJI SMO REKLI DA NIJE DOZVOLJEN.<\/p><p style=\"text-align: left;\">UKOLIKO SE DOGODI DA SE BILO KOJE OD PRAVILA PREK\u0160I (IGRANJEM ZONE) KONTINUIRANO UDVAJANJE, IGRANJE PNR PNP,SUDIJA JE DU\u017dAN DA PRVI PUT OPOMENE KLUPU I TRENERA SVAKE EKIPE, SVAKA SLJEDE\u0106A OPOMENA- TEHNI\u010cKA KLUPI.<\/p><p style=\"text-align: left;\">\u2022 SVAKA OD GORE TRI NAVEDENE STAVKE POVLA\u010cI SA SOBOM AUTOMATSKU DISKVALIFIKACIJU EKIPE SA TURNIRA.<\/p><p style=\"text-align: left;\">\u2022 NEPRISTOJNO I NASILNI\u010cKO PONA\u0160ANJE TRENERA PREMA IGRA\u010cIMA SVOG ILI SUPARNI\u010cKOG TIMA<br \/>\u2022 OMALOVA\u017dAVANJE PROTIVNIKA, SUDIJA, POMO\u0106NIH SUDIJA I ORGANIZATORA NA BILO KOJI NA\u010cIN OD STRANE TRENERA, STRU\u010cNOG \u0160TABA I IGRA\u010cA<br \/>Turnir \u201eBasket Cup\u201c je napravljen da bi se promovisala ko\u0161arka i treneri timova koji kvalitetno rade sa djecom. Uvo\u0111enje \u010dlanova druge ekipe u sastav takmi\u010denja nije fer i nije sportski potez, a osim toga kosi se sa Pravilima turnira.<br \/>DISKVALIFIKOVA\u0106EMO SVAKU EKIPU AKO USTANOVIMO \u2013 DOBIJEMO INFORMACIJU \u2013 DA KORISTE IGRA\u010cE STARIJE OD UZRASNE KATEGORIJE, ODNOSNO ONE KOJI NISU \u010cLANOVI NJIHOVE EKIPE.<br \/>DISKVALIFIKACIJA \u0106E BITI TRENUTNA \u2013 BEZ OBZIRA DA LI JE TURNIR PO\u010cEO ILI JE U TOKU. OVE INFORMACIJE NE\u0106EMO PRIHVATATI NI OD BILO KOG DRUGOG VAN ORGANIZACIONOG TIMA TURNIRA.<\/p><p>.<\/p><h5 style=\"text-align: left;\" data-start=\"1270\" data-end=\"1316\"><strong data-start=\"1274\" data-end=\"1314\">Dostavljanje dokaza o godi\u0161tu igra\u010da<\/strong><\/h5><p style=\"text-align: left;\" data-start=\"1317\" data-end=\"1523\">Na zahtjev trenera ili sluzbenog predstavnika kluba, ekipe su <strong data-start=\"1351\" data-end=\"1458\">du\u017ene dostaviti dokaz o godi\u0161tu igra\u010da\/igra\u010dice (paso\u0161) najkasnije u roku od sat vremena nakon utakmice<\/strong>. U suprotnom, takmi\u010darska komisija <strong data-start=\"1494\" data-end=\"1520\">\u0107e sankcionisati ekipu<\/strong>.<\/p><p style=\"text-align: left;\"><em>Nadamo se da \u0107emo ovaj turnir odr\u017eati u fer<\/em><br \/><em>play i sportskoj atmosferi,a svaki oblik kontrole, protestovanja<\/em><br \/><em>pravila i pona\u0161anja je zabranjen.<\/em><\/p><p style=\"text-align: left;\" data-start=\"1317\" data-end=\"1523\">\u00a0<\/p>\t\t\t\t\t\t<\/div>\n\t\t\t\t<\/div>\n\t\t\t\t\t<\/div>\n\t\t<\/div>\n\t\t\t\t\t<\/div>\n\t\t<\/section>\n\t\t<div class=\"elementor-element elementor-element-866c67b e-flex e-con-boxed e-con e-parent\" data-id=\"866c67b\" data-element_type=\"container\" data-settings=\"{&quot;content_width&quot;:&quot;boxed&quot;}\" data-core-v316-plus=\"true\">\n\t\t\t\t\t<div class=\"e-con-inner\">\n\t\t\t\t\t<\/div>\n\t\t\t\t<\/div>\n\t\t\t\t<\/div>\n\t\t","protected":false},"excerpt":{"rendered":"<p>14. BASKET CUP ZVANI\u010cNA PRAVILA \u00a0 Turnir se igra po oficijelnim Fiba pravilima igre izuzev:Trajanja cetvrtina 4\u00d78 minuta za sve kategorije. Lopte U12 I U13 velicina 6 U14, U16 I U18 velicina 7. Ukoliko postoji semafor koji ne mo\u017ee ta\u010dno da vrati sat na vrijeme za napad, u dogovoru sa sudijama i komesarom ili koordinatorom [&hellip;]<\/p>\n","protected":false},"author":1,"featured_media":0,"parent":0,"menu_order":0,"comment_status":"closed","ping_status":"closed","template":"","meta":{"footnotes":""},"class_list":["post-606","page","type-page","status-publish","hentry"],"_links":{"self":[{"href":"https:\/\/basketcup.org\/index.php?rest_route=\/wp\/v2\/pages\/606","targetHints":{"allow":["GET"]}}],"collection":[{"href":"https:\/\/basketcup.org\/index.php?rest_route=\/wp\/v2\/pages"}],"about":[{"href":"https:\/\/basketcup.org\/index.php?rest_route=\/wp\/v2\/types\/page"}],"author":[{"embeddable":true,"href":"https:\/\/basketcup.org\/index.php?rest_route=\/wp\/v2\/users\/1"}],"replies":[{"embeddable":true,"href":"https:\/\/basketcup.org\/index.php?rest_route=%2Fwp%2Fv2%2Fcomments&post=606"}],"version-history":[{"count":0,"href":"https:\/\/basketcup.org\/index.php?rest_route=\/wp\/v2\/pages\/606\/revisions"}],"wp:attachment":[{"href":"https:\/\/basketcup.org\/index.php?rest_route=%2Fwp%2Fv2%2Fmedia&parent=606"}],"curies":[{"name":"wp","href":"https:\/\/api.w.org\/{rel}","templated":true}]}}